{"id":6093,"date":"2026-02-03T16:04:23","date_gmt":"2026-02-03T14:04:23","guid":{"rendered":"https:\/\/demo8.izveide.id.lv\/?post_type=product&#038;p=6093"},"modified":"2026-03-26T15:00:30","modified_gmt":"2026-03-26T13:00:30","slug":"flamil-50-super","status":"publish","type":"product","link":"https:\/\/e-flore.store\/de\/produkt\/flamil-50-super\/","title":{"rendered":"Flamil 50 Super"},"content":{"rendered":"<p><img decoding=\"async\" style=\"width: 100%; height: auto; display: block;\" src=\"\/wp-content\/uploads\/2026\/01\/0050-PARENT_desc.jpg\" \/><\/p>\n<div id=\"eflore-spacer-v55\" style=\"height: 0px; clear: both; width: 100%; display: block;\"><\/div>\n<p style=\"margin-bottom: 10px; margin-top: 30px;\"><strong>FETT- UND EIWEI\u00dfL<\/strong><strong>\u00d6<\/strong><strong>SER\u00a0F<\/strong><strong>\u00dc<\/strong><strong>R DEN LEBENSMITTELBEREICH<\/strong><\/p>\n<p style=\"margin-bottom: 10px; margin-top: 30px;\"><strong>FLAMIL\u00ae 50 SUPER<\/strong><\/p>\n<p style=\"margin-bottom: 8px; margin-top: 0px; line-height: 1.6;\">Produkt hinterl\u00e4sst eine saubere, fettfreie Oberfl\u00e4che und ist auch zur Entfernung von Nikotinablagerungen und Insekten von Fahrzeugen hervorragend geeignet. FLAMIL\u00ae 50 SUPER kann zur Allzweckreinigung verwendet werden und ist in jedem Verh\u00e4ltnis mit Wasser mischbar. Auch bei hoher Wasserh\u00e4rte ist FLAMIL\u00ae 50 SUPER voll wirksam. Das Produkt ist wasserl\u00f6slich, frei von AOX, EDTA und NTA.<\/p>\n<p style=\"margin-bottom: 10px; margin-top: 30px;\"><strong>ANWENDUNGSBEREICHE<\/strong><\/p>\n<p style=\"margin-bottom: 8px; margin-top: 0px; line-height: 1.6;\">Dunstabzugshauben, Decken, W\u00e4nde, Fu\u00dfb\u00f6den, Polster, alle Fl\u00e4chen aus Kunststoff, Holz, Glas, Aluminium, Keramik etc.<\/p>\n<p style=\"margin-bottom: 10px; margin-top: 30px;\"><strong>VERARBEITUNGSHINWEISE<\/strong><\/p>\n<p style=\"margin-bottom: 8px; margin-top: 0px; line-height: 1.6;\">FLAMIL\u00ae 50 SUPER ist ein Konzentrat und muss deshalb je nach Einsatzbereich und Verschmutzungsgrad mit Wasser verd\u00fcnnt werden. Eine Wassertemperatur von 50 bis 60 \u00b0C erh\u00f6ht die Reinigungskraft. FLAMIL\u00ae 50 SUPER ist zum Einsatz in HD- und Dampfstrahlger\u00e4ten geeignet.<\/p>\n<p style=\"margin-bottom: 10px; margin-top: 30px;\"><strong>VERD\u00dcNNUNGSEMPFEHLUNGEN<\/strong><\/p>\n<p style=\"margin-bottom: 8px; margin-top: 0px; line-height: 1.6;\">&#8211; im Spr\u00fch-\/Schaumverfahren: 1:10 bis 1:50<\/p>\n<p style=\"margin-bottom: 8px; margin-top: 0px; line-height: 1.6;\">&#8211; im Wischverfahren: 1:100 bis 1:300<\/p>\n<p style=\"margin-bottom: 8px; margin-top: 0px; line-height: 1.6;\">&#8211; in HD-Ger\u00e4ten: 1:100 bis 1:500<\/p>\n<p style=\"margin-bottom: 8px; margin-top: 0px; line-height: 1.6;\">Das Produkt ca. 1 bis 5 Minute(n) einwirken lassen und den gel\u00f6sten Schmutz mittels Lappen, B\u00fcrste, Pinsel oder Wasserstrahl entfernen.<\/p>\n<p style=\"margin-bottom: 10px; margin-top: 30px;\"><strong>WEITERE HINWEISE<\/strong><\/p>\n<p style=\"margin-bottom: 8px; margin-top: 0px; line-height: 1.6;\">Vor dem Einsatz auf nicht genannten Materialien Vortest an verdeckter Stelle durchf\u00fchren. Zum Erhalt der Produkteigenschaften FLAMIL\u00ae 50 SUPER frostfrei lagern. Ab einer Anwendungskonzentration von 1:5 ist FLAMIL\u00ae 50 SUPER nicht mehr kennzeichnungspflichtig.<\/p>\n<p style=\"margin-bottom: 8px; margin-top: 0px; line-height: 1.6;\">F\u00fcr eingebrannte Fette empfehlen wir unter anderem: Flamil\u00ae Konvekt (Prod.-Nr. 0007)<\/p>\n<p style=\"margin-bottom: 10px; margin-top: 30px;\"><strong>TECHNISCHE DATEN<\/strong><\/p>\n<p style=\"margin-bottom: 8px; margin-top: 0px; line-height: 1.6;\"><strong>Form<\/strong>: fl\u00fcssig<\/p>\n<p style=\"margin-bottom: 8px; margin-top: 0px; line-height: 1.6;\"><strong>Dichte (20 \u00b0C)<\/strong>: ca. 1,04 g\/cm\u00b3<\/p>\n<p style=\"margin-bottom: 8px; margin-top: 0px; line-height: 1.6;\"><strong>pH-Wert (Konz.)<\/strong>: ca. 11<\/p>\n<p style=\"margin-bottom: 8px; margin-top: 0px; line-height: 1.6;\"><strong>Siedebereich<\/strong>: &gt; 100 \u00b0C<\/p>\n<p style=\"margin-bottom: 8px; margin-top: 0px; line-height: 1.6;\"><strong>INHALTSSTOFFE<\/strong>: anionische und nichtionische Tenside, Phosphat, Alkanolamin und Farbstoffe<\/p>\n","protected":false},"excerpt":{"rendered":"<p>FETT- UND EIWEI\u00dfL\u00d6SER\u00a0F\u00dcR DEN LEBENSMITTELBEREICH FLAMIL\u00ae 50 SUPER Produkt hinterl\u00e4sst eine saubere, fettfreie Oberfl\u00e4che und ist auch zur Entfernung von Nikotinablagerungen und Insekten von Fahrzeugen hervorragend geeignet. FLAMIL\u00ae 50 SUPER kann zur Allzweckreinigung verwendet werden und ist in jedem Verh\u00e4ltnis mit Wasser mischbar. Auch bei hoher Wasserh\u00e4rte ist FLAMIL\u00ae 50 SUPER voll wirksam. Das Produkt&#8230;<\/p>\n","protected":false},"featured_media":6094,"template":"","meta":[],"product_brand":[337],"product_cat":[354,357,360],"product_tag":[],"class_list":{"0":"post-6093","1":"product","2":"type-product","3":"status-publish","4":"has-post-thumbnail","6":"product_brand-flore-chemie","7":"product_cat-flore-chemie-produkte","8":"product_cat-hotel-und-gastronomiegewerbe","9":"product_cat-allzweckreiniger-vollwaschmittel-wartungsmittel","11":"first","12":"instock","13":"shipping-taxable","14":"purchasable","15":"product-type-variable","16":"has-default-attributes"},"_links":{"self":[{"href":"https:\/\/e-flore.store\/de\/wp-json\/wp\/v2\/product\/6093","targetHints":{"allow":["GET"]}}],"collection":[{"href":"https:\/\/e-flore.store\/de\/wp-json\/wp\/v2\/product"}],"about":[{"href":"https:\/\/e-flore.store\/de\/wp-json\/wp\/v2\/types\/product"}],"wp:featuredmedia":[{"embeddable":true,"href":"https:\/\/e-flore.store\/de\/wp-json\/wp\/v2\/media\/6094"}],"wp:attachment":[{"href":"https:\/\/e-flore.store\/de\/wp-json\/wp\/v2\/media?parent=6093"}],"wp:term":[{"taxonomy":"product_brand","embeddable":true,"href":"https:\/\/e-flore.store\/de\/wp-json\/wp\/v2\/product_brand?post=6093"},{"taxonomy":"product_cat","embeddable":true,"href":"https:\/\/e-flore.store\/de\/wp-json\/wp\/v2\/product_cat?post=6093"},{"taxonomy":"product_tag","embeddable":true,"href":"https:\/\/e-flore.store\/de\/wp-json\/wp\/v2\/product_tag?post=6093"}],"curies":[{"name":"wp","href":"https:\/\/api.w.org\/{rel}","templated":true}]}}