{"id":6099,"date":"2026-02-03T16:04:24","date_gmt":"2026-02-03T14:04:24","guid":{"rendered":"https:\/\/demo8.izveide.id.lv\/?post_type=product&#038;p=6099"},"modified":"2026-03-26T15:00:22","modified_gmt":"2026-03-26T13:00:22","slug":"flore-glasklar","status":"publish","type":"product","link":"https:\/\/e-flore.store\/de\/produkt\/flore-glasklar\/","title":{"rendered":"Flore Glasklar"},"content":{"rendered":"<p><img decoding=\"async\" style=\"width: 100%; height: auto; display: block;\" src=\"\/wp-content\/uploads\/2026\/01\/0115-PARENT_desc.jpg\" \/><\/p>\n<div id=\"eflore-spacer-v55\" style=\"height: 0px; clear: both; width: 100%; display: block;\"><\/div>\n<p style=\"margin-bottom: 10px; margin-top: 30px;\"><strong>GLASREINIGER<\/strong><\/p>\n<p style=\"margin-bottom: 10px; margin-top: 30px;\"><strong>FLORE\u00ae GLASKLAR<\/strong><\/p>\n<p style=\"margin-bottom: 8px; margin-top: 0px; line-height: 1.6;\">reinigt m\u00fchelos und streifenfrei, entfernt gr\u00fcndlich Verschmutzungen von Glas- und Spiegeloberfl\u00e4chen.<\/p>\n<p style=\"margin-bottom: 10px; margin-top: 30px;\"><strong>ANWENDUNGSBEREICHE<\/strong><\/p>\n<p style=\"margin-bottom: 8px; margin-top: 0px; line-height: 1.6;\">Fenster, Spiegel, Fliesen, Kunststoff, Edelmetall etc.<\/p>\n<p style=\"margin-bottom: 10px; margin-top: 30px;\"><strong>VERARBEITUNGSHINWEISE<\/strong><\/p>\n<p style=\"margin-bottom: 8px; margin-top: 0px; line-height: 1.6;\">Je nach Art der Verschmutzung unverd\u00fcnnt oder 1:1 mit Wasser verd\u00fcnnt auf die verschmutzte Oberfl\u00e4che aufspr\u00fchen oder mit Lappen oder Schwamm auftragen und mit sauberem, trockenem und fusselfreiem Tuch nachwischen.<\/p>\n<p style=\"margin-bottom: 10px; margin-top: 30px;\"><strong>WEITERER HINWEIS<\/strong><\/p>\n<p style=\"margin-bottom: 8px; margin-top: 0px; line-height: 1.6;\">Zum Erhalt der Produkteigenschaften FLORE\u00ae GLASKLAR frostfrei lagern.<\/p>\n<p style=\"margin-bottom: 10px; margin-top: 30px;\"><strong>TECHNISCHE DATEN<\/strong><\/p>\n<p style=\"margin-bottom: 8px; margin-top: 0px; line-height: 1.6;\"><strong>Form<\/strong>: fl\u00fcssig<\/p>\n<p style=\"margin-bottom: 8px; margin-top: 0px; line-height: 1.6;\"><strong>Dichte (20 \u00b0C)<\/strong>: 0,98 g\/ml<\/p>\n<p style=\"margin-bottom: 8px; margin-top: 0px; line-height: 1.6;\"><strong>pH-Wert (Konz.)<\/strong>: 10<\/p>\n<p style=\"margin-bottom: 8px; margin-top: 0px; line-height: 1.6;\"><strong>Flammpunkt<\/strong>: 49 \u00b0C<\/p>\n<p style=\"margin-bottom: 8px; margin-top: 0px; line-height: 1.6;\"><strong>INHALTSSTOFFE<\/strong>: 2-Propanol, Ammoniak, anionische Tenside, Duft- und Farbstoffe<\/p>\n","protected":false},"excerpt":{"rendered":"<p>GLASREINIGER FLORE\u00ae GLASKLAR reinigt m\u00fchelos und streifenfrei, entfernt gr\u00fcndlich Verschmutzungen von Glas- und Spiegeloberfl\u00e4chen. ANWENDUNGSBEREICHE Fenster, Spiegel, Fliesen, Kunststoff, Edelmetall etc. VERARBEITUNGSHINWEISE Je nach Art der Verschmutzung unverd\u00fcnnt oder 1:1 mit Wasser verd\u00fcnnt auf die verschmutzte Oberfl\u00e4che aufspr\u00fchen oder mit Lappen oder Schwamm auftragen und mit sauberem, trockenem und fusselfreiem Tuch nachwischen. WEITERER HINWEIS Zum&#8230;<\/p>\n","protected":false},"featured_media":6100,"template":"","meta":[],"product_brand":[337],"product_cat":[354,357,360],"product_tag":[],"class_list":{"0":"post-6099","1":"product","2":"type-product","3":"status-publish","4":"has-post-thumbnail","6":"product_brand-flore-chemie","7":"product_cat-flore-chemie-produkte","8":"product_cat-hotel-und-gastronomiegewerbe","9":"product_cat-allzweckreiniger-vollwaschmittel-wartungsmittel","11":"first","12":"instock","13":"shipping-taxable","14":"purchasable","15":"product-type-variable","16":"has-default-attributes"},"_links":{"self":[{"href":"https:\/\/e-flore.store\/de\/wp-json\/wp\/v2\/product\/6099","targetHints":{"allow":["GET"]}}],"collection":[{"href":"https:\/\/e-flore.store\/de\/wp-json\/wp\/v2\/product"}],"about":[{"href":"https:\/\/e-flore.store\/de\/wp-json\/wp\/v2\/types\/product"}],"wp:featuredmedia":[{"embeddable":true,"href":"https:\/\/e-flore.store\/de\/wp-json\/wp\/v2\/media\/6100"}],"wp:attachment":[{"href":"https:\/\/e-flore.store\/de\/wp-json\/wp\/v2\/media?parent=6099"}],"wp:term":[{"taxonomy":"product_brand","embeddable":true,"href":"https:\/\/e-flore.store\/de\/wp-json\/wp\/v2\/product_brand?post=6099"},{"taxonomy":"product_cat","embeddable":true,"href":"https:\/\/e-flore.store\/de\/wp-json\/wp\/v2\/product_cat?post=6099"},{"taxonomy":"product_tag","embeddable":true,"href":"https:\/\/e-flore.store\/de\/wp-json\/wp\/v2\/product_tag?post=6099"}],"curies":[{"name":"wp","href":"https:\/\/api.w.org\/{rel}","templated":true}]}}