{"id":6105,"date":"2026-02-03T16:04:26","date_gmt":"2026-02-03T14:04:26","guid":{"rendered":"https:\/\/demo8.izveide.id.lv\/?post_type=product&#038;p=6105"},"modified":"2026-03-26T15:00:11","modified_gmt":"2026-03-26T13:00:11","slug":"sanox","status":"publish","type":"product","link":"https:\/\/e-flore.store\/de\/produkt\/sanox\/","title":{"rendered":"Sanox"},"content":{"rendered":"<p><img decoding=\"async\" style=\"width: 100%; height: auto; display: block;\" src=\"\/wp-content\/uploads\/2026\/01\/0018-PARENT_desc.jpg\" \/><\/p>\n<div id=\"eflore-spacer-v55\" style=\"height: 0px; clear: both; width: 100%; display: block;\"><\/div>\n<p style=\"margin-bottom: 10px; margin-top: 30px;\"><strong>HOCHLEISTUNGSENTKALKER<\/strong><\/p>\n<p style=\"margin-bottom: 10px; margin-top: 30px;\"><strong>SANOX<\/strong><\/p>\n<p style=\"margin-bottom: 8px; margin-top: 0px; line-height: 1.6;\">l\u00f6st und entfernt schnell und sicher Kalk- und Zementschleier, Urinstein-, Rost-, Magnesium- und sonstige Mineralablagerungen, Oxidschichten, Putzreste und Korrosionsspuren. Dabei reinigt es hygienisch und desodorierend. SANOX wird angewandt in Zementwerken, Wasserwerken, Kl\u00e4ranlagen, Krankenh\u00e4usern, Schwimmb\u00e4dern, Saunen, Hotel- und Gastst\u00e4ttenbetrieben, Schlachth\u00f6fen, Metzgereien, Molkereien, Brauereien etc.<\/p>\n<p style=\"margin-bottom: 10px; margin-top: 30px;\"><strong>ANWENDUNGSBEREICHE<\/strong><\/p>\n<p style=\"margin-bottom: 8px; margin-top: 0px; line-height: 1.6;\">Mauern, W\u00e4nde und B\u00f6den; Chlorierungsanlagen, Duschzellen, Kl\u00e4r- und Klimaanlagen, Kessel, K\u00fchlspiralen, Kunststoffrohrleitungen, Springbrunnen, Sterilisationsapparate etc. Emaille, Porzellan, Glas, Kupfer, Aluminium, Messing und Bronze; Eisen- und Stahlteile.<\/p>\n<p style=\"margin-bottom: 10px; margin-top: 30px;\"><strong>VERARBEITUNGSHINWEISE<\/strong><\/p>\n<p style=\"margin-bottom: 8px; margin-top: 0px; line-height: 1.6;\">SANOX nicht vernebeln! Je nach Verschmutzungsgrad kann SANOX als Konzentrat oder in einer Verd\u00fcnnung von 1:1 bis 1:10 mit kaltem Wasser auf s\u00e4urefesten Materialien im Wisch-, Tauch- oder Schaumverfahren angewandt werden. Anschlie\u00dfend mit Wasser absp\u00fclen.<\/p>\n<p style=\"margin-bottom: 10px; margin-top: 30px;\"><strong>WEITERE HINWEISE<\/strong><\/p>\n<p style=\"margin-bottom: 8px; margin-top: 0px; line-height: 1.6;\">Das unverd\u00fcnnte Produkt kann Legierungen angreifen, daher nicht im Konzentrat auf Chrom und Leichtmetallen anwenden! Vor dem Einsatz auf nicht genannten Materialien Vortest an verdeckter Stelle durchf\u00fchren. Nach dem Entrosten von Metallteilen sind diese mit 5 %iger Natronlauge zu neutralisieren, um sie vor Flugrost zu sch\u00fctzen. Zum Erhalt der Produkteigenschaften SANOX frostfrei lagern. Ab einer Anwendungskonzentration von 1:16 ist SANOX nicht mehr kennzeichnungspflichtig.<\/p>\n<p style=\"margin-bottom: 10px; margin-top: 30px;\"><strong>TECHNISCHE DATEN<\/strong><\/p>\n<p style=\"margin-bottom: 8px; margin-top: 0px; line-height: 1.6;\"><strong>Form<\/strong>: fl\u00fcssig<\/p>\n<p style=\"margin-bottom: 8px; margin-top: 0px; line-height: 1.6;\"><strong>Dichte<\/strong>: 1,04 g\/cm\u00b3<\/p>\n<p style=\"margin-bottom: 8px; margin-top: 0px; line-height: 1.6;\"><strong>Siedebereich<\/strong>: &gt; 100\u00b0C<\/p>\n<p style=\"margin-bottom: 8px; margin-top: 0px; line-height: 1.6;\"><strong>pH-Wert (Konz.)<\/strong>: &lt; 1<\/p>\n<p style=\"margin-bottom: 8px; margin-top: 0px; line-height: 1.6;\"><strong>INHALTSSTOFFE<\/strong>: nichtionische und kationische Tenside, Salzs\u00e4ure, Farb- und Duftstoffe<\/p>\n","protected":false},"excerpt":{"rendered":"<p>HOCHLEISTUNGSENTKALKER SANOX l\u00f6st und entfernt schnell und sicher Kalk- und Zementschleier, Urinstein-, Rost-, Magnesium- und sonstige Mineralablagerungen, Oxidschichten, Putzreste und Korrosionsspuren. Dabei reinigt es hygienisch und desodorierend. SANOX wird angewandt in Zementwerken, Wasserwerken, Kl\u00e4ranlagen, Krankenh\u00e4usern, Schwimmb\u00e4dern, Saunen, Hotel- und Gastst\u00e4ttenbetrieben, Schlachth\u00f6fen, Metzgereien, Molkereien, Brauereien etc. ANWENDUNGSBEREICHE Mauern, W\u00e4nde und B\u00f6den; Chlorierungsanlagen, Duschzellen, Kl\u00e4r- und Klimaanlagen,&#8230;<\/p>\n","protected":false},"featured_media":6106,"template":"","meta":[],"product_brand":[337],"product_cat":[354,357,360],"product_tag":[],"class_list":{"0":"post-6105","1":"product","2":"type-product","3":"status-publish","4":"has-post-thumbnail","6":"product_brand-flore-chemie","7":"product_cat-flore-chemie-produkte","8":"product_cat-hotel-und-gastronomiegewerbe","9":"product_cat-allzweckreiniger-vollwaschmittel-wartungsmittel","11":"first","12":"instock","13":"shipping-taxable","14":"purchasable","15":"product-type-variable","16":"has-default-attributes"},"_links":{"self":[{"href":"https:\/\/e-flore.store\/de\/wp-json\/wp\/v2\/product\/6105","targetHints":{"allow":["GET"]}}],"collection":[{"href":"https:\/\/e-flore.store\/de\/wp-json\/wp\/v2\/product"}],"about":[{"href":"https:\/\/e-flore.store\/de\/wp-json\/wp\/v2\/types\/product"}],"wp:featuredmedia":[{"embeddable":true,"href":"https:\/\/e-flore.store\/de\/wp-json\/wp\/v2\/media\/6106"}],"wp:attachment":[{"href":"https:\/\/e-flore.store\/de\/wp-json\/wp\/v2\/media?parent=6105"}],"wp:term":[{"taxonomy":"product_brand","embeddable":true,"href":"https:\/\/e-flore.store\/de\/wp-json\/wp\/v2\/product_brand?post=6105"},{"taxonomy":"product_cat","embeddable":true,"href":"https:\/\/e-flore.store\/de\/wp-json\/wp\/v2\/product_cat?post=6105"},{"taxonomy":"product_tag","embeddable":true,"href":"https:\/\/e-flore.store\/de\/wp-json\/wp\/v2\/product_tag?post=6105"}],"curies":[{"name":"wp","href":"https:\/\/api.w.org\/{rel}","templated":true}]}}