{"id":6111,"date":"2026-02-03T16:04:27","date_gmt":"2026-02-03T14:04:27","guid":{"rendered":"https:\/\/demo8.izveide.id.lv\/?post_type=product&#038;p=6111"},"modified":"2026-03-26T14:59:58","modified_gmt":"2026-03-26T12:59:58","slug":"flamil-250","status":"publish","type":"product","link":"https:\/\/e-flore.store\/de\/produkt\/flamil-250\/","title":{"rendered":"Flamil 250"},"content":{"rendered":"<p><img decoding=\"async\" style=\"width: 100%; height: auto; display: block;\" src=\"\/wp-content\/uploads\/2026\/01\/0025-PARENT_desc.jpg\" \/><\/p>\n<div id=\"eflore-spacer-v55\" style=\"height: 0px; clear: both; width: 100%; display: block;\"><\/div>\n<p style=\"margin-bottom: 10px; margin-top: 30px;\"><strong>FENSTER- UND GEB\u00c4UDEPFLEGE<\/strong><\/p>\n<p style=\"margin-bottom: 10px; margin-top: 30px;\"><strong>EIGENSCHAFTEN<\/strong><\/p>\n<p style=\"margin-bottom: 8px; margin-top: 0px; line-height: 1.6;\">\u2022 geeignet zur Reinigung aller glatten und spiegelnden Fl\u00e4chen<\/p>\n<p style=\"margin-bottom: 8px; margin-top: 0px; line-height: 1.6;\">\u2022 angenehm im Geruch<\/p>\n<p style=\"margin-bottom: 8px; margin-top: 0px; line-height: 1.6;\">\u2022 l\u00f6st mild und gr\u00fcndlich Fett, Ru\u00df, Siliconr\u00fcckst\u00e4nde, Griffspuren und andere Verschmutzungen<\/p>\n<p style=\"margin-bottom: 8px; margin-top: 0px; line-height: 1.6;\">\u2022 hochkonzentriert<\/p>\n<p style=\"margin-bottom: 8px; margin-top: 0px; line-height: 1.6;\">\u2022 hinterl\u00e4sst eine saubere, schlierenfreie Oberfl\u00e4che<\/p>\n<p style=\"margin-bottom: 10px; margin-top: 30px;\"><strong>EINSATZGEBIETE<\/strong><\/p>\n<p style=\"margin-bottom: 8px; margin-top: 0px; line-height: 1.6;\">Fenster, T\u00fcren, Spiegel, Fenster-scheiben, Marmor, Kacheln, Resopal, Kunststoffe, lackierte Fl\u00e4chen, Licht-kuppeln, M\u00f6belfronten, Jalousien, etc.<\/p>\n<p style=\"margin-bottom: 10px; margin-top: 30px;\"><strong>ANWENDUNG<\/strong><\/p>\n<p style=\"margin-bottom: 8px; margin-top: 0px; line-height: 1.6;\">\u2022 Flamil 250 wird im Tauch- Spr\u00fch- oder Wischverfahren verarbeitet.<\/p>\n<p style=\"margin-bottom: 8px; margin-top: 0px; line-height: 1.6;\">\u2022 Je nach Verschmutzungsgrad 1:100 bis 1:500 mit Wasser verd\u00fcnnen.<\/p>\n<p style=\"margin-bottom: 8px; margin-top: 0px; line-height: 1.6;\">\u2022 Bei Verwendung von hei\u00dfem Wasser kann die Leistung von Flamil 250 noch wesentlich gesteigert werden.<\/p>\n<p style=\"margin-bottom: 8px; margin-top: 0px; line-height: 1.6;\">\u2022 Produkt auftragen, kurz einwirken lassen, den gel\u00f6sten Schmutz mit Lappen, B\u00fcrste oder\u00a0Schwamm entfernen.<\/p>\n<p style=\"margin-bottom: 10px; margin-top: 30px;\"><strong>TECHNISCHE DATEN<\/strong><\/p>\n<p style=\"margin-bottom: 8px; margin-top: 0px; line-height: 1.6;\"><strong>Form<\/strong>: fl\u00fcssig<\/p>\n<p style=\"margin-bottom: 8px; margin-top: 0px; line-height: 1.6;\"><strong>Siedebereich<\/strong>: &gt; 100 \u00b0C<\/p>\n<p style=\"margin-bottom: 8px; margin-top: 0px; line-height: 1.6;\"><strong>Dichte (20 \u00b0C)<\/strong>: ca. 1 g\/cm\u00b3<\/p>\n<p style=\"margin-bottom: 8px; margin-top: 0px; line-height: 1.6;\"><strong>pH-Wert (10 g\/l)<\/strong>: 9,0 &#8211; 9,5<\/p>\n<p style=\"margin-bottom: 8px; margin-top: 0px; line-height: 1.6;\"><strong>INHALTSSTOFFE<\/strong>:\u00a0nichtionische Tenside, Glykol, Ammoniak in Wasser<\/p>\n","protected":false},"excerpt":{"rendered":"<p>FENSTER- UND GEB\u00c4UDEPFLEGE EIGENSCHAFTEN \u2022 geeignet zur Reinigung aller glatten und spiegelnden Fl\u00e4chen \u2022 angenehm im Geruch \u2022 l\u00f6st mild und gr\u00fcndlich Fett, Ru\u00df, Siliconr\u00fcckst\u00e4nde, Griffspuren und andere Verschmutzungen \u2022 hochkonzentriert \u2022 hinterl\u00e4sst eine saubere, schlierenfreie Oberfl\u00e4che EINSATZGEBIETE Fenster, T\u00fcren, Spiegel, Fenster-scheiben, Marmor, Kacheln, Resopal, Kunststoffe, lackierte Fl\u00e4chen, Licht-kuppeln, M\u00f6belfronten, Jalousien, etc. ANWENDUNG \u2022 Flamil&#8230;<\/p>\n","protected":false},"featured_media":6112,"template":"","meta":[],"product_brand":[337],"product_cat":[354,357,360],"product_tag":[],"class_list":{"0":"post-6111","1":"product","2":"type-product","3":"status-publish","4":"has-post-thumbnail","6":"product_brand-flore-chemie","7":"product_cat-flore-chemie-produkte","8":"product_cat-hotel-und-gastronomiegewerbe","9":"product_cat-allzweckreiniger-vollwaschmittel-wartungsmittel","11":"first","12":"instock","13":"shipping-taxable","14":"purchasable","15":"product-type-variable","16":"has-default-attributes"},"_links":{"self":[{"href":"https:\/\/e-flore.store\/de\/wp-json\/wp\/v2\/product\/6111","targetHints":{"allow":["GET"]}}],"collection":[{"href":"https:\/\/e-flore.store\/de\/wp-json\/wp\/v2\/product"}],"about":[{"href":"https:\/\/e-flore.store\/de\/wp-json\/wp\/v2\/types\/product"}],"wp:featuredmedia":[{"embeddable":true,"href":"https:\/\/e-flore.store\/de\/wp-json\/wp\/v2\/media\/6112"}],"wp:attachment":[{"href":"https:\/\/e-flore.store\/de\/wp-json\/wp\/v2\/media?parent=6111"}],"wp:term":[{"taxonomy":"product_brand","embeddable":true,"href":"https:\/\/e-flore.store\/de\/wp-json\/wp\/v2\/product_brand?post=6111"},{"taxonomy":"product_cat","embeddable":true,"href":"https:\/\/e-flore.store\/de\/wp-json\/wp\/v2\/product_cat?post=6111"},{"taxonomy":"product_tag","embeddable":true,"href":"https:\/\/e-flore.store\/de\/wp-json\/wp\/v2\/product_tag?post=6111"}],"curies":[{"name":"wp","href":"https:\/\/api.w.org\/{rel}","templated":true}]}}