{"id":6121,"date":"2026-02-03T16:04:28","date_gmt":"2026-02-03T14:04:28","guid":{"rendered":"https:\/\/demo8.izveide.id.lv\/?post_type=product&#038;p=6121"},"modified":"2026-03-26T14:59:53","modified_gmt":"2026-03-26T12:59:53","slug":"flamil-bio-oel-ex","status":"publish","type":"product","link":"https:\/\/e-flore.store\/de\/produkt\/flamil-bio-oel-ex\/","title":{"rendered":"Flamil Bio-\u00d6l-Ex"},"content":{"rendered":"<p><img decoding=\"async\" class=\"alignnone size-full wp-image-2145\" style=\"width: 100%; height: auto; display: block;\" src=\"\/wp-content\/uploads\/2026\/01\/0402-PARENT_desc.jpg\" alt=\"0402-PARENT\" width=\"100%\" srcset=\"https:\/\/e-flore.store\/wp-content\/uploads\/2026\/01\/0402-PARENT_desc.jpg 800w, https:\/\/e-flore.store\/wp-content\/uploads\/2026\/01\/0402-PARENT_desc-600x450.jpg 600w, https:\/\/e-flore.store\/wp-content\/uploads\/2026\/01\/0402-PARENT_desc-300x225.jpg 300w\" sizes=\"(max-width: 800px) 100vw, 800px\" \/><\/p>\n<div id=\"eflore-spacer-v55\" style=\"height: 0px; clear: both; width: 100%; display: block;\"><\/div>\n<p style=\"margin-bottom: 10px; margin-top: 30px;\"><strong>NATUR<\/strong><strong>\u00d6<\/strong><strong>L- UND BIODIESELENTFERNER<\/strong><\/p>\n<p style=\"margin-bottom: 10px; margin-top: 30px;\"><strong>FLAMIL\u00ae BIO-\u00d6L-EX<\/strong><\/p>\n<p style=\"margin-bottom: 8px; margin-top: 0px; line-height: 1.6;\">ist ein seit Jahren verl\u00e4\u00dflich eingesetzter Reiniger zur komfortablen Oberfl\u00e4chenreinigung, auch ohne mechanische Bearbeitung. FLAMIL\u00ae BIO-\u00d6L-EX l\u00f6st und entfernt schnell und zuverl\u00e4ssig pflanzliche \u00d6le, R\u00fcckst\u00e4nde verschiedenster Biodiesel, Fette, Ru\u00df und Graphit von lackierten Fl\u00e4chen (z.B. Raps\u00f6ltransportfahrzeugen). FLAMIL\u00ae BIO-\u00d6L-EX ist in jedem Verh\u00e4ltnis mit Wasser mischbar, nicht toxisch und enth\u00e4lt keine gef\u00e4hrlichen L\u00f6sungschemikalien. FLAMIL\u00ae BIO-\u00d6L-EX greift erfahrungsgem\u00e4\u00df Eisen, Glas, Buntmetalle, Kunststoffe und lackierte Fl\u00e4chen nicht an. Empfindliche Materialien wie Zink, Aluminium und verseifbare Farbanstriche sind vor Verwendung auf Best\u00e4ndigkeit pr\u00fcfen.<\/p>\n<p style=\"margin-bottom: 10px; margin-top: 30px;\"><strong>ANWENDUNGSBEREICHE<\/strong><\/p>\n<p style=\"margin-bottom: 8px; margin-top: 0px; line-height: 1.6;\">Au\u00dfenreinigung von Tankfahrzeugen, die pflanzliche \u00d6le transportieren; mit Biodiesel verschmutzte B\u00f6den aus Asphalt und Beton.<\/p>\n<p style=\"margin-bottom: 10px; margin-top: 30px;\"><strong>VERARBEITUNGSHINWEISE<\/strong><\/p>\n<p style=\"margin-bottom: 8px; margin-top: 0px; line-height: 1.6;\">FLAMIL\u00ae BIO-\u00d6L-EX ist ein Konzentrat und muss deshalb f\u00fcr die Reinigung 1:3 bis 1:10 mit Wasser verd\u00fcnnt werden, warmes Wasser unterst\u00fctzt in der Regel die Reinigungsleistung. Fl\u00e4chendeckend aufspr\u00fchen, 3 &#8211; 5 Minuten einwirken lassen und mit HD-Ger\u00e4t abstrahlen. Selten ist manueller bzw. maschineller B\u00fcrsteneinsatz erforderlich.<\/p>\n<p style=\"margin-bottom: 10px; margin-top: 30px;\"><strong>WEITERERE HINWEISE<\/strong><\/p>\n<p style=\"margin-bottom: 8px; margin-top: 0px; line-height: 1.6;\">Produkt nicht antrocknen lassen! Zum Erhalt der Produkteigenschaften FLAMIL\u00ae BIO-\u00d6L-EX frostfrei lagern.<\/p>\n<p style=\"margin-bottom: 8px; margin-top: 0px; line-height: 1.6;\">Ab einer Anwendungskonzentration von 1:20 ist FLAMIL\u00ae BIO-\u00d6L-EX nicht mehr kennzeichnungspflichtig.<\/p>\n<p style=\"margin-bottom: 10px; margin-top: 30px;\"><strong>TECHNISCHE DATEN<\/strong><\/p>\n<p style=\"margin-bottom: 8px; margin-top: 0px; line-height: 1.6;\"><strong>Form<\/strong>: fl\u00fcssig<\/p>\n<p style=\"margin-bottom: 8px; margin-top: 0px; line-height: 1.6;\"><strong>Dichte (20 \u00b0C)<\/strong>: 1,04 &#8211; 1,08 g\/ml<\/p>\n<p style=\"margin-bottom: 8px; margin-top: 0px; line-height: 1.6;\"><strong>pH-Wert<\/strong>: 10,5 &#8211; 11,5<\/p>\n<p style=\"margin-bottom: 8px; margin-top: 0px; line-height: 1.6;\"><strong>INHALTSSTOFFE<\/strong>: anionische und nichtionische Tenside, Phosphate, Komplexbildner, Kaliumhydroxid<\/p>\n","protected":false},"excerpt":{"rendered":"<p>NATUR\u00d6L- UND BIODIESELENTFERNER FLAMIL\u00ae BIO-\u00d6L-EX ist ein seit Jahren verl\u00e4\u00dflich eingesetzter Reiniger zur komfortablen Oberfl\u00e4chenreinigung, auch ohne mechanische Bearbeitung. FLAMIL\u00ae BIO-\u00d6L-EX l\u00f6st und entfernt schnell und zuverl\u00e4ssig pflanzliche \u00d6le, R\u00fcckst\u00e4nde verschiedenster Biodiesel, Fette, Ru\u00df und Graphit von lackierten Fl\u00e4chen (z.B. Raps\u00f6ltransportfahrzeugen). FLAMIL\u00ae BIO-\u00d6L-EX ist in jedem Verh\u00e4ltnis mit Wasser mischbar, nicht toxisch und enth\u00e4lt keine&#8230;<\/p>\n","protected":false},"featured_media":6122,"template":"","meta":[],"product_brand":[337],"product_cat":[354,357,360],"product_tag":[],"class_list":{"0":"post-6121","1":"product","2":"type-product","3":"status-publish","4":"has-post-thumbnail","6":"product_brand-flore-chemie","7":"product_cat-flore-chemie-produkte","8":"product_cat-hotel-und-gastronomiegewerbe","9":"product_cat-allzweckreiniger-vollwaschmittel-wartungsmittel","11":"first","12":"instock","13":"shipping-taxable","14":"purchasable","15":"product-type-variable","16":"has-default-attributes"},"_links":{"self":[{"href":"https:\/\/e-flore.store\/de\/wp-json\/wp\/v2\/product\/6121","targetHints":{"allow":["GET"]}}],"collection":[{"href":"https:\/\/e-flore.store\/de\/wp-json\/wp\/v2\/product"}],"about":[{"href":"https:\/\/e-flore.store\/de\/wp-json\/wp\/v2\/types\/product"}],"wp:featuredmedia":[{"embeddable":true,"href":"https:\/\/e-flore.store\/de\/wp-json\/wp\/v2\/media\/6122"}],"wp:attachment":[{"href":"https:\/\/e-flore.store\/de\/wp-json\/wp\/v2\/media?parent=6121"}],"wp:term":[{"taxonomy":"product_brand","embeddable":true,"href":"https:\/\/e-flore.store\/de\/wp-json\/wp\/v2\/product_brand?post=6121"},{"taxonomy":"product_cat","embeddable":true,"href":"https:\/\/e-flore.store\/de\/wp-json\/wp\/v2\/product_cat?post=6121"},{"taxonomy":"product_tag","embeddable":true,"href":"https:\/\/e-flore.store\/de\/wp-json\/wp\/v2\/product_tag?post=6121"}],"curies":[{"name":"wp","href":"https:\/\/api.w.org\/{rel}","templated":true}]}}