{"id":6133,"date":"2026-02-03T16:04:30","date_gmt":"2026-02-03T14:04:30","guid":{"rendered":"https:\/\/demo8.izveide.id.lv\/?post_type=product&#038;p=6133"},"modified":"2026-03-26T14:59:40","modified_gmt":"2026-03-26T12:59:40","slug":"florin-summer-breeze","status":"publish","type":"product","link":"https:\/\/e-flore.store\/de\/produkt\/florin-summer-breeze\/","title":{"rendered":"Florin Summer Breeze"},"content":{"rendered":"<p><img decoding=\"async\" style=\"width: 100%; height: auto; display: block;\" src=\"\/wp-content\/uploads\/2026\/01\/0833-PARENT_desc.jpg\" \/><\/p>\n<div id=\"eflore-spacer-v55\" style=\"height: 0px; clear: both; width: 100%; display: block;\"><\/div>\n<p style=\"margin-bottom: 10px; margin-top: 30px;\"><strong>ALKOHOLREINIGER\u00a0F\u00dcR\u00a0ALLE WASSERVERT\u00c4GLICHEN OBERFL\u00c4CHEN<\/strong><\/p>\n<p style=\"margin-bottom: 10px; margin-top: 30px;\"><strong>FLORIN\u00ae SUMMER BREEZE<\/strong><\/p>\n<p style=\"margin-bottom: 8px; margin-top: 0px; line-height: 1.6;\">reinigt und erfrischt zugleich alle wasservertr\u00e4glichen Fl\u00e4chen, verhilft ihnen zu strahlendem, streifenfreiem Glanz und besonders lange w\u00e4hrendem Duft. FLORIN\u00ae SUMMER BREEZE ist der ideale Reiniger zur Behandlung aller empfindlichen Oberfl\u00e4chen, einfach in der Anwendung, dabei haut- und materialschonend.<\/p>\n<p style=\"margin-bottom: 10px; margin-top: 30px;\"><strong>ANWENDUNGSBEREICHE<\/strong><\/p>\n<p style=\"margin-bottom: 8px; margin-top: 0px; line-height: 1.6;\">W\u00e4nde, Bodenbel\u00e4ge aller Art, Fliesen, Glas, Kacheln, Kunststoffe, glasierte Fl\u00e4chen, Resopal etc.<\/p>\n<p style=\"margin-bottom: 10px; margin-top: 30px;\"><strong>VERARBEITUNGSHINWEISE<\/strong><\/p>\n<p style=\"margin-bottom: 8px; margin-top: 0px; line-height: 1.6;\">FLORIN\u00ae SUMMER BREEZE eignet sich bestens sowohl zur manuellen wie auch zur maschinellen Reinigung.<\/p>\n<p style=\"margin-bottom: 8px; margin-top: 0px; line-height: 1.6;\">FLORIN\u00ae SUMMER BREEZE ist je nach Anwendung 1:200 bis 1:400 (d.h. 20-40 ml auf 8 l) mit Wasser zu verd\u00fcnnen.<\/p>\n<p style=\"margin-bottom: 10px; margin-top: 30px;\"><strong>WEITERER HINWEIS<\/strong><\/p>\n<p style=\"margin-bottom: 8px; margin-top: 0px; line-height: 1.6;\">Zum Erhalt der Produkteigenschaften FLORIN\u00ae SUMMER BREEZE frostfrei lagern. Ab einer Anwendungskonzentration von 1:5 ist FLORIN\u00ae SUMMER BREEZE nicht mehr kennzeichnungspflichtig.<\/p>\n<p style=\"margin-bottom: 10px; margin-top: 30px;\"><strong>TECHNISCHE DATEN<\/strong><\/p>\n<p style=\"margin-bottom: 8px; margin-top: 0px; line-height: 1.6;\"><strong>Form<\/strong>: fl\u00fcssig<\/p>\n<p style=\"margin-bottom: 8px; margin-top: 0px; line-height: 1.6;\"><strong>Flammbereich<\/strong>: 40-45 \u00b0C<\/p>\n<p style=\"margin-bottom: 8px; margin-top: 0px; line-height: 1.6;\"><strong>INHALTSSTOFFE<\/strong>: amphotere Tenside, Alkohole, Parfum\u00f6le, Farbstoffe<\/p>\n","protected":false},"excerpt":{"rendered":"<p>ALKOHOLREINIGER\u00a0F\u00dcR\u00a0ALLE WASSERVERT\u00c4GLICHEN OBERFL\u00c4CHEN FLORIN\u00ae SUMMER BREEZE reinigt und erfrischt zugleich alle wasservertr\u00e4glichen Fl\u00e4chen, verhilft ihnen zu strahlendem, streifenfreiem Glanz und besonders lange w\u00e4hrendem Duft. FLORIN\u00ae SUMMER BREEZE ist der ideale Reiniger zur Behandlung aller empfindlichen Oberfl\u00e4chen, einfach in der Anwendung, dabei haut- und materialschonend. ANWENDUNGSBEREICHE W\u00e4nde, Bodenbel\u00e4ge aller Art, Fliesen, Glas, Kacheln, Kunststoffe, glasierte Fl\u00e4chen,&#8230;<\/p>\n","protected":false},"featured_media":6134,"template":"","meta":[],"product_brand":[337],"product_cat":[360,354,357],"product_tag":[],"class_list":{"0":"post-6133","1":"product","2":"type-product","3":"status-publish","4":"has-post-thumbnail","6":"product_brand-flore-chemie","7":"product_cat-allzweckreiniger-vollwaschmittel-wartungsmittel","8":"product_cat-flore-chemie-produkte","9":"product_cat-hotel-und-gastronomiegewerbe","11":"first","12":"instock","13":"shipping-taxable","14":"purchasable","15":"product-type-variable","16":"has-default-attributes"},"_links":{"self":[{"href":"https:\/\/e-flore.store\/de\/wp-json\/wp\/v2\/product\/6133","targetHints":{"allow":["GET"]}}],"collection":[{"href":"https:\/\/e-flore.store\/de\/wp-json\/wp\/v2\/product"}],"about":[{"href":"https:\/\/e-flore.store\/de\/wp-json\/wp\/v2\/types\/product"}],"wp:featuredmedia":[{"embeddable":true,"href":"https:\/\/e-flore.store\/de\/wp-json\/wp\/v2\/media\/6134"}],"wp:attachment":[{"href":"https:\/\/e-flore.store\/de\/wp-json\/wp\/v2\/media?parent=6133"}],"wp:term":[{"taxonomy":"product_brand","embeddable":true,"href":"https:\/\/e-flore.store\/de\/wp-json\/wp\/v2\/product_brand?post=6133"},{"taxonomy":"product_cat","embeddable":true,"href":"https:\/\/e-flore.store\/de\/wp-json\/wp\/v2\/product_cat?post=6133"},{"taxonomy":"product_tag","embeddable":true,"href":"https:\/\/e-flore.store\/de\/wp-json\/wp\/v2\/product_tag?post=6133"}],"curies":[{"name":"wp","href":"https:\/\/api.w.org\/{rel}","templated":true}]}}