{"id":6139,"date":"2026-02-03T16:04:31","date_gmt":"2026-02-03T14:04:31","guid":{"rendered":"https:\/\/demo8.izveide.id.lv\/?post_type=product&#038;p=6139"},"modified":"2026-02-18T15:18:08","modified_gmt":"2026-02-18T13:18:08","slug":"alk-40-ci","status":"publish","type":"product","link":"https:\/\/e-flore.store\/de\/produkt\/alk-40-ci\/","title":{"rendered":"ALK 40 CI"},"content":{"rendered":"<p><img decoding=\"async\" style=\"width: 100%; height: auto; display: block;\" src=\"\/wp-content\/uploads\/2026\/01\/P040-PARENT_desc.jpg\" \/><\/p>\n<div id=\"eflore-spacer-v55\" style=\"height: 0px; clear: both; width: 100%; display: block;\"><\/div>\n<p style=\"margin-bottom: 10px; margin-top: 30px;\"><strong>MEHRZWECKREINIGER F\u00dcR ABWASCHBARE OBERFL\u00c4CHEN<\/strong><\/p>\n<p style=\"margin-bottom: 10px; margin-top: 30px;\"><strong>Hauptmerkmale<\/strong><\/p>\n<p style=\"margin-bottom: 8px; margin-top: 0px; line-height: 1.6;\">Universelles Reinigungsmittel zum Entfernen von Fett, \u00d6l, starken Verschmutzungen, eingetrocknetem Schmutz, hartn\u00e4ckigen Flecken, Speiseresten usw. Es kann auf fast allen Oberfl\u00e4chen verwendet werden, auf denen Wasser verwendet werden kann, da es keine starken Laugen oder L\u00f6sungsmittel auf Kohlenwasserstoffbasis enth\u00e4lt. Da es wenig sch\u00e4umt, l\u00e4sst es sich leicht absp\u00fclen und kann auch in Maschinen (Bodenreinigern, Hochdruckreinigern usw.) verwendet werden.<\/p>\n<p style=\"margin-bottom: 10px; margin-top: 30px;\"><strong>Anwendungsbereiche<\/strong><\/p>\n<p style=\"margin-bottom: 8px; margin-top: 0px; line-height: 1.6;\">Da es sich um ein Universalprodukt handelt, kann es in vielen Bereichen und auf fast allen abwaschbaren Oberfl\u00e4chen verwendet werden: Kunststoffe, Metalle, Harze, lackierte Oberfl\u00e4chen, Fliesen, Porzellan, lasierte Oberfl\u00e4chen, Tapeten usw.<\/p>\n<p style=\"margin-bottom: 10px; margin-top: 30px;\"><strong>Benutzerhinweise<\/strong><\/p>\n<p style=\"margin-bottom: 8px; margin-top: 0px; line-height: 1.6;\">Das Produkt sollte je nach Art und Menge des Schmutzes im Verh\u00e4ltnis 1:1 bis 1:10 verd\u00fcnnt werden. Die L\u00f6sung kann aufgespr\u00fcht, mit einem Tuch oder einer B\u00fcrste aufgetragen werden. Nach dem Auftragen etwa eine Minute warten und die Oberfl\u00e4che anschlie\u00dfend bei Bedarf abreiben. Anschlie\u00dfend gr\u00fcndlich mit Wasser absp\u00fclen. F\u00fcr die Reinigung mit Bodenreinigungsmaschinen (Bodenreiniger, Hochdruckreiniger) das Produkt im Verh\u00e4ltnis 1:10 bis 1:30 verd\u00fcnnen und die Gebrauchsanweisung der Bodenreinigungsmaschinen beachten.<\/p>\n<p style=\"margin-bottom: 10px; margin-top: 30px;\"><strong>Chemisch-physikalische technische Daten<\/strong><\/p>\n<p style=\"margin-bottom: 8px; margin-top: 0px; line-height: 1.6;\"><strong>Aussehen<\/strong>: klare Fl\u00fcssigkeit<\/p>\n<p style=\"margin-bottom: 8px; margin-top: 0px; line-height: 1.6;\"><strong>Farbe<\/strong>: fluoreszierendes Gelb<\/p>\n<p style=\"margin-bottom: 8px; margin-top: 0px; line-height: 1.6;\"><strong>Geruch<\/strong>: charakteristisch<\/p>\n<p style=\"margin-bottom: 8px; margin-top: 0px; line-height: 1.6;\"><strong>Dichte<\/strong>: 1,060 +\/- 0,02 g\/ml bei 20 \u00b0C<\/p>\n<p style=\"margin-bottom: 8px; margin-top: 0px; line-height: 1.6;\">pH: 12,7 +\/- 0,3<\/p>\n<p style=\"margin-bottom: 8px; margin-top: 0px; line-height: 1.6;\"><strong>Tenside<\/strong>: anionisch, nichtionisch<\/p>\n<p style=\"margin-bottom: 8px; margin-top: 0px; line-height: 1.6;\"><strong>Biologische Abbaubarkeit:<\/strong> \u00fcber 90 %<\/p>\n","protected":false},"excerpt":{"rendered":"<p>MEHRZWECKREINIGER F\u00dcR ABWASCHBARE OBERFL\u00c4CHEN Hauptmerkmale Universelles Reinigungsmittel zum Entfernen von Fett, \u00d6l, starken Verschmutzungen, eingetrocknetem Schmutz, hartn\u00e4ckigen Flecken, Speiseresten usw. Es kann auf fast allen Oberfl\u00e4chen verwendet werden, auf denen Wasser verwendet werden kann, da es keine starken Laugen oder L\u00f6sungsmittel auf Kohlenwasserstoffbasis enth\u00e4lt. Da es wenig sch\u00e4umt, l\u00e4sst es sich leicht absp\u00fclen und kann&#8230;<\/p>\n","protected":false},"featured_media":6140,"template":"","meta":[],"product_brand":[337],"product_cat":[354,357,360],"product_tag":[],"class_list":{"0":"post-6139","1":"product","2":"type-product","3":"status-publish","4":"has-post-thumbnail","6":"product_brand-flore-chemie","7":"product_cat-flore-chemie-produkte","8":"product_cat-hotel-und-gastronomiegewerbe","9":"product_cat-allzweckreiniger-vollwaschmittel-wartungsmittel","11":"first","12":"instock","13":"shipping-taxable","14":"purchasable","15":"product-type-variable","16":"has-default-attributes"},"_links":{"self":[{"href":"https:\/\/e-flore.store\/de\/wp-json\/wp\/v2\/product\/6139","targetHints":{"allow":["GET"]}}],"collection":[{"href":"https:\/\/e-flore.store\/de\/wp-json\/wp\/v2\/product"}],"about":[{"href":"https:\/\/e-flore.store\/de\/wp-json\/wp\/v2\/types\/product"}],"wp:featuredmedia":[{"embeddable":true,"href":"https:\/\/e-flore.store\/de\/wp-json\/wp\/v2\/media\/6140"}],"wp:attachment":[{"href":"https:\/\/e-flore.store\/de\/wp-json\/wp\/v2\/media?parent=6139"}],"wp:term":[{"taxonomy":"product_brand","embeddable":true,"href":"https:\/\/e-flore.store\/de\/wp-json\/wp\/v2\/product_brand?post=6139"},{"taxonomy":"product_cat","embeddable":true,"href":"https:\/\/e-flore.store\/de\/wp-json\/wp\/v2\/product_cat?post=6139"},{"taxonomy":"product_tag","embeddable":true,"href":"https:\/\/e-flore.store\/de\/wp-json\/wp\/v2\/product_tag?post=6139"}],"curies":[{"name":"wp","href":"https:\/\/api.w.org\/{rel}","templated":true}]}}