{"id":6144,"date":"2026-02-03T16:04:32","date_gmt":"2026-02-03T14:04:32","guid":{"rendered":"https:\/\/demo8.izveide.id.lv\/?post_type=product&#038;p=6144"},"modified":"2026-03-26T14:59:33","modified_gmt":"2026-03-26T12:59:33","slug":"flamil-grf-perfekt","status":"publish","type":"product","link":"https:\/\/e-flore.store\/de\/produkt\/flamil-grf-perfekt\/","title":{"rendered":"Flamil GRF Perfekt"},"content":{"rendered":"<p><img decoding=\"async\" style=\"width: 100%; height: auto; display: block;\" src=\"\/wp-content\/uploads\/2026\/01\/0481-PARENT_desc.jpg\" \/><\/p>\n<div id=\"eflore-spacer-v55\" style=\"height: 0px; clear: both; width: 100%; display: block;\"><\/div>\n<p style=\"margin-bottom: 10px; margin-top: 30px;\"><strong>HOCHKONZENTRIERTER FL\u00dcSSIGREINIGER<\/strong><\/p>\n<p style=\"margin-bottom: 10px; margin-top: 30px;\"><strong>EIGENSCHAFTEN<\/strong><\/p>\n<p style=\"margin-bottom: 8px; margin-top: 0px; line-height: 1.6;\">Hochkonzentriertes Sp\u00fcl- und Schmutzl\u00f6semittel f\u00fcr die maschinelle Reinigung von Geschirr und K\u00fcchenger\u00e4ten in der Lebensmittelindustrie und in K\u00fcchenbetrieben. Hohe Wirtschaftlichkeit bei besten Ergebnissen auch bei hoher Wasserh\u00e4rte und problematischen Verschmutzungen. Das Produkt ist schaumfrei.<\/p>\n<p style=\"margin-bottom: 10px; margin-top: 30px;\"><strong>EINSATZGEBIETE<\/strong><\/p>\n<p style=\"margin-bottom: 8px; margin-top: 0px; line-height: 1.6;\">F\u00fcr gewerbliche Sp\u00fclmaschinen mit Fl\u00fcssigdosierpumpen. Geeignet f\u00fcr alle Wasserh\u00e4rtebereiche.<\/p>\n<p style=\"margin-bottom: 10px; margin-top: 30px;\"><strong>ANWENDUNG<\/strong><\/p>\n<p style=\"margin-bottom: 8px; margin-top: 0px; line-height: 1.6;\">Anwendungskonzentration in der Sp\u00fcl- bzw. Reinigungsflotte je nach Wasserh\u00e4rte:<\/p>\n<table style=\"width: 100%; border-collapse: collapse; margin-bottom: 8px;\">\n<tbody>\n<tr>\n<td style=\"padding: 8px; border: 1px solid #ddd;\">weich<\/td>\n<td style=\"padding: 8px; border: 1px solid #ddd;\">bis 7\u00b0 dH<\/td>\n<td style=\"padding: 8px; border: 1px solid #ddd;\">1-2 g\/l<\/td>\n<\/tr>\n<tr>\n<td style=\"padding: 8px; border: 1px solid #ddd;\">mittel<\/td>\n<td style=\"padding: 8px; border: 1px solid #ddd;\">bis 14\u00b0 dH<\/td>\n<td style=\"padding: 8px; border: 1px solid #ddd;\">2-3 g\/l<\/td>\n<\/tr>\n<tr>\n<td style=\"padding: 8px; border: 1px solid #ddd;\">hart<\/td>\n<td style=\"padding: 8px; border: 1px solid #ddd;\">bis 21\u00b0 dH<\/td>\n<td style=\"padding: 8px; border: 1px solid #ddd;\">3-5 g\/l<\/td>\n<\/tr>\n<tr>\n<td style=\"padding: 8px; border: 1px solid #ddd;\">sehr hart<\/td>\n<td style=\"padding: 8px; border: 1px solid #ddd;\">&gt; 21\u00b0 dH<\/td>\n<td style=\"padding: 8px; border: 1px solid #ddd;\">5-7 g\/l<\/td>\n<\/tr>\n<\/tbody>\n<\/table>\n<p style=\"margin-bottom: 10px; margin-top: 30px;\"><strong>TECHNISCHE DATEN<\/strong><\/p>\n<p style=\"margin-bottom: 8px; margin-top: 0px; line-height: 1.6;\"><strong>Form:<\/strong> fl\u00fcssig<\/p>\n<p style=\"margin-bottom: 8px; margin-top: 0px; line-height: 1.6;\"><strong>Dichte (20 \u00b0C):<\/strong> 1,3 g\/ml<\/p>\n<p style=\"margin-bottom: 8px; margin-top: 0px; line-height: 1.6;\"><strong>pH-Wert (1%ig):<\/strong> 14<\/p>\n<p style=\"margin-bottom: 8px; margin-top: 0px; line-height: 1.6;\"><strong>INHALTSSTOFFE:<\/strong> Natriumhypochlorid, Phosphate, Natriumhydroxid, Komplexiermittel, Dispergiermittel<\/p>\n","protected":false},"excerpt":{"rendered":"<p>HOCHKONZENTRIERTER FL\u00dcSSIGREINIGER EIGENSCHAFTEN Hochkonzentriertes Sp\u00fcl- und Schmutzl\u00f6semittel f\u00fcr die maschinelle Reinigung von Geschirr und K\u00fcchenger\u00e4ten in der Lebensmittelindustrie und in K\u00fcchenbetrieben. Hohe Wirtschaftlichkeit bei besten Ergebnissen auch bei hoher Wasserh\u00e4rte und problematischen Verschmutzungen. Das Produkt ist schaumfrei. EINSATZGEBIETE F\u00fcr gewerbliche Sp\u00fclmaschinen mit Fl\u00fcssigdosierpumpen. Geeignet f\u00fcr alle Wasserh\u00e4rtebereiche. ANWENDUNG Anwendungskonzentration in der Sp\u00fcl- bzw. Reinigungsflotte je&#8230;<\/p>\n","protected":false},"featured_media":6145,"template":"","meta":[],"product_brand":[337],"product_cat":[354,357,366],"product_tag":[],"class_list":{"0":"post-6144","1":"product","2":"type-product","3":"status-publish","4":"has-post-thumbnail","6":"product_brand-flore-chemie","7":"product_cat-flore-chemie-produkte","8":"product_cat-hotel-und-gastronomiegewerbe","9":"product_cat-geschirreiniger","11":"first","12":"instock","13":"shipping-taxable","14":"purchasable","15":"product-type-variable","16":"has-default-attributes"},"_links":{"self":[{"href":"https:\/\/e-flore.store\/de\/wp-json\/wp\/v2\/product\/6144","targetHints":{"allow":["GET"]}}],"collection":[{"href":"https:\/\/e-flore.store\/de\/wp-json\/wp\/v2\/product"}],"about":[{"href":"https:\/\/e-flore.store\/de\/wp-json\/wp\/v2\/types\/product"}],"wp:featuredmedia":[{"embeddable":true,"href":"https:\/\/e-flore.store\/de\/wp-json\/wp\/v2\/media\/6145"}],"wp:attachment":[{"href":"https:\/\/e-flore.store\/de\/wp-json\/wp\/v2\/media?parent=6144"}],"wp:term":[{"taxonomy":"product_brand","embeddable":true,"href":"https:\/\/e-flore.store\/de\/wp-json\/wp\/v2\/product_brand?post=6144"},{"taxonomy":"product_cat","embeddable":true,"href":"https:\/\/e-flore.store\/de\/wp-json\/wp\/v2\/product_cat?post=6144"},{"taxonomy":"product_tag","embeddable":true,"href":"https:\/\/e-flore.store\/de\/wp-json\/wp\/v2\/product_tag?post=6144"}],"curies":[{"name":"wp","href":"https:\/\/api.w.org\/{rel}","templated":true}]}}