{"id":6156,"date":"2026-02-03T16:04:35","date_gmt":"2026-02-03T14:04:35","guid":{"rendered":"https:\/\/demo8.izveide.id.lv\/?post_type=product&#038;p=6156"},"modified":"2026-03-26T14:59:21","modified_gmt":"2026-03-26T12:59:21","slug":"fluesan-dk","status":"publish","type":"product","link":"https:\/\/e-flore.store\/de\/produkt\/fluesan-dk\/","title":{"rendered":"Fl\u00fcsan DK"},"content":{"rendered":"<p><img decoding=\"async\" class=\"alignnone size-full wp-image-454\" style=\"width: 100%; height: auto; display: block;\" src=\"\/wp-content\/uploads\/2026\/01\/0427-PARENT_desc.jpg\" alt=\"0427-PARENT\" width=\"100%\" srcset=\"https:\/\/e-flore.store\/wp-content\/uploads\/2026\/01\/0427-PARENT_desc.jpg 490w, https:\/\/e-flore.store\/wp-content\/uploads\/2026\/01\/0427-PARENT_desc-205x300.jpg 205w\" sizes=\"(max-width: 490px) 100vw, 490px\" \/><\/p>\n<div id=\"eflore-spacer-v55\" style=\"height: 0px; clear: both; width: 100%; display: block;\"><\/div>\n<p style=\"margin-bottom: 10px; margin-top: 30px;\"><strong>DESINFIZIERENDE SEIFENLOTION<\/strong><\/p>\n<p style=\"margin-bottom: 10px; margin-top: 30px;\"><strong>FL\u00dcSAN DK<\/strong><\/p>\n<p style=\"margin-bottom: 8px; margin-top: 0px; line-height: 1.6;\">ist eine angenehm milde und hautvertr\u00e4gliche Seifenlotion mit desinfizierender Wirkung gegen pathogene Keime. FL\u00dcSAN DK findet \u00fcberall dort Verwendung, wo keine sterilen Verh\u00e4ltnisse herrschen m\u00fcssen, aber eine Verringerung bzw. Entfernung pathogener Keime gefordert wird. FL\u00dcSAN DK ist parf\u00fcmfrei und daher besonders f\u00fcr den Einsatz in der Lebensmittelindustrie geeignet. Aufgrund des Inhaltsstoffes Allantoin besonders f\u00fcr die Pflege von stark beanspruchter Haut geeignet. FL\u00dcSAN DK ist begutachtet nach DIN EN 1499 und somit nach eurp\u00e4ischem Standard gepr\u00fcft.<\/p>\n<p style=\"margin-bottom: 10px; margin-top: 30px;\"><strong>ANWENDUNGSBEREICHE<\/strong><\/p>\n<p style=\"margin-bottom: 8px; margin-top: 0px; line-height: 1.6;\">Gastronomie, Hotelerie, Krankenh\u00e4user, Seniorenresidenzen, Sozialeinrichtungen, Stadtwerke, Kl\u00e4ranlagen.<\/p>\n<p style=\"margin-bottom: 10px; margin-top: 30px;\"><strong>VERARBEITUNGSHINWEISE<\/strong><\/p>\n<p style=\"margin-bottom: 8px; margin-top: 0px; line-height: 1.6;\">3 ml unverd\u00fcnntes Produkt auf die vorgefeuchteten Handfl\u00e4chen geben. Mindestens 30 Sekunden gut verreiben und einwirken lassen. Unter flie\u00dfendem Wasser gr\u00fcndlich absp\u00fclen und hygienisch abtrocknen.<\/p>\n<p style=\"margin-bottom: 10px; margin-top: 30px;\"><strong>WEITERER HINWEIS<\/strong><\/p>\n<p style=\"margin-bottom: 8px; margin-top: 0px; line-height: 1.6;\">Zum Erhalt der Produkteigenschaften FL\u00dcSAN DK frostfrei lagern.<\/p>\n<p style=\"margin-bottom: 10px; margin-top: 30px;\"><strong>TECHNISCHE DATEN<\/strong><\/p>\n<p style=\"margin-bottom: 8px; margin-top: 0px; line-height: 1.6;\"><strong>Form<\/strong>: fl\u00fcssig<\/p>\n<p style=\"margin-bottom: 8px; margin-top: 0px; line-height: 1.6;\"><strong>Dichte (20 \u00b0C)<\/strong>: 0,93 g\/cm\u00b3<\/p>\n<p style=\"margin-bottom: 8px; margin-top: 0px; line-height: 1.6;\"><strong>pH-Wert (Konz.) (20 \u00b0C)<\/strong>: 5,56<\/p>\n<p style=\"margin-bottom: 8px; margin-top: 0px; line-height: 1.6;\"><strong>INHALTSSTOFFE<\/strong>: nach INCI AQUA, COCAMINE OXIDE, GLYCE-RIN, HYDROXYPROPYL METHYLCELLULOSE, POLYSORBATE 20, ALLANTOIN, LACTIC ACID, POLYAMINOPROPYL BIGUANIDE<\/p>\n","protected":false},"excerpt":{"rendered":"<p>DESINFIZIERENDE SEIFENLOTION FL\u00dcSAN DK ist eine angenehm milde und hautvertr\u00e4gliche Seifenlotion mit desinfizierender Wirkung gegen pathogene Keime. FL\u00dcSAN DK findet \u00fcberall dort Verwendung, wo keine sterilen Verh\u00e4ltnisse herrschen m\u00fcssen, aber eine Verringerung bzw. Entfernung pathogener Keime gefordert wird. FL\u00dcSAN DK ist parf\u00fcmfrei und daher besonders f\u00fcr den Einsatz in der Lebensmittelindustrie geeignet. Aufgrund des Inhaltsstoffes&#8230;<\/p>\n","protected":false},"featured_media":6157,"template":"","meta":[],"product_brand":[337],"product_cat":[354,357,369],"product_tag":[],"class_list":{"0":"post-6156","1":"product","2":"type-product","3":"status-publish","4":"has-post-thumbnail","6":"product_brand-flore-chemie","7":"product_cat-flore-chemie-produkte","8":"product_cat-hotel-und-gastronomiegewerbe","9":"product_cat-desinfektion","11":"first","12":"instock","13":"shipping-taxable","14":"purchasable","15":"product-type-variable","16":"has-default-attributes"},"_links":{"self":[{"href":"https:\/\/e-flore.store\/de\/wp-json\/wp\/v2\/product\/6156","targetHints":{"allow":["GET"]}}],"collection":[{"href":"https:\/\/e-flore.store\/de\/wp-json\/wp\/v2\/product"}],"about":[{"href":"https:\/\/e-flore.store\/de\/wp-json\/wp\/v2\/types\/product"}],"wp:featuredmedia":[{"embeddable":true,"href":"https:\/\/e-flore.store\/de\/wp-json\/wp\/v2\/media\/6157"}],"wp:attachment":[{"href":"https:\/\/e-flore.store\/de\/wp-json\/wp\/v2\/media?parent=6156"}],"wp:term":[{"taxonomy":"product_brand","embeddable":true,"href":"https:\/\/e-flore.store\/de\/wp-json\/wp\/v2\/product_brand?post=6156"},{"taxonomy":"product_cat","embeddable":true,"href":"https:\/\/e-flore.store\/de\/wp-json\/wp\/v2\/product_cat?post=6156"},{"taxonomy":"product_tag","embeddable":true,"href":"https:\/\/e-flore.store\/de\/wp-json\/wp\/v2\/product_tag?post=6156"}],"curies":[{"name":"wp","href":"https:\/\/api.w.org\/{rel}","templated":true}]}}