{"id":6162,"date":"2026-02-03T16:04:36","date_gmt":"2026-02-03T14:04:36","guid":{"rendered":"https:\/\/demo8.izveide.id.lv\/?post_type=product&#038;p=6162"},"modified":"2026-03-26T14:59:17","modified_gmt":"2026-03-26T12:59:17","slug":"flore-hd","status":"publish","type":"product","link":"https:\/\/e-flore.store\/de\/produkt\/flore-hd\/","title":{"rendered":"Flore HD"},"content":{"rendered":"<p><img decoding=\"async\" class=\"alignnone size-full wp-image-470\" style=\"width: 100%; height: auto; display: block;\" src=\"\/wp-content\/uploads\/2026\/01\/0500-PARENT_desc.jpg\" alt=\"0500-PARENT\" width=\"100%\" srcset=\"https:\/\/e-flore.store\/wp-content\/uploads\/2026\/01\/0500-PARENT_desc.jpg 958w, https:\/\/e-flore.store\/wp-content\/uploads\/2026\/01\/0500-PARENT_desc-600x209.jpg 600w, https:\/\/e-flore.store\/wp-content\/uploads\/2026\/01\/0500-PARENT_desc-300x105.jpg 300w\" sizes=\"(max-width: 958px) 100vw, 958px\" \/><\/p>\n<div id=\"eflore-spacer-v55\" style=\"height: 0px; clear: both; width: 100%; display: block;\"><\/div>\n<p style=\"margin-bottom: 10px; margin-top: 30px;\"><strong>H\u00c4NDESCHNELLDESINFEKTIONSMITTEL AUF ALKOHOLBASIS<\/strong><\/p>\n<p style=\"margin-bottom: 10px; margin-top: 30px;\"><strong>FLORE\u00ae HD<\/strong><\/p>\n<p style=\"margin-bottom: 8px; margin-top: 0px; line-height: 1.6;\">ist eine hygienische H\u00e4ndeschnelldesinfektion mit sehr guter Hautvertr\u00e4glichkeit und Bakterizider, fungizider, virusinaktivierender Wirkung bei einer Wirkkonzentration\/-zeit von 3 ml\/30 sek. Die Wirkstoffe entsprechen der Desinfektionsmittelliste des VAH.<\/p>\n<p style=\"margin-bottom: 10px; margin-top: 30px;\"><strong>ANWENDUNGSBEREICHE<\/strong><\/p>\n<p style=\"margin-bottom: 8px; margin-top: 0px; line-height: 1.6;\">Krankenh\u00e4user, Alten- und Pflegeheime, Arztpraxen, Hotels<\/p>\n<p style=\"margin-bottom: 10px; margin-top: 30px;\"><strong>VERARBEITUNGSHINWEISE<\/strong><\/p>\n<p style=\"margin-bottom: 8px; margin-top: 0px; line-height: 1.6;\">FLORE\u00ae HD unverd\u00fcnnt anwenden: mittels Spender* ca. 3 ml des Produktes auf die H\u00e4nde auftragen und durch Einmassieren auf dem Handr\u00fccken, dem Handballen, den Fingerspitzen und unter den Fingern\u00e4geln verteilen, mind. 30 Sekunden einwirken und verdunsten lassen, im Anschluss nicht absp\u00fclen.<\/p>\n<p style=\"margin-bottom: 8px; margin-top: 0px; line-height: 1.6;\">*als Spender zur H\u00e4ndedesinfektion empfehlen wir: Desinfektionsmittelspender, Prod.-Nr. 0552<\/p>\n<p style=\"margin-bottom: 10px; margin-top: 30px;\"><strong>TECHNISCHE DATEN<\/strong><\/p>\n<p style=\"margin-bottom: 8px; margin-top: 0px; line-height: 1.6;\"><strong>Form<\/strong>: fl\u00fcssig<\/p>\n<p style=\"margin-bottom: 8px; margin-top: 0px; line-height: 1.6;\"><strong>Dichte (20 \u00b0C)<\/strong>: 0,9 g\/cm\u00b3<\/p>\n<p style=\"margin-bottom: 8px; margin-top: 0px; line-height: 1.6;\"><strong>Flammpunkt<\/strong>: 23,5 \u00b0C<\/p>\n<p style=\"margin-bottom: 8px; margin-top: 0px; line-height: 1.6;\"><strong>INHALTSSTOFFE NACH INCI<\/strong>: Ethanol, Propan-2-ol<\/p>\n","protected":false},"excerpt":{"rendered":"<p>H\u00c4NDESCHNELLDESINFEKTIONSMITTEL AUF ALKOHOLBASIS FLORE\u00ae HD ist eine hygienische H\u00e4ndeschnelldesinfektion mit sehr guter Hautvertr\u00e4glichkeit und Bakterizider, fungizider, virusinaktivierender Wirkung bei einer Wirkkonzentration\/-zeit von 3 ml\/30 sek. Die Wirkstoffe entsprechen der Desinfektionsmittelliste des VAH. ANWENDUNGSBEREICHE Krankenh\u00e4user, Alten- und Pflegeheime, Arztpraxen, Hotels VERARBEITUNGSHINWEISE FLORE\u00ae HD unverd\u00fcnnt anwenden: mittels Spender* ca. 3 ml des Produktes auf die H\u00e4nde auftragen&#8230;<\/p>\n","protected":false},"featured_media":7685,"template":"","meta":[],"product_brand":[337],"product_cat":[354,357,369],"product_tag":[],"class_list":{"0":"post-6162","1":"product","2":"type-product","3":"status-publish","4":"has-post-thumbnail","6":"product_brand-flore-chemie","7":"product_cat-flore-chemie-produkte","8":"product_cat-hotel-und-gastronomiegewerbe","9":"product_cat-desinfektion","11":"first","12":"instock","13":"shipping-taxable","14":"purchasable","15":"product-type-variable","16":"has-default-attributes"},"_links":{"self":[{"href":"https:\/\/e-flore.store\/de\/wp-json\/wp\/v2\/product\/6162","targetHints":{"allow":["GET"]}}],"collection":[{"href":"https:\/\/e-flore.store\/de\/wp-json\/wp\/v2\/product"}],"about":[{"href":"https:\/\/e-flore.store\/de\/wp-json\/wp\/v2\/types\/product"}],"wp:featuredmedia":[{"embeddable":true,"href":"https:\/\/e-flore.store\/de\/wp-json\/wp\/v2\/media\/7685"}],"wp:attachment":[{"href":"https:\/\/e-flore.store\/de\/wp-json\/wp\/v2\/media?parent=6162"}],"wp:term":[{"taxonomy":"product_brand","embeddable":true,"href":"https:\/\/e-flore.store\/de\/wp-json\/wp\/v2\/product_brand?post=6162"},{"taxonomy":"product_cat","embeddable":true,"href":"https:\/\/e-flore.store\/de\/wp-json\/wp\/v2\/product_cat?post=6162"},{"taxonomy":"product_tag","embeddable":true,"href":"https:\/\/e-flore.store\/de\/wp-json\/wp\/v2\/product_tag?post=6162"}],"curies":[{"name":"wp","href":"https:\/\/api.w.org\/{rel}","templated":true}]}}