{"id":6168,"date":"2026-02-03T16:04:37","date_gmt":"2026-02-03T14:04:37","guid":{"rendered":"https:\/\/demo8.izveide.id.lv\/?post_type=product&#038;p=6168"},"modified":"2026-03-26T14:59:12","modified_gmt":"2026-03-26T12:59:12","slug":"flamil-csr","status":"publish","type":"product","link":"https:\/\/e-flore.store\/de\/produkt\/flamil-csr\/","title":{"rendered":"Flamil CSR"},"content":{"rendered":"<p><img decoding=\"async\" class=\"alignnone size-full wp-image-445\" style=\"width: 100%; height: auto; display: block;\" src=\"\/wp-content\/uploads\/2026\/01\/0418-PARENT_desc.jpg\" alt=\"0418-PARENT\" width=\"100%\" srcset=\"https:\/\/e-flore.store\/wp-content\/uploads\/2026\/01\/0418-PARENT_desc.jpg 957w, https:\/\/e-flore.store\/wp-content\/uploads\/2026\/01\/0418-PARENT_desc-600x450.jpg 600w, https:\/\/e-flore.store\/wp-content\/uploads\/2026\/01\/0418-PARENT_desc-300x225.jpg 300w\" sizes=\"(max-width: 957px) 100vw, 957px\" \/><\/p>\n<div id=\"eflore-spacer-v55\" style=\"height: 0px; clear: both; width: 100%; display: block;\"><\/div>\n<p style=\"margin-bottom: 10px; margin-top: 30px;\"><strong>AKTIVCHLORHALTIGER SCHAUMREINIGER<\/strong><\/p>\n<p style=\"margin-bottom: 10px; margin-top: 30px;\"><strong>FLAMIL\u00ae CSR<\/strong><\/p>\n<p style=\"margin-bottom: 8px; margin-top: 0px; line-height: 1.6;\">ist ein hochalkalischer, aktivchlorhaltiger Schaumreiniger zur Reinigung und Desinfektion, der auch f\u00fcr den Einsatz im Lebensmittelbereich geeignet ist.<\/p>\n<p style=\"margin-bottom: 10px; margin-top: 30px;\"><strong>ANWENDUNGSBEREICHE<\/strong><\/p>\n<p style=\"margin-bottom: 8px; margin-top: 0px; line-height: 1.6;\">Maschinen, Fliesen, Fu\u00dfb\u00f6den etc.<\/p>\n<p style=\"margin-bottom: 10px; margin-top: 30px;\"><strong>VERARBEITUNGSHINWEISE<\/strong><\/p>\n<p style=\"margin-bottom: 8px; margin-top: 0px; line-height: 1.6;\">Nicht auf Bunt- und Leichtmetall verwenden! Vor dem Einsatz auf nicht genannten Materialien Vortest an verdeckter Stelle durchf\u00fchren. Nicht mischen mit S\u00e4uren. Je nach Schaumger\u00e4t ist zur Erzeugung eines haftf\u00e4higen Schaumes eine 5- bis 10%ige Anwendungskonzentration erforderlich.<\/p>\n<p style=\"margin-bottom: 10px; margin-top: 30px;\"><strong>WEITERE HINWEISE<\/strong><\/p>\n<p style=\"margin-bottom: 8px; margin-top: 0px; line-height: 1.6;\">Ab einer Anwendungskonzentration von 1:20 ist FLAMIL\u00ae CSR nicht mehr kennzeichnungspflichtig! Zum Erhalt der Produkteigenschaften FLAMIL\u00ae CSR frostfrei lagern.<\/p>\n<p style=\"margin-bottom: 10px; margin-top: 30px;\"><strong>TECHNISCHE DATEN<\/strong><\/p>\n<p style=\"margin-bottom: 8px; margin-top: 0px; line-height: 1.6;\"><strong>Form<\/strong>: fl\u00fcssig<\/p>\n<p style=\"margin-bottom: 8px; margin-top: 0px; line-height: 1.6;\"><strong>Dichte (20 \u00b0C)<\/strong>: 1,12 g\/cm\u00b3<\/p>\n<p style=\"margin-bottom: 8px; margin-top: 0px; line-height: 1.6;\"><strong>pH-Wert (2%ig)<\/strong>: 12<\/p>\n<p style=\"margin-bottom: 8px; margin-top: 0px; line-height: 1.6;\"><strong>INHALTSSTOFFE<\/strong>: Kaliumhydroxid, Natriumhypochlorit, Phosphonate, \u2265 5% &#8211; &lt; 15% nichtionische Tenside<\/p>\n","protected":false},"excerpt":{"rendered":"<p>AKTIVCHLORHALTIGER SCHAUMREINIGER FLAMIL\u00ae CSR ist ein hochalkalischer, aktivchlorhaltiger Schaumreiniger zur Reinigung und Desinfektion, der auch f\u00fcr den Einsatz im Lebensmittelbereich geeignet ist. ANWENDUNGSBEREICHE Maschinen, Fliesen, Fu\u00dfb\u00f6den etc. VERARBEITUNGSHINWEISE Nicht auf Bunt- und Leichtmetall verwenden! Vor dem Einsatz auf nicht genannten Materialien Vortest an verdeckter Stelle durchf\u00fchren. Nicht mischen mit S\u00e4uren. Je nach Schaumger\u00e4t ist zur&#8230;<\/p>\n","protected":false},"featured_media":6169,"template":"","meta":[],"product_brand":[337],"product_cat":[354,357,369],"product_tag":[],"class_list":{"0":"post-6168","1":"product","2":"type-product","3":"status-publish","4":"has-post-thumbnail","6":"product_brand-flore-chemie","7":"product_cat-flore-chemie-produkte","8":"product_cat-hotel-und-gastronomiegewerbe","9":"product_cat-desinfektion","11":"first","12":"instock","13":"shipping-taxable","14":"purchasable","15":"product-type-variable","16":"has-default-attributes"},"_links":{"self":[{"href":"https:\/\/e-flore.store\/de\/wp-json\/wp\/v2\/product\/6168","targetHints":{"allow":["GET"]}}],"collection":[{"href":"https:\/\/e-flore.store\/de\/wp-json\/wp\/v2\/product"}],"about":[{"href":"https:\/\/e-flore.store\/de\/wp-json\/wp\/v2\/types\/product"}],"wp:featuredmedia":[{"embeddable":true,"href":"https:\/\/e-flore.store\/de\/wp-json\/wp\/v2\/media\/6169"}],"wp:attachment":[{"href":"https:\/\/e-flore.store\/de\/wp-json\/wp\/v2\/media?parent=6168"}],"wp:term":[{"taxonomy":"product_brand","embeddable":true,"href":"https:\/\/e-flore.store\/de\/wp-json\/wp\/v2\/product_brand?post=6168"},{"taxonomy":"product_cat","embeddable":true,"href":"https:\/\/e-flore.store\/de\/wp-json\/wp\/v2\/product_cat?post=6168"},{"taxonomy":"product_tag","embeddable":true,"href":"https:\/\/e-flore.store\/de\/wp-json\/wp\/v2\/product_tag?post=6168"}],"curies":[{"name":"wp","href":"https:\/\/api.w.org\/{rel}","templated":true}]}}