{"id":6174,"date":"2026-02-03T16:04:38","date_gmt":"2026-02-03T14:04:38","guid":{"rendered":"https:\/\/demo8.izveide.id.lv\/?post_type=product&#038;p=6174"},"modified":"2026-03-26T14:59:07","modified_gmt":"2026-03-26T12:59:07","slug":"florin-antismell-super","status":"publish","type":"product","link":"https:\/\/e-flore.store\/de\/produkt\/florin-antismell-super\/","title":{"rendered":"Florin Antismell Super"},"content":{"rendered":"<p><img decoding=\"async\" class=\"alignnone size-full wp-image-466\" style=\"width: 100%; height: auto; display: block;\" src=\"\/wp-content\/uploads\/2026\/01\/0497-PARENT_desc.jpg\" alt=\"0497-PARENT\" width=\"100%\" srcset=\"https:\/\/e-flore.store\/wp-content\/uploads\/2026\/01\/0497-PARENT_desc.jpg 958w, https:\/\/e-flore.store\/wp-content\/uploads\/2026\/01\/0497-PARENT_desc-600x400.jpg 600w, https:\/\/e-flore.store\/wp-content\/uploads\/2026\/01\/0497-PARENT_desc-300x200.jpg 300w\" sizes=\"(max-width: 958px) 100vw, 958px\" \/><\/p>\n<div id=\"eflore-spacer-v55\" style=\"height: 0px; clear: both; width: 100%; display: block;\"><\/div>\n<p style=\"margin-bottom: 10px; margin-top: 30px;\"><strong>FORMALDEHYDFREIES DESINFEKTIONSMITTEL<\/strong><\/p>\n<p style=\"margin-bottom: 10px; margin-top: 30px;\"><strong>FLORIN\u00ae ANTISMELL SUPER<\/strong><\/p>\n<p style=\"margin-bottom: 8px; margin-top: 0px; line-height: 1.6;\">ist ein fl\u00fcssiges, formaldehydfreies Desinfektionsmittel auf Glutaraldehyd-Basis. Es erm\u00f6glicht eine schnelle sichere Desinfektion im Toilettenbereich und ist schwach sch\u00e4umend. FLORIN\u00ae ANTISMELL SUPER zeichnet sich auch unter hohen Belastungen durch einen frischen Geruch mit f\u00e4kalienzersetzender Wirkung aus und greift keine Kunststoffe an.<\/p>\n<p style=\"margin-bottom: 10px; margin-top: 30px;\"><strong>ANWENDUNGSBEREICHE<\/strong><\/p>\n<p style=\"margin-bottom: 8px; margin-top: 0px; line-height: 1.6;\">Sanit\u00e4rbereich &#8211; speziell mobile Toilettenanlagen, Rezirkulations- und Vakuumtoiletten.<\/p>\n<p style=\"margin-bottom: 10px; margin-top: 30px;\"><strong>VERARBEITUNGSHINWEISE<\/strong><\/p>\n<p style=\"margin-bottom: 8px; margin-top: 0px; line-height: 1.6;\">Die Einsatzkonzentration betr\u00e4gt max. 1%. Das Produkt wird direkt dem Toilettensp\u00fclwasser zugegeben. Die &#8222;verbrauchte&#8220; L\u00f6sung kann problemlos \u00fcber die \u00f6ffentliche Kl\u00e4ranlage entsorgt werden.<\/p>\n<p style=\"margin-bottom: 10px; margin-top: 30px;\"><strong>WEITERE HINWEISE<\/strong><\/p>\n<p style=\"margin-bottom: 8px; margin-top: 0px; line-height: 1.6;\">Vor dem Einsatz auf nicht genannten Materialien Vortest an verdeckter Stelle durchf\u00fchren.<\/p>\n<p style=\"margin-bottom: 10px; margin-top: 30px;\"><strong>TECHNISCHE DATEN<\/strong><\/p>\n<p style=\"margin-bottom: 8px; margin-top: 0px; line-height: 1.6;\"><strong>Form<\/strong>: fl\u00fcssig<\/p>\n<p style=\"margin-bottom: 8px; margin-top: 0px; line-height: 1.6;\"><strong>Dichte (20 \u00b0C)<\/strong>: 1,036 g\/cm3<\/p>\n<p style=\"margin-bottom: 8px; margin-top: 0px; line-height: 1.6;\"><strong>pH-Wert (Konz.)<\/strong>: ca. 6,7<\/p>\n<p style=\"margin-bottom: 8px; margin-top: 0px; line-height: 1.6;\"><strong>INHALTSSTOFFE<\/strong>: Glutaraldehyd, Fettalkoholalkoxylat, Farb- und Duftstoffe sowie Inhibitoren<\/p>\n","protected":false},"excerpt":{"rendered":"<p>FORMALDEHYDFREIES DESINFEKTIONSMITTEL FLORIN\u00ae ANTISMELL SUPER ist ein fl\u00fcssiges, formaldehydfreies Desinfektionsmittel auf Glutaraldehyd-Basis. Es erm\u00f6glicht eine schnelle sichere Desinfektion im Toilettenbereich und ist schwach sch\u00e4umend. FLORIN\u00ae ANTISMELL SUPER zeichnet sich auch unter hohen Belastungen durch einen frischen Geruch mit f\u00e4kalienzersetzender Wirkung aus und greift keine Kunststoffe an. ANWENDUNGSBEREICHE Sanit\u00e4rbereich &#8211; speziell mobile Toilettenanlagen, Rezirkulations- und Vakuumtoiletten&#8230;.<\/p>\n","protected":false},"featured_media":6175,"template":"","meta":[],"product_brand":[337],"product_cat":[354,357,369],"product_tag":[],"class_list":{"0":"post-6174","1":"product","2":"type-product","3":"status-publish","4":"has-post-thumbnail","6":"product_brand-flore-chemie","7":"product_cat-flore-chemie-produkte","8":"product_cat-hotel-und-gastronomiegewerbe","9":"product_cat-desinfektion","11":"first","12":"instock","13":"shipping-taxable","14":"purchasable","15":"product-type-variable","16":"has-default-attributes"},"_links":{"self":[{"href":"https:\/\/e-flore.store\/de\/wp-json\/wp\/v2\/product\/6174","targetHints":{"allow":["GET"]}}],"collection":[{"href":"https:\/\/e-flore.store\/de\/wp-json\/wp\/v2\/product"}],"about":[{"href":"https:\/\/e-flore.store\/de\/wp-json\/wp\/v2\/types\/product"}],"wp:featuredmedia":[{"embeddable":true,"href":"https:\/\/e-flore.store\/de\/wp-json\/wp\/v2\/media\/6175"}],"wp:attachment":[{"href":"https:\/\/e-flore.store\/de\/wp-json\/wp\/v2\/media?parent=6174"}],"wp:term":[{"taxonomy":"product_brand","embeddable":true,"href":"https:\/\/e-flore.store\/de\/wp-json\/wp\/v2\/product_brand?post=6174"},{"taxonomy":"product_cat","embeddable":true,"href":"https:\/\/e-flore.store\/de\/wp-json\/wp\/v2\/product_cat?post=6174"},{"taxonomy":"product_tag","embeddable":true,"href":"https:\/\/e-flore.store\/de\/wp-json\/wp\/v2\/product_tag?post=6174"}],"curies":[{"name":"wp","href":"https:\/\/api.w.org\/{rel}","templated":true}]}}