{"id":6180,"date":"2026-02-03T16:04:39","date_gmt":"2026-02-03T14:04:39","guid":{"rendered":"https:\/\/demo8.izveide.id.lv\/?post_type=product&#038;p=6180"},"modified":"2026-03-26T14:58:55","modified_gmt":"2026-03-26T12:58:55","slug":"neu032-ci","status":"publish","type":"product","link":"https:\/\/e-flore.store\/de\/produkt\/neu032-ci\/","title":{"rendered":"NEU032 CI"},"content":{"rendered":"<p><img decoding=\"async\" class=\"alignnone size-full wp-image-337\" style=\"width: 100%; height: auto; display: block;\" src=\"\/wp-content\/uploads\/2026\/01\/032-PARENT_desc.jpg\" alt=\"032-PARENT\" width=\"100%\" srcset=\"https:\/\/e-flore.store\/wp-content\/uploads\/2026\/01\/032-PARENT_desc.jpg 1500w, https:\/\/e-flore.store\/wp-content\/uploads\/2026\/01\/032-PARENT_desc-600x338.jpg 600w, https:\/\/e-flore.store\/wp-content\/uploads\/2026\/01\/032-PARENT_desc-300x169.jpg 300w, https:\/\/e-flore.store\/wp-content\/uploads\/2026\/01\/032-PARENT_desc-1024x576.jpg 1024w\" sizes=\"(max-width: 1500px) 100vw, 1500px\" \/><\/p>\n<p style=\"margin-bottom: 10px; margin-top: 30px;\"><strong>KONZENTRIERTES DESINFEKTIONSMITTEL<\/strong><\/p>\n<p style=\"margin-bottom: 10px; margin-top: 30px;\"><strong>Wichtigste Eigenschaften<\/strong><\/p>\n<p style=\"margin-bottom: 8px; margin-top: 0px; line-height: 1.6;\">Hochkonzentriertes, geruchloses Desinfektionsmittel auf Basis von quatern\u00e4ren Ammoniumverbindungen mit breitem Wirkungsspektrum gegen Mikroorganismen. \u201eNEU032 CI\u201c ist ein hervorragendes Mittel gegen Algen. Es reizt die Haut nicht und verursacht keinen Rost. Das Produkt ist vielseitig einsetzbar und eignet sich ideal f\u00fcr B\u00f6den, W\u00e4nde, diverse Oberfl\u00e4chen und Ger\u00e4te. \u201eNEU032 CI\u201c entfernt zudem Ger\u00fcche au\u00dfergew\u00f6hnlich gut.<\/p>\n<p style=\"margin-bottom: 10px; margin-top: 30px;\"><strong>Anwendungsgebiete<\/strong><\/p>\n<p style=\"margin-bottom: 8px; margin-top: 0px; line-height: 1.6;\">Hotels, Bars, \u00f6ffentliche Bereiche, Schulen, Pflegeheime, Kinderg\u00e4rten, Pensionen, Kasernen, Schwimmb\u00e4der, Sportzentren, Eisdielen, Superm\u00e4rkte, Gesch\u00e4fte, pharmazeutische Industrie, Hersteller von Milchprodukten, Lebensmittel- und Getr\u00e4nkeindustrie, Tierhaltung.<\/p>\n<p style=\"margin-bottom: 10px; margin-top: 30px;\"><strong>Benutzeranleitung<\/strong><\/p>\n<p style=\"margin-bottom: 8px; margin-top: 0px; line-height: 1.6;\">Die Konzentration von \u201eNEU032 CI\u201c h\u00e4ngt haupts\u00e4chlich von der Kontaktzeit, der Temperatur und dem pH-Wert ab. Bei einer Temperatur von 20 \u00b0C und einem pH-Wert von 7 ergeben sich folgende empfohlene Dosierungen und Kontaktzeiten:<\/p>\n<p style=\"margin-bottom: 8px; margin-top: 0px; line-height: 1.6;\">NORMALE SANIFIZIERUNG:<\/p>\n<p style=\"margin-bottom: 8px; margin-top: 0px; line-height: 1.6;\">50 ml \u201eNEU032 CI\u201c in 10 l Wasser, Kontaktzeit 2,5 min<\/p>\n<p style=\"margin-bottom: 8px; margin-top: 0px; line-height: 1.6;\">30 ml \u201eNEU032 CI\u201c in 10 l Wasser, Kontaktzeit 5 min<\/p>\n<p style=\"margin-bottom: 8px; margin-top: 0px; line-height: 1.6;\">20 ml \u201eNEU032 CI\u201c in 10 l Wasser, Kontaktzeit 10 min<\/p>\n<p style=\"margin-bottom: 8px; margin-top: 0px; line-height: 1.6;\">10 ml \u201eNEU032 CI\u201c in 10 l Wasser, Kontaktzeit 20 min<\/p>\n<p style=\"margin-bottom: 8px; margin-top: 0px; line-height: 1.6;\">ENERGETISCHE DESINFEKTION:<\/p>\n<p style=\"margin-bottom: 8px; margin-top: 0px; line-height: 1.6;\">100 ml &#8222;NEU032 CI&#8220; in 10 l Wasser, durchschnittliche Kontaktzeit 5 Minuten.<\/p>\n<p style=\"margin-bottom: 8px; margin-top: 0px; line-height: 1.6;\">GERUCHSENTFERNUNG:<\/p>\n<p style=\"margin-bottom: 8px; margin-top: 0px; line-height: 1.6;\">200 ml &#8222;NEU032 CI&#8220; in 10 l Wasser, durchschnittliche Kontaktzeit 15 min.<\/p>\n<p style=\"margin-bottom: 8px; margin-top: 0px; line-height: 1.6;\">Desinfektion von Ger\u00e4ten\/Maschinen und Oberfl\u00e4chen in der Lebensmittelindustrie:<\/p>\n<p style=\"margin-bottom: 8px; margin-top: 0px; line-height: 1.6;\">Je nach Anwendungsart 20 ml bis 400 ml &#8222;NEU032 CI&#8220; in 10 l Wasser verd\u00fcnnen.<\/p>\n<p style=\"margin-bottom: 8px; margin-top: 0px; line-height: 1.6;\">Die hergestellte L\u00f6sung auf die zu behandelnde Oberfl\u00e4che auftragen und die oben angegebene Zeit einwirken lassen. Bei Verwendung konzentrierter L\u00f6sungen oder bei der Anwendung in der Lebensmittelindustrie ist nach der Behandlung ein Absp\u00fclen erforderlich. Das Produkt ist bei Verwendung von hei\u00dfem Wasser (ca. 40 \u00b0C) wirksamer.<\/p>\n<p style=\"margin-bottom: 10px; margin-top: 30px;\"><strong>Chemisch-physikalische technische Daten<\/strong><\/p>\n<p style=\"margin-bottom: 8px; margin-top: 0px; line-height: 1.6;\"><strong>Aussehen:<\/strong> fl\u00fcssig<\/p>\n<p style=\"margin-bottom: 8px; margin-top: 0px; line-height: 1.6;\"><strong>Farbe:<\/strong> Hellblau<\/p>\n<p style=\"margin-bottom: 8px; margin-top: 0px; line-height: 1.6;\"><strong>Geruch:<\/strong> nahezu geruchlos<\/p>\n<p style=\"margin-bottom: 8px; margin-top: 0px; line-height: 1.6;\"><strong>Dichte bei 20 \u00b0C:<\/strong> 1,00 \u00b1 0,02 g\/ml<\/p>\n<p style=\"margin-bottom: 8px; margin-top: 0px; line-height: 1.6;\"><strong>pH-Wert:<\/strong> neutral<\/p>\n<p style=\"margin-bottom: 8px; margin-top: 0px; line-height: 1.6;\"><strong>Tenside :<\/strong> kationisch<\/p>\n<p style=\"margin-bottom: 8px; margin-top: 0px; line-height: 1.6;\"><strong>Wirkstoff:<\/strong> 5 % Para-Isobutylphenoxyethoxyethylbenzolammoniumchlorid<\/p>\n<p style=\"margin-bottom: 8px; margin-top: 0px; line-height: 1.6;\"><strong>Warnung!<\/strong> Lesen Sie vor Gebrauch das Sicherheitsdatenblatt sorgf\u00e4ltig durch. Nicht auf Marmor-, Granit- oder Kalksteinoberfl\u00e4chen verwenden und Kontakt mit diesen vermeiden.<\/p>\n","protected":false},"excerpt":{"rendered":"<p>KONZENTRIERTES DESINFEKTIONSMITTEL Wichtigste Eigenschaften Hochkonzentriertes, geruchloses Desinfektionsmittel auf Basis von quatern\u00e4ren Ammoniumverbindungen mit breitem Wirkungsspektrum gegen Mikroorganismen. \u201eNEU032 CI\u201c ist ein hervorragendes Mittel gegen Algen. Es reizt die Haut nicht und verursacht keinen Rost. Das Produkt ist vielseitig einsetzbar und eignet sich ideal f\u00fcr B\u00f6den, W\u00e4nde, diverse Oberfl\u00e4chen und Ger\u00e4te. \u201eNEU032 CI\u201c entfernt zudem Ger\u00fcche&#8230;<\/p>\n","protected":false},"featured_media":6181,"template":"","meta":[],"product_brand":[337],"product_cat":[354,357,369],"product_tag":[],"class_list":{"0":"post-6180","1":"product","2":"type-product","3":"status-publish","4":"has-post-thumbnail","6":"product_brand-flore-chemie","7":"product_cat-flore-chemie-produkte","8":"product_cat-hotel-und-gastronomiegewerbe","9":"product_cat-desinfektion","11":"first","12":"instock","13":"shipping-taxable","14":"purchasable","15":"product-type-variable","16":"has-default-attributes"},"_links":{"self":[{"href":"https:\/\/e-flore.store\/de\/wp-json\/wp\/v2\/product\/6180","targetHints":{"allow":["GET"]}}],"collection":[{"href":"https:\/\/e-flore.store\/de\/wp-json\/wp\/v2\/product"}],"about":[{"href":"https:\/\/e-flore.store\/de\/wp-json\/wp\/v2\/types\/product"}],"wp:featuredmedia":[{"embeddable":true,"href":"https:\/\/e-flore.store\/de\/wp-json\/wp\/v2\/media\/6181"}],"wp:attachment":[{"href":"https:\/\/e-flore.store\/de\/wp-json\/wp\/v2\/media?parent=6180"}],"wp:term":[{"taxonomy":"product_brand","embeddable":true,"href":"https:\/\/e-flore.store\/de\/wp-json\/wp\/v2\/product_brand?post=6180"},{"taxonomy":"product_cat","embeddable":true,"href":"https:\/\/e-flore.store\/de\/wp-json\/wp\/v2\/product_cat?post=6180"},{"taxonomy":"product_tag","embeddable":true,"href":"https:\/\/e-flore.store\/de\/wp-json\/wp\/v2\/product_tag?post=6180"}],"curies":[{"name":"wp","href":"https:\/\/api.w.org\/{rel}","templated":true}]}}