{"id":6185,"date":"2026-02-03T16:04:39","date_gmt":"2026-02-03T14:04:39","guid":{"rendered":"https:\/\/demo8.izveide.id.lv\/?post_type=product&#038;p=6185"},"modified":"2026-03-26T14:59:02","modified_gmt":"2026-03-26T12:59:02","slug":"flamil-konvekt","status":"publish","type":"product","link":"https:\/\/e-flore.store\/de\/produkt\/flamil-konvekt\/","title":{"rendered":"Flamil Konvekt"},"content":{"rendered":"<p><img decoding=\"async\" class=\"alignnone size-full wp-image-2154\" style=\"width: 100%; height: auto; display: block;\" src=\"\/wp-content\/uploads\/2026\/01\/0007-PARENT_desc.png\" alt=\"0007-PARENT\" width=\"100%\" srcset=\"https:\/\/e-flore.store\/wp-content\/uploads\/2026\/01\/0007-PARENT_desc.png 1024w, https:\/\/e-flore.store\/wp-content\/uploads\/2026\/01\/0007-PARENT_desc-600x321.png 600w, https:\/\/e-flore.store\/wp-content\/uploads\/2026\/01\/0007-PARENT_desc-300x160.png 300w\" sizes=\"(max-width: 1024px) 100vw, 1024px\" \/><\/p>\n<div id=\"eflore-spacer-v55\" style=\"height: 0px; clear: both; width: 100%; display: block;\"><\/div>\n<p style=\"margin-bottom: 10px; margin-top: 30px;\"><strong>GRILL-\u00a0UND\u00a0KONVEKTOMATENREINIGER<\/strong><\/p>\n<p style=\"margin-bottom: 10px; margin-top: 30px;\"><strong>FLAMIL\u00ae KONVEKT<\/strong><\/p>\n<p style=\"margin-bottom: 8px; margin-top: 0px; line-height: 1.6;\">entfernt problemlos eingebrannte Fette und hartn\u00e4ckigste \u00d6le, Eiwei\u00dfe und deren Verbrennungsr\u00fcckst\u00e4nde sowie Reste von Polierpasten im Ultraschallbad. FLAMIL\u00ae KONVEKT hinterl\u00e4sst eine saubere, fettfreie Oberfl\u00e4che, ist wassermischbar und frei von AOX sowie EDTA.<\/p>\n<p style=\"margin-bottom: 10px; margin-top: 30px;\"><strong>ANWENDUNGSBEREICHE<\/strong><\/p>\n<p style=\"margin-bottom: 8px; margin-top: 0px; line-height: 1.6;\">Grillautomaten, Konvektomaten, R\u00e4ucherkammern, Back\u00f6fen, Grill- und Frittierger\u00e4te, Roste, Gitter, Filter in Ultraschallanlagen etc.<\/p>\n<p style=\"margin-bottom: 10px; margin-top: 30px;\"><strong>VERARBEITUNGSHINWEISE<\/strong><\/p>\n<p style=\"margin-bottom: 8px; margin-top: 0px; line-height: 1.6;\">FLAMIL\u00ae KONVEKT ist ein Konzentrat und muss deshalb mit hei\u00dfem Wasser (60-70 \u00b0C) 1:5 bis 1:25 verd\u00fcnnt werden. Vorgeheizte Ger\u00e4te satt einspr\u00fchen. Je nach Art der zu reinigenden Ger\u00e4te betr\u00e4gt die Einwirkzeit bis zu 10 Minuten. Gel\u00f6ste R\u00fcckst\u00e4nde m\u00f6glichst in noch feuchtem Zustand mit hartem Wasserstrahl, B\u00fcrste oder Schwamm entfernen. Mit klarem Wasser gr\u00fcndlich nachsp\u00fclen, starke Verkrustungen ggf. nachbehandeln.<\/p>\n<p style=\"margin-bottom: 10px; margin-top: 30px;\"><strong>In Ultraschallanlagen:<\/strong><\/p>\n<p style=\"margin-bottom: 8px; margin-top: 0px; line-height: 1.6;\">Verd\u00fcnnung: 1:5 &#8211; 1:10<\/p>\n<p style=\"margin-bottom: 8px; margin-top: 0px; line-height: 1.6;\">Temperatur: 70 &#8211; 90 \u00b0C<\/p>\n<p style=\"margin-bottom: 8px; margin-top: 0px; line-height: 1.6;\">Beschallungszeit: 5 &#8211; 10 min<\/p>\n<p style=\"margin-bottom: 10px; margin-top: 30px;\"><strong>WEITERE HINWEISE<\/strong><\/p>\n<p style=\"margin-bottom: 8px; margin-top: 0px; line-height: 1.6;\">Nicht f\u00fcr Bunt- und Leichtmetalle geeignet. Vor dem Einsatz auf nicht genannten Materialien Vortest an verdeckter Stelle durchf\u00fchren. Zum Erhalt der Produkteigenschaften FLAMIL\u00ae KONVEKT frostfrei lagern. Ab einer Anwendungskonzentration von 1:40 ist FLAMIL\u00ae KONVEKT nicht mehr kennzeichnungspflichtig.<\/p>\n<p style=\"margin-bottom: 10px; margin-top: 30px;\"><strong>TECHNISCHE DATEN<\/strong><\/p>\n<p style=\"margin-bottom: 8px; margin-top: 0px; line-height: 1.6;\"><strong>Form<\/strong>: fl\u00fcssig<\/p>\n<p style=\"margin-bottom: 8px; margin-top: 0px; line-height: 1.6;\"><strong>Dichte (20 \u00b0C)<\/strong>: 1,15 g\/cm\u00b3<\/p>\n<p style=\"margin-bottom: 8px; margin-top: 0px; line-height: 1.6;\"><strong>pH-Wert (10g\/l)<\/strong>: 11,7 &#8211; 12,7<\/p>\n<p style=\"margin-bottom: 8px; margin-top: 0px; line-height: 1.6;\"><strong>INHALTSSTOFFE<\/strong>: nichtionische und anionische Tenside, Komplexbildner, L\u00f6severmittler, Kaliumhydroxid<\/p>\n","protected":false},"excerpt":{"rendered":"<p>GRILL-\u00a0UND\u00a0KONVEKTOMATENREINIGER FLAMIL\u00ae KONVEKT entfernt problemlos eingebrannte Fette und hartn\u00e4ckigste \u00d6le, Eiwei\u00dfe und deren Verbrennungsr\u00fcckst\u00e4nde sowie Reste von Polierpasten im Ultraschallbad. FLAMIL\u00ae KONVEKT hinterl\u00e4sst eine saubere, fettfreie Oberfl\u00e4che, ist wassermischbar und frei von AOX sowie EDTA. ANWENDUNGSBEREICHE Grillautomaten, Konvektomaten, R\u00e4ucherkammern, Back\u00f6fen, Grill- und Frittierger\u00e4te, Roste, Gitter, Filter in Ultraschallanlagen etc. VERARBEITUNGSHINWEISE FLAMIL\u00ae KONVEKT ist ein Konzentrat&#8230;<\/p>\n","protected":false},"featured_media":6186,"template":"","meta":[],"product_brand":[337],"product_cat":[354,357,375],"product_tag":[],"class_list":{"0":"post-6185","1":"product","2":"type-product","3":"status-publish","4":"has-post-thumbnail","6":"product_brand-flore-chemie","7":"product_cat-flore-chemie-produkte","8":"product_cat-hotel-und-gastronomiegewerbe","9":"product_cat-spezialprodukte-fuer-lebensmittelindustrie-kuechen-baeckereien-raeuchereien-tiefkuehlraeume-u-a","11":"first","12":"instock","13":"shipping-taxable","14":"purchasable","15":"product-type-variable","16":"has-default-attributes"},"_links":{"self":[{"href":"https:\/\/e-flore.store\/de\/wp-json\/wp\/v2\/product\/6185","targetHints":{"allow":["GET"]}}],"collection":[{"href":"https:\/\/e-flore.store\/de\/wp-json\/wp\/v2\/product"}],"about":[{"href":"https:\/\/e-flore.store\/de\/wp-json\/wp\/v2\/types\/product"}],"wp:featuredmedia":[{"embeddable":true,"href":"https:\/\/e-flore.store\/de\/wp-json\/wp\/v2\/media\/6186"}],"wp:attachment":[{"href":"https:\/\/e-flore.store\/de\/wp-json\/wp\/v2\/media?parent=6185"}],"wp:term":[{"taxonomy":"product_brand","embeddable":true,"href":"https:\/\/e-flore.store\/de\/wp-json\/wp\/v2\/product_brand?post=6185"},{"taxonomy":"product_cat","embeddable":true,"href":"https:\/\/e-flore.store\/de\/wp-json\/wp\/v2\/product_cat?post=6185"},{"taxonomy":"product_tag","embeddable":true,"href":"https:\/\/e-flore.store\/de\/wp-json\/wp\/v2\/product_tag?post=6185"}],"curies":[{"name":"wp","href":"https:\/\/api.w.org\/{rel}","templated":true}]}}