{"id":6191,"date":"2026-02-03T16:04:42","date_gmt":"2026-02-03T14:04:42","guid":{"rendered":"https:\/\/demo8.izveide.id.lv\/?post_type=product&#038;p=6191"},"modified":"2026-03-26T14:58:48","modified_gmt":"2026-03-26T12:58:48","slug":"flamil-konvekt-paste","status":"publish","type":"product","link":"https:\/\/e-flore.store\/de\/produkt\/flamil-konvekt-paste\/","title":{"rendered":"Flamil Konvekt Paste"},"content":{"rendered":"<p><img decoding=\"async\" class=\"alignnone size-full wp-image-436\" style=\"width: 100%; height: auto; display: block;\" src=\"\/wp-content\/uploads\/2026\/01\/0390-PARENT_desc.jpg\" alt=\"0390-PARENT\" width=\"100%\" srcset=\"https:\/\/e-flore.store\/wp-content\/uploads\/2026\/01\/0390-PARENT_desc.jpg 1078w, https:\/\/e-flore.store\/wp-content\/uploads\/2026\/01\/0390-PARENT_desc-600x368.jpg 600w, https:\/\/e-flore.store\/wp-content\/uploads\/2026\/01\/0390-PARENT_desc-300x184.jpg 300w, https:\/\/e-flore.store\/wp-content\/uploads\/2026\/01\/0390-PARENT_desc-1024x628.jpg 1024w\" sizes=\"(max-width: 1078px) 100vw, 1078px\" \/><\/p>\n<div id=\"eflore-spacer-v55\" style=\"height: 0px; clear: both; width: 100%; display: block;\"><\/div>\n<p style=\"margin-bottom: 10px; margin-top: 30px;\"><strong>GRILL-\u00a0UND\u00a0KONVEKTOMATENREINIGER<\/strong><\/p>\n<p style=\"margin-bottom: 10px; margin-top: 30px;\"><strong>FLAMIL\u00ae KONVEKT PASTE<\/strong><\/p>\n<p style=\"margin-bottom: 8px; margin-top: 0px; line-height: 1.6;\">entfernt schnell und zuverl\u00e4ssig eingebrannte und verharzte tierische und pflanzliche \u00d6le sowie Fette im K\u00fcchenbereich ebenso wie z.B. \u00d6lkohle im technischen Bereich.<\/p>\n<p style=\"margin-bottom: 10px; margin-top: 30px;\"><strong>ANWENDUNGSBEREICHE<\/strong><\/p>\n<p style=\"margin-bottom: 8px; margin-top: 0px; line-height: 1.6;\">K\u00fcchen; mit \u00d6len und Fetten verharzte Bauteile im technischen Bereich.<\/p>\n<p style=\"margin-bottom: 10px; margin-top: 30px;\"><strong>VERARBEITUNGSHINWEISE<\/strong><\/p>\n<p style=\"margin-bottom: 8px; margin-top: 0px; line-height: 1.6;\">Flamil\u00ae Konvekt Paste kalt auftragen und mindestens eine Stunde, ggf. \u00fcber Nacht, einwirken lassen. Mit Wasser nachsp\u00fclen.<\/p>\n<p style=\"margin-bottom: 10px; margin-top: 30px;\"><strong>WEITERE HINWEISE<\/strong><\/p>\n<p style=\"margin-bottom: 8px; margin-top: 0px; line-height: 1.6;\">Flamil\u00ae Konvekt Paste ist nicht f\u00fcr Aluminium und Leichtmetalle geeignet. Vor dem Einsatz auf nicht genannten Materialien Vortest an verdeckter Stelle durchf\u00fchren.<\/p>\n<p style=\"margin-bottom: 10px; margin-top: 30px;\"><strong>TECHNISCHE DATEN<\/strong><\/p>\n<p style=\"margin-bottom: 8px; margin-top: 0px; line-height: 1.6;\"><strong>Form<\/strong>: past\u00f6s<\/p>\n<p style=\"margin-bottom: 8px; margin-top: 0px; line-height: 1.6;\"><strong>pH-Wert (1 %)<\/strong>: ca. 12,0 &#8211; 12,5<\/p>\n<p style=\"margin-bottom: 8px; margin-top: 0px; line-height: 1.6;\"><strong>Dampfdruck<\/strong>: ca. 20 hPa<\/p>\n<p style=\"margin-bottom: 8px; margin-top: 0px; line-height: 1.6;\"><strong>INHALTSSTOFFE<\/strong>: Phosphate, Kaliumhydroxid, nichtionische Tenside, Komplexbildner, Verdickungsmittel<\/p>\n","protected":false},"excerpt":{"rendered":"<p>GRILL-\u00a0UND\u00a0KONVEKTOMATENREINIGER FLAMIL\u00ae KONVEKT PASTE entfernt schnell und zuverl\u00e4ssig eingebrannte und verharzte tierische und pflanzliche \u00d6le sowie Fette im K\u00fcchenbereich ebenso wie z.B. \u00d6lkohle im technischen Bereich. ANWENDUNGSBEREICHE K\u00fcchen; mit \u00d6len und Fetten verharzte Bauteile im technischen Bereich. VERARBEITUNGSHINWEISE Flamil\u00ae Konvekt Paste kalt auftragen und mindestens eine Stunde, ggf. \u00fcber Nacht, einwirken lassen. Mit Wasser nachsp\u00fclen&#8230;.<\/p>\n","protected":false},"featured_media":6192,"template":"","meta":[],"product_brand":[337],"product_cat":[354,357,375],"product_tag":[],"class_list":{"0":"post-6191","1":"product","2":"type-product","3":"status-publish","4":"has-post-thumbnail","6":"product_brand-flore-chemie","7":"product_cat-flore-chemie-produkte","8":"product_cat-hotel-und-gastronomiegewerbe","9":"product_cat-spezialprodukte-fuer-lebensmittelindustrie-kuechen-baeckereien-raeuchereien-tiefkuehlraeume-u-a","11":"first","12":"instock","13":"shipping-taxable","14":"purchasable","15":"product-type-variable","16":"has-default-attributes"},"_links":{"self":[{"href":"https:\/\/e-flore.store\/de\/wp-json\/wp\/v2\/product\/6191","targetHints":{"allow":["GET"]}}],"collection":[{"href":"https:\/\/e-flore.store\/de\/wp-json\/wp\/v2\/product"}],"about":[{"href":"https:\/\/e-flore.store\/de\/wp-json\/wp\/v2\/types\/product"}],"wp:featuredmedia":[{"embeddable":true,"href":"https:\/\/e-flore.store\/de\/wp-json\/wp\/v2\/media\/6192"}],"wp:attachment":[{"href":"https:\/\/e-flore.store\/de\/wp-json\/wp\/v2\/media?parent=6191"}],"wp:term":[{"taxonomy":"product_brand","embeddable":true,"href":"https:\/\/e-flore.store\/de\/wp-json\/wp\/v2\/product_brand?post=6191"},{"taxonomy":"product_cat","embeddable":true,"href":"https:\/\/e-flore.store\/de\/wp-json\/wp\/v2\/product_cat?post=6191"},{"taxonomy":"product_tag","embeddable":true,"href":"https:\/\/e-flore.store\/de\/wp-json\/wp\/v2\/product_tag?post=6191"}],"curies":[{"name":"wp","href":"https:\/\/api.w.org\/{rel}","templated":true}]}}