{"id":6197,"date":"2026-02-03T16:04:43","date_gmt":"2026-02-03T14:04:43","guid":{"rendered":"https:\/\/demo8.izveide.id.lv\/?post_type=product&#038;p=6197"},"modified":"2026-03-26T14:58:43","modified_gmt":"2026-03-26T12:58:43","slug":"flamil-freezer-solvent","status":"publish","type":"product","link":"https:\/\/e-flore.store\/de\/produkt\/flamil-freezer-solvent\/","title":{"rendered":"Flamil Freezer Solvent"},"content":{"rendered":"<p><img decoding=\"async\" class=\"alignnone size-full wp-image-434\" style=\"width: 100%; height: auto; display: block;\" src=\"\/wp-content\/uploads\/2026\/01\/0374-PARENT_desc.jpg\" alt=\"0374-PARENT\" width=\"100%\" srcset=\"https:\/\/e-flore.store\/wp-content\/uploads\/2026\/01\/0374-PARENT_desc.jpg 2500w, https:\/\/e-flore.store\/wp-content\/uploads\/2026\/01\/0374-PARENT_desc-600x400.jpg 600w, https:\/\/e-flore.store\/wp-content\/uploads\/2026\/01\/0374-PARENT_desc-300x200.jpg 300w, https:\/\/e-flore.store\/wp-content\/uploads\/2026\/01\/0374-PARENT_desc-1024x682.jpg 1024w\" sizes=\"(max-width: 2500px) 100vw, 2500px\" \/><\/p>\n<div id=\"eflore-spacer-v55\" style=\"height: 0px; clear: both; width: 100%; display: block;\"><\/div>\n<p style=\"margin-bottom: 10px; margin-top: 30px;\"><strong>K\u00dcHLHAUSREINIGER<\/strong><\/p>\n<p style=\"margin-bottom: 10px; margin-top: 30px;\"><strong>FLAMIL\u00ae FREEZER SOLVENT<\/strong><\/p>\n<p style=\"margin-bottom: 8px; margin-top: 0px; line-height: 1.6;\">entfernt tierische Fette und Eiwei\u00dfablagerungen von B\u00f6den.<\/p>\n<p style=\"margin-bottom: 10px; margin-top: 30px;\"><strong>ANWENDUNGSBEREICH<\/strong><\/p>\n<p style=\"margin-bottom: 8px; margin-top: 0px; line-height: 1.6;\">K\u00fchlhausb\u00f6den bis -25 \u00b0C. Bei niedrigeren Temperaturen erschwert Eiskristallbildung die Reinigung.<\/p>\n<p style=\"margin-bottom: 10px; margin-top: 30px;\"><strong>VERARBEITUNGSHINWEISE<\/strong><\/p>\n<p style=\"margin-bottom: 8px; margin-top: 0px; line-height: 1.6;\">FLAMIL\u00ae FREEZER SOLVENT unverd\u00fcnnt auftragen, 5 &#8211; 15 Min. einwirken lassen, ggf. Schmutz mit Schrubber l\u00f6sen. Gel\u00f6sten Schmutz mittels Lappen, Wischmopp oder weichem Gummischieber entfernen. Reinigungsutensilien k\u00f6nnen w\u00e4hrend der Reinigung problemlos in hei\u00dfem Wasser ausgewaschen werden, wenn ein gutes Auswringen gew\u00e4hrleistet wird.<\/p>\n<p style=\"margin-bottom: 10px; margin-top: 30px;\"><strong>TECHNISCHE DATEN<\/strong><\/p>\n<p style=\"margin-bottom: 8px; margin-top: 0px; line-height: 1.6;\"><strong>Form<\/strong>: fl\u00fcssig<\/p>\n<p style=\"margin-bottom: 8px; margin-top: 0px; line-height: 1.6;\"><strong>Flammpunkt<\/strong>: DIN 51755 23\u00b0C<\/p>\n<p style=\"margin-bottom: 8px; margin-top: 0px; line-height: 1.6;\"><strong>Dichte (20 \u00b0C)<\/strong>: 0,9 g\/cm\u00b3<\/p>\n<p style=\"margin-bottom: 8px; margin-top: 0px; line-height: 1.6;\"><strong>pH-Wert (Konz.)<\/strong>: 10,7 &#8211; 11,3<\/p>\n<p style=\"margin-bottom: 8px; margin-top: 0px; line-height: 1.6;\"><strong>INHALTSSTOFFE<\/strong>: Alkohole, Netzmittel<\/p>\n","protected":false},"excerpt":{"rendered":"<p>K\u00dcHLHAUSREINIGER FLAMIL\u00ae FREEZER SOLVENT entfernt tierische Fette und Eiwei\u00dfablagerungen von B\u00f6den. ANWENDUNGSBEREICH K\u00fchlhausb\u00f6den bis -25 \u00b0C. Bei niedrigeren Temperaturen erschwert Eiskristallbildung die Reinigung. VERARBEITUNGSHINWEISE FLAMIL\u00ae FREEZER SOLVENT unverd\u00fcnnt auftragen, 5 &#8211; 15 Min. einwirken lassen, ggf. Schmutz mit Schrubber l\u00f6sen. Gel\u00f6sten Schmutz mittels Lappen, Wischmopp oder weichem Gummischieber entfernen. Reinigungsutensilien k\u00f6nnen w\u00e4hrend der Reinigung problemlos&#8230;<\/p>\n","protected":false},"featured_media":6198,"template":"","meta":[],"product_brand":[337],"product_cat":[354,357,375],"product_tag":[],"class_list":{"0":"post-6197","1":"product","2":"type-product","3":"status-publish","4":"has-post-thumbnail","6":"product_brand-flore-chemie","7":"product_cat-flore-chemie-produkte","8":"product_cat-hotel-und-gastronomiegewerbe","9":"product_cat-spezialprodukte-fuer-lebensmittelindustrie-kuechen-baeckereien-raeuchereien-tiefkuehlraeume-u-a","11":"first","12":"instock","13":"shipping-taxable","14":"purchasable","15":"product-type-variable","16":"has-default-attributes"},"_links":{"self":[{"href":"https:\/\/e-flore.store\/de\/wp-json\/wp\/v2\/product\/6197","targetHints":{"allow":["GET"]}}],"collection":[{"href":"https:\/\/e-flore.store\/de\/wp-json\/wp\/v2\/product"}],"about":[{"href":"https:\/\/e-flore.store\/de\/wp-json\/wp\/v2\/types\/product"}],"wp:featuredmedia":[{"embeddable":true,"href":"https:\/\/e-flore.store\/de\/wp-json\/wp\/v2\/media\/6198"}],"wp:attachment":[{"href":"https:\/\/e-flore.store\/de\/wp-json\/wp\/v2\/media?parent=6197"}],"wp:term":[{"taxonomy":"product_brand","embeddable":true,"href":"https:\/\/e-flore.store\/de\/wp-json\/wp\/v2\/product_brand?post=6197"},{"taxonomy":"product_cat","embeddable":true,"href":"https:\/\/e-flore.store\/de\/wp-json\/wp\/v2\/product_cat?post=6197"},{"taxonomy":"product_tag","embeddable":true,"href":"https:\/\/e-flore.store\/de\/wp-json\/wp\/v2\/product_tag?post=6197"}],"curies":[{"name":"wp","href":"https:\/\/api.w.org\/{rel}","templated":true}]}}