{"id":6218,"date":"2026-02-03T16:04:46","date_gmt":"2026-02-03T14:04:46","guid":{"rendered":"https:\/\/demo8.izveide.id.lv\/?post_type=product&#038;p=6218"},"modified":"2026-02-18T14:58:17","modified_gmt":"2026-02-18T12:58:17","slug":"slv60-bc","status":"publish","type":"product","link":"https:\/\/e-flore.store\/de\/produkt\/slv60-bc\/","title":{"rendered":"SLV60 BC"},"content":{"rendered":"<p><img decoding=\"async\" class=\"alignnone size-full wp-image-119\" style=\"width: 100%; height: auto; display: block;\" src=\"\/wp-content\/uploads\/2026\/01\/bc60-PARENT_desc.jpg\" alt=\"bc60-PARENT\" width=\"100%\" srcset=\"https:\/\/e-flore.store\/wp-content\/uploads\/2026\/01\/bc60-PARENT_desc.jpg 1024w, https:\/\/e-flore.store\/wp-content\/uploads\/2026\/01\/bc60-PARENT_desc-600x338.jpg 600w, https:\/\/e-flore.store\/wp-content\/uploads\/2026\/01\/bc60-PARENT_desc-300x169.jpg 300w\" sizes=\"(max-width: 1024px) 100vw, 1024px\" \/><\/p>\n<div id=\"eflore-spacer-v55\" style=\"height: 0px; clear: both; width: 100%; display: block;\"><\/div>\n<p style=\"margin-bottom: 10px; margin-top: 30px;\"><strong>MULTIFUNKTIONALER \u00d6RANGENOL GERUCHSBINDER\u00a0UND SPEZIALREINIGER\u00a0F\u00dcR K\u00dcCHE\u00a0UND TECHNIK<\/strong><\/p>\n<p style=\"margin-bottom: 10px; margin-top: 30px;\"><strong>SLV60 BC<\/strong><\/p>\n<p style=\"margin-bottom: 8px; margin-top: 0px; line-height: 1.6;\">zerst\u00f6rt \u00fcbelriechende Schwefelwasserstoffverbindungen und beseitigt somit F\u00e4ulnisger\u00fcche. SLV60 BC entfernt Verunreinigungen wie Fette, Wachse, Druckfarben, \u00d6l- sowie Teerr\u00fcckst\u00e4nde und Ru\u00df von Motoren, Arbeitsger\u00e4ten, Maschinenteilen.<\/p>\n<p style=\"margin-bottom: 10px; margin-top: 30px;\"><strong>ANWENDUNGSBEREICHE<\/strong><\/p>\n<p style=\"margin-bottom: 8px; margin-top: 0px; line-height: 1.6;\">SLV60 BC kann eingesetzt werden in: K\u00fcchen, Schlachth\u00f6fe, Kl\u00e4ranlagen, M\u00fclldeponien, M\u00fcllfahrzeuge, Tierverwertungsbetriebe, Tierheime, Toilettenanlagen, Schwimmb\u00e4der, Saunen, Sportst\u00e4tten, Hotels, Restaurants, Kantinen, Kunststoff- und metallverarbeitende Industrie.<\/p>\n<p style=\"margin-bottom: 10px; margin-top: 30px;\"><strong>VERARBEITUNGSHINWEISE<\/strong><\/p>\n<p style=\"margin-bottom: 10px; margin-top: 30px;\"><strong>SLV60 BC wird wie folgt, mit kaltem bis handwarmem Wasser f\u00fcr die folgenden Bereiche und Anwendungen, verd\u00fcnnt:<\/strong><\/p>\n<p style=\"margin-bottom: 8px; margin-top: 0px; line-height: 1.6;\">f\u00fcr Fu\u00dfb\u00f6den in K\u00fcchen bzw. Schlachth\u00f6fen 1:50<\/p>\n<p style=\"margin-bottom: 8px; margin-top: 0px; line-height: 1.6;\">f\u00fcr Fu\u00dfb\u00f6den in Toilettenanlagen 1:200<\/p>\n<p style=\"margin-bottom: 8px; margin-top: 0px; line-height: 1.6;\">zur Rohrentfettung 1:2 bis 1:10<\/p>\n<p style=\"margin-bottom: 8px; margin-top: 0px; line-height: 1.6;\">als Kl\u00e4ranlagenzusatz 1:1.000<\/p>\n<p style=\"margin-bottom: 8px; margin-top: 0px; line-height: 1.6;\">zur Wachsentfernung 1:1 bis 1:5<\/p>\n<p style=\"margin-bottom: 10px; margin-top: 30px;\"><strong>WEITERE HINWEISE<\/strong><\/p>\n<p style=\"margin-bottom: 8px; margin-top: 0px; line-height: 1.6;\">Vor Anwendung auf nicht genannten Materialien ist die Vertr\u00e4glichkeit an einer verdeckten Stelle zu pr\u00fcfen. Dies sollte vor allem bei der Anwendung auf Lacken und Kunststoffen erfolgen. Zum Erhalt der Produkteigenschaften SLV60 BC frostfrei lagern.<\/p>\n<p style=\"margin-bottom: 10px; margin-top: 30px;\"><strong>TECHNISCHE DATEN<\/strong><\/p>\n<p style=\"margin-bottom: 8px; margin-top: 0px; line-height: 1.6;\"><strong>Form<\/strong>: fl\u00fcssig<\/p>\n<p style=\"margin-bottom: 8px; margin-top: 0px; line-height: 1.6;\"><strong>Dichte (20 \u00b0C)<\/strong>: ca. 0,962 g\/cm\u00b3<\/p>\n<p style=\"margin-bottom: 8px; margin-top: 0px; line-height: 1.6;\"><strong>Siedebereich<\/strong>: ca. 100 \u00b0C<\/p>\n","protected":false},"excerpt":{"rendered":"<p>MULTIFUNKTIONALER \u00d6RANGENOL GERUCHSBINDER\u00a0UND SPEZIALREINIGER\u00a0F\u00dcR K\u00dcCHE\u00a0UND TECHNIK SLV60 BC zerst\u00f6rt \u00fcbelriechende Schwefelwasserstoffverbindungen und beseitigt somit F\u00e4ulnisger\u00fcche. SLV60 BC entfernt Verunreinigungen wie Fette, Wachse, Druckfarben, \u00d6l- sowie Teerr\u00fcckst\u00e4nde und Ru\u00df von Motoren, Arbeitsger\u00e4ten, Maschinenteilen. ANWENDUNGSBEREICHE SLV60 BC kann eingesetzt werden in: K\u00fcchen, Schlachth\u00f6fe, Kl\u00e4ranlagen, M\u00fclldeponien, M\u00fcllfahrzeuge, Tierverwertungsbetriebe, Tierheime, Toilettenanlagen, Schwimmb\u00e4der, Saunen, Sportst\u00e4tten, Hotels, Restaurants, Kantinen, Kunststoff- und&#8230;<\/p>\n","protected":false},"featured_media":6219,"template":"","meta":[],"product_brand":[337],"product_cat":[354,357,375],"product_tag":[],"class_list":{"0":"post-6218","1":"product","2":"type-product","3":"status-publish","4":"has-post-thumbnail","6":"product_brand-flore-chemie","7":"product_cat-flore-chemie-produkte","8":"product_cat-hotel-und-gastronomiegewerbe","9":"product_cat-spezialprodukte-fuer-lebensmittelindustrie-kuechen-baeckereien-raeuchereien-tiefkuehlraeume-u-a","11":"first","12":"instock","13":"shipping-taxable","14":"purchasable","15":"product-type-variable","16":"has-default-attributes"},"_links":{"self":[{"href":"https:\/\/e-flore.store\/de\/wp-json\/wp\/v2\/product\/6218","targetHints":{"allow":["GET"]}}],"collection":[{"href":"https:\/\/e-flore.store\/de\/wp-json\/wp\/v2\/product"}],"about":[{"href":"https:\/\/e-flore.store\/de\/wp-json\/wp\/v2\/types\/product"}],"wp:featuredmedia":[{"embeddable":true,"href":"https:\/\/e-flore.store\/de\/wp-json\/wp\/v2\/media\/6219"}],"wp:attachment":[{"href":"https:\/\/e-flore.store\/de\/wp-json\/wp\/v2\/media?parent=6218"}],"wp:term":[{"taxonomy":"product_brand","embeddable":true,"href":"https:\/\/e-flore.store\/de\/wp-json\/wp\/v2\/product_brand?post=6218"},{"taxonomy":"product_cat","embeddable":true,"href":"https:\/\/e-flore.store\/de\/wp-json\/wp\/v2\/product_cat?post=6218"},{"taxonomy":"product_tag","embeddable":true,"href":"https:\/\/e-flore.store\/de\/wp-json\/wp\/v2\/product_tag?post=6218"}],"curies":[{"name":"wp","href":"https:\/\/api.w.org\/{rel}","templated":true}]}}