{"id":6224,"date":"2026-02-03T16:04:47","date_gmt":"2026-02-03T14:04:47","guid":{"rendered":"https:\/\/demo8.izveide.id.lv\/?post_type=product&#038;p=6224"},"modified":"2026-03-26T14:58:22","modified_gmt":"2026-03-26T12:58:22","slug":"florin-fr","status":"publish","type":"product","link":"https:\/\/e-flore.store\/de\/produkt\/florin-fr\/","title":{"rendered":"Florin FR"},"content":{"rendered":"<p><img decoding=\"async\" class=\"alignnone size-full wp-image-430\" style=\"width: 100%; height: auto; display: block;\" src=\"\/wp-content\/uploads\/2026\/01\/0327-PARENT_desc.jpg\" alt=\"0327-PARENT\" width=\"100%\" srcset=\"https:\/\/e-flore.store\/wp-content\/uploads\/2026\/01\/0327-PARENT_desc.jpg 957w, https:\/\/e-flore.store\/wp-content\/uploads\/2026\/01\/0327-PARENT_desc-600x450.jpg 600w, https:\/\/e-flore.store\/wp-content\/uploads\/2026\/01\/0327-PARENT_desc-300x225.jpg 300w\" sizes=\"(max-width: 957px) 100vw, 957px\" \/><\/p>\n<div id=\"eflore-spacer-v55\" style=\"height: 0px; clear: both; width: 100%; display: block;\"><\/div>\n<p style=\"margin-bottom: 10px; margin-top: 30px;\"><strong>FELGENREINIGER UND ALUREINIGER<\/strong><\/p>\n<p style=\"margin-bottom: 10px; margin-top: 30px;\"><strong>FLORIN\u00ae\u00a0FR<\/strong><\/p>\n<p style=\"margin-bottom: 8px; margin-top: 0px; line-height: 1.6;\">ist ein saurer, flusss\u00e4urefreier Felgenreiniger. Florin\u00ae FR entfernt schnell und gr\u00fcndlich hartn\u00e4ckigen Bremsabrieb, Bremsfl\u00fcssigkeit, Fett und \u00f6ligen Schmutz. Das Produkt eignet sich auch hervorragend zur Reinigung von Aluteilen an Chassis und Aufliegern von LKW. Vortest n\u00f6tig.<\/p>\n<p style=\"margin-bottom: 10px; margin-top: 30px;\"><strong>ANWENDUNGSBEREICHE<\/strong><\/p>\n<p style=\"margin-bottom: 8px; margin-top: 0px; line-height: 1.6;\">Waschhallen, Tankstellen, Autowerkst\u00e4tten, Industriebetriebe, Speditionsunternehmen.<\/p>\n<p style=\"margin-bottom: 10px; margin-top: 30px;\"><strong>VERARBEITUNGSHINWEISE<\/strong><\/p>\n<p style=\"margin-bottom: 8px; margin-top: 0px; line-height: 1.6;\">Florin\u00ae\u00a0FR wird je nach Verschmutzung 1:3 bis 1: 20 mit kaltem Wasser verd\u00fcnnt. Produkt aufspr\u00fchen oder mit B\u00fcrste auftragen, nicht vernebeln. Danach mit HD-Ger\u00e4t oder hartem Wasserstrahl abwaschen. Auch zur Anwendung in Felgenwaschanlagen geeignet.<\/p>\n<p style=\"margin-bottom: 10px; margin-top: 30px;\"><strong>WEITERE HINWEISE<\/strong><\/p>\n<p style=\"margin-bottom: 8px; margin-top: 0px; line-height: 1.6;\">Vor Anwendung auf Fl\u00e4chen bei denen Ungewissheit bzgl. der Materialvertr\u00e4glichkeit besteht, Vortest an verdeckter Stelle durchf\u00fchren! Nicht auf Edelstahl anwenden! S\u00e4urehaltig &#8211; nicht auf hei\u00dfe Fl\u00e4chen auftragen. Immer das Produkt zum Wasser geben, nie umgekehrt.<\/p>\n<p style=\"margin-bottom: 8px; margin-top: 0px; line-height: 1.6;\">Ab einer Anwendungskonzentration von 1:30 ist Florin\u00ae FR nicht mehr kennzeichnungspflichtig.<\/p>\n<p style=\"margin-bottom: 10px; margin-top: 30px;\"><strong>TECHNISCHE DATEN<\/strong><\/p>\n<p style=\"margin-bottom: 8px; margin-top: 0px; line-height: 1.6;\"><strong>Form<\/strong>: fl\u00fcssig<\/p>\n<p style=\"margin-bottom: 8px; margin-top: 0px; line-height: 1.6;\"><strong>Dichte (20 \u00b0C)<\/strong>: 1,2 g\/ml<\/p>\n<p style=\"margin-bottom: 8px; margin-top: 0px; line-height: 1.6;\"><strong>pH-Wert (1%)<\/strong>: 1<\/p>\n<p style=\"margin-bottom: 8px; margin-top: 0px; line-height: 1.6;\"><strong>INHALTSSTOFFE<\/strong>: anorganische S\u00e4uren, nichtionische Tenside, Hilfs-, Duftund Farbstoffe<\/p>\n","protected":false},"excerpt":{"rendered":"<p>FELGENREINIGER UND ALUREINIGER FLORIN\u00ae\u00a0FR ist ein saurer, flusss\u00e4urefreier Felgenreiniger. Florin\u00ae FR entfernt schnell und gr\u00fcndlich hartn\u00e4ckigen Bremsabrieb, Bremsfl\u00fcssigkeit, Fett und \u00f6ligen Schmutz. Das Produkt eignet sich auch hervorragend zur Reinigung von Aluteilen an Chassis und Aufliegern von LKW. Vortest n\u00f6tig. ANWENDUNGSBEREICHE Waschhallen, Tankstellen, Autowerkst\u00e4tten, Industriebetriebe, Speditionsunternehmen. VERARBEITUNGSHINWEISE Florin\u00ae\u00a0FR wird je nach Verschmutzung 1:3 bis 1:&#8230;<\/p>\n","protected":false},"featured_media":6225,"template":"","meta":[],"product_brand":[337],"product_cat":[354,381,378],"product_tag":[],"class_list":{"0":"post-6224","1":"product","2":"type-product","3":"status-publish","4":"has-post-thumbnail","6":"product_brand-flore-chemie","7":"product_cat-flore-chemie-produkte","8":"product_cat-kfz-reinigung-und-pflege","9":"product_cat-industrie-technik-maschinenbau-elektroanlagen","11":"first","12":"instock","13":"shipping-taxable","14":"purchasable","15":"product-type-variable","16":"has-default-attributes"},"_links":{"self":[{"href":"https:\/\/e-flore.store\/de\/wp-json\/wp\/v2\/product\/6224","targetHints":{"allow":["GET"]}}],"collection":[{"href":"https:\/\/e-flore.store\/de\/wp-json\/wp\/v2\/product"}],"about":[{"href":"https:\/\/e-flore.store\/de\/wp-json\/wp\/v2\/types\/product"}],"wp:featuredmedia":[{"embeddable":true,"href":"https:\/\/e-flore.store\/de\/wp-json\/wp\/v2\/media\/6225"}],"wp:attachment":[{"href":"https:\/\/e-flore.store\/de\/wp-json\/wp\/v2\/media?parent=6224"}],"wp:term":[{"taxonomy":"product_brand","embeddable":true,"href":"https:\/\/e-flore.store\/de\/wp-json\/wp\/v2\/product_brand?post=6224"},{"taxonomy":"product_cat","embeddable":true,"href":"https:\/\/e-flore.store\/de\/wp-json\/wp\/v2\/product_cat?post=6224"},{"taxonomy":"product_tag","embeddable":true,"href":"https:\/\/e-flore.store\/de\/wp-json\/wp\/v2\/product_tag?post=6224"}],"curies":[{"name":"wp","href":"https:\/\/api.w.org\/{rel}","templated":true}]}}