{"id":6230,"date":"2026-02-03T16:04:48","date_gmt":"2026-02-03T14:04:48","guid":{"rendered":"https:\/\/demo8.izveide.id.lv\/?post_type=product&#038;p=6230"},"modified":"2026-03-26T14:58:18","modified_gmt":"2026-03-26T12:58:18","slug":"florin-autopur-neu","status":"publish","type":"product","link":"https:\/\/e-flore.store\/de\/produkt\/florin-autopur-neu\/","title":{"rendered":"Florin Autopur Neu"},"content":{"rendered":"<p><img decoding=\"async\" class=\"alignnone size-full wp-image-347\" style=\"width: 100%; height: auto; display: block;\" src=\"\/wp-content\/uploads\/2026\/01\/0043-PARENT_desc.jpg\" alt=\"0043-PARENT\" width=\"100%\" srcset=\"https:\/\/e-flore.store\/wp-content\/uploads\/2026\/01\/0043-PARENT_desc.jpg 957w, https:\/\/e-flore.store\/wp-content\/uploads\/2026\/01\/0043-PARENT_desc-600x450.jpg 600w, https:\/\/e-flore.store\/wp-content\/uploads\/2026\/01\/0043-PARENT_desc-300x225.jpg 300w\" sizes=\"(max-width: 957px) 100vw, 957px\" \/><\/p>\n<div id=\"eflore-spacer-v55\" style=\"height: 0px; clear: both; width: 100%; display: block;\"><\/div>\n<p style=\"margin-bottom: 10px; margin-top: 30px;\"><strong>NEUTRALES AUTOSHAMPOO<\/strong><\/p>\n<p style=\"margin-bottom: 10px; margin-top: 30px;\"><strong>EIGENSCHAFTEN<\/strong><\/p>\n<p style=\"margin-bottom: 8px; margin-top: 0px; line-height: 1.6;\">&#8211; umweltfreundliches Autoshampoo mit optimaler Reinigungs- und Pflegewirkung.<\/p>\n<p style=\"margin-bottom: 8px; margin-top: 0px; line-height: 1.6;\">&#8211; macht Abledern \u00fcberfl\u00fcssig, selbst bei hartem Wasser entstehen keine Tropfspuren.<\/p>\n<p style=\"margin-bottom: 8px; margin-top: 0px; line-height: 1.6;\">&#8211; dadurch speziell zur Reinigung von gro\u00dffl\u00e4chigen Fahrzeugen geeignet.<\/p>\n<p style=\"margin-bottom: 8px; margin-top: 0px; line-height: 1.6;\">&#8211; reinigt und sch\u00fctzt gleichzeitig Lacke, Kunststoffe und Gummi.<\/p>\n<p style=\"margin-bottom: 8px; margin-top: 0px; line-height: 1.6;\">&#8211; entfernt schnell und gr\u00fcndlich Fett, Insekten, Ru\u00df und Umweltablagerungen.<\/p>\n<p style=\"margin-bottom: 8px; margin-top: 0px; line-height: 1.6;\">&#8211; die enthaltenen Pflegekomponenten verhindern ein Austrocknen der Lacke.<\/p>\n<p style=\"margin-bottom: 8px; margin-top: 0px; line-height: 1.6;\">&#8211; stumpfe Lacke werden wieder gl\u00e4nzend.<\/p>\n<p style=\"margin-bottom: 8px; margin-top: 0px; line-height: 1.6;\">&#8211; hautfreundlich.<\/p>\n<p style=\"margin-bottom: 8px; margin-top: 0px; line-height: 1.6;\">&#8211; angenehm im Geruch.<\/p>\n<p style=\"margin-bottom: 8px; margin-top: 0px; line-height: 1.6;\">&#8211; verbessertes Aufrei\u00df- und Abperlverhalten.<\/p>\n<p style=\"margin-bottom: 10px; margin-top: 30px;\"><strong>EINSATZGEBIETE<\/strong><\/p>\n<p style=\"margin-bottom: 8px; margin-top: 0px; line-height: 1.6;\">&#8211; Autobusse, LKW, PKW.<\/p>\n<p style=\"margin-bottom: 8px; margin-top: 0px; line-height: 1.6;\">&#8211; Waggons, Container.<\/p>\n<p style=\"margin-bottom: 8px; margin-top: 0px; line-height: 1.6;\">&#8211; Seilbahngondeln etc.<\/p>\n<p style=\"margin-bottom: 10px; margin-top: 30px;\"><strong>ANWENDUNG<\/strong><\/p>\n<p style=\"margin-bottom: 8px; margin-top: 0px; line-height: 1.6;\">&#8211; Produkt je nach Verschmutzungsgrad und Anwendungsbereich mit der 100 &#8211; 500fachen.<\/p>\n<p style=\"margin-bottom: 8px; margin-top: 0px; line-height: 1.6;\">&#8211; Menge Wasser verd\u00fcnnen.<\/p>\n<p style=\"margin-bottom: 8px; margin-top: 0px; line-height: 1.6;\">&#8211; manuelle Verarbeitung: mit weichem Schwamm, B\u00fcrste oder Lappen auftragen.<\/p>\n<p style=\"margin-bottom: 8px; margin-top: 0px; line-height: 1.6;\">&#8211; maschinelle Verarbeitung: per HD-Ger\u00e4t oder in automatischen Waschanlagen anwenden.<\/p>\n<p style=\"margin-bottom: 8px; margin-top: 0px; line-height: 1.6;\">&#8211; frostfrei lagern.<\/p>\n<p style=\"margin-bottom: 8px; margin-top: 0px; line-height: 1.6;\">Ab einer Anwendungskonzentration von 1:10 ist FLORIN\u00ae AUTOPUR NEU nicht mehr kennzeichnungspflichtig.<\/p>\n<p style=\"margin-bottom: 10px; margin-top: 30px;\"><strong>TECHNISCHE DATEN<\/strong><\/p>\n<p style=\"margin-bottom: 8px; margin-top: 0px; line-height: 1.6;\"><strong>Form<\/strong>: fl\u00fcssig<\/p>\n<p style=\"margin-bottom: 8px; margin-top: 0px; line-height: 1.6;\"><strong>Dichte (20 \u00b0C)<\/strong>: ca. 1,01 g\/ml<\/p>\n<p style=\"margin-bottom: 8px; margin-top: 0px; line-height: 1.6;\"><strong>pH-Wert (Konzentrat)<\/strong>: ca. 2-3<\/p>\n<p style=\"margin-bottom: 8px; margin-top: 0px; line-height: 1.6;\"><strong>INHALTSSTOFFE<\/strong>: anionische und nichtionische Tenside, Ger\u00fcststoffe, Konservierungsmittel, Pflegekomponenten<\/p>\n","protected":false},"excerpt":{"rendered":"<p>NEUTRALES AUTOSHAMPOO EIGENSCHAFTEN &#8211; umweltfreundliches Autoshampoo mit optimaler Reinigungs- und Pflegewirkung. &#8211; macht Abledern \u00fcberfl\u00fcssig, selbst bei hartem Wasser entstehen keine Tropfspuren. &#8211; dadurch speziell zur Reinigung von gro\u00dffl\u00e4chigen Fahrzeugen geeignet. &#8211; reinigt und sch\u00fctzt gleichzeitig Lacke, Kunststoffe und Gummi. &#8211; entfernt schnell und gr\u00fcndlich Fett, Insekten, Ru\u00df und Umweltablagerungen. &#8211; die enthaltenen Pflegekomponenten verhindern&#8230;<\/p>\n","protected":false},"featured_media":6231,"template":"","meta":[],"product_brand":[337],"product_cat":[354,381,378],"product_tag":[],"class_list":{"0":"post-6230","1":"product","2":"type-product","3":"status-publish","4":"has-post-thumbnail","6":"product_brand-flore-chemie","7":"product_cat-flore-chemie-produkte","8":"product_cat-kfz-reinigung-und-pflege","9":"product_cat-industrie-technik-maschinenbau-elektroanlagen","11":"first","12":"instock","13":"shipping-taxable","14":"purchasable","15":"product-type-variable","16":"has-default-attributes"},"_links":{"self":[{"href":"https:\/\/e-flore.store\/de\/wp-json\/wp\/v2\/product\/6230","targetHints":{"allow":["GET"]}}],"collection":[{"href":"https:\/\/e-flore.store\/de\/wp-json\/wp\/v2\/product"}],"about":[{"href":"https:\/\/e-flore.store\/de\/wp-json\/wp\/v2\/types\/product"}],"wp:featuredmedia":[{"embeddable":true,"href":"https:\/\/e-flore.store\/de\/wp-json\/wp\/v2\/media\/6231"}],"wp:attachment":[{"href":"https:\/\/e-flore.store\/de\/wp-json\/wp\/v2\/media?parent=6230"}],"wp:term":[{"taxonomy":"product_brand","embeddable":true,"href":"https:\/\/e-flore.store\/de\/wp-json\/wp\/v2\/product_brand?post=6230"},{"taxonomy":"product_cat","embeddable":true,"href":"https:\/\/e-flore.store\/de\/wp-json\/wp\/v2\/product_cat?post=6230"},{"taxonomy":"product_tag","embeddable":true,"href":"https:\/\/e-flore.store\/de\/wp-json\/wp\/v2\/product_tag?post=6230"}],"curies":[{"name":"wp","href":"https:\/\/api.w.org\/{rel}","templated":true}]}}