{"id":6236,"date":"2026-02-03T16:04:51","date_gmt":"2026-02-03T14:04:51","guid":{"rendered":"https:\/\/demo8.izveide.id.lv\/?post_type=product&#038;p=6236"},"modified":"2026-03-26T14:58:13","modified_gmt":"2026-03-26T12:58:13","slug":"florin-700","status":"publish","type":"product","link":"https:\/\/e-flore.store\/de\/produkt\/florin-700\/","title":{"rendered":"Florin 700"},"content":{"rendered":"<p><img decoding=\"async\" class=\"alignnone size-full wp-image-364\" style=\"width: 100%; height: auto; display: block;\" src=\"\/wp-content\/uploads\/2026\/01\/0070-PARENT_desc.jpg\" alt=\"0070-PARENT\" width=\"100%\" srcset=\"https:\/\/e-flore.store\/wp-content\/uploads\/2026\/01\/0070-PARENT_desc.jpg 958w, https:\/\/e-flore.store\/wp-content\/uploads\/2026\/01\/0070-PARENT_desc-600x400.jpg 600w, https:\/\/e-flore.store\/wp-content\/uploads\/2026\/01\/0070-PARENT_desc-300x200.jpg 300w\" sizes=\"(max-width: 958px) 100vw, 958px\" \/><\/p>\n<div id=\"eflore-spacer-v55\" style=\"height: 0px; clear: both; width: 100%; display: block;\"><\/div>\n<p style=\"margin-bottom: 10px; margin-top: 30px;\"><strong>R\u00dcCKPFLEGENDER UNIVERSALREINIGER<\/strong><\/p>\n<p style=\"margin-bottom: 10px; margin-top: 30px;\"><strong>FLORIN\u00ae 700<\/strong><\/p>\n<p style=\"margin-bottom: 8px; margin-top: 0px; line-height: 1.6;\">ist zur Reinigung aller abwaschbaren Fl\u00e4chen geeignet und l\u00f6st Fette, \u00d6le, Ru\u00df und Umweltablagerungen. FLORIN\u00ae 700 wirkt r\u00fcckpflegend und hinterl\u00e4sst eine schlierenfreie Oberfl\u00e4che. FLORIN\u00ae 700 ist umweltfreundlich, unbrennbar, nicht toxisch und frei von AOX und EDTA. FLORIN\u00ae 700 ist hervorragend zur Verarbeitung in Dampf- und HD-Ger\u00e4ten sowie Sch\u00e4umerger\u00e4ten geeignet.<\/p>\n<p style=\"margin-bottom: 10px; margin-top: 30px;\"><strong>ANWENDUNGSBEREICHE<\/strong><\/p>\n<p style=\"margin-bottom: 8px; margin-top: 0px; line-height: 1.6;\">Planen, Fahrzeuge, Motoren, Werkst\u00e4tten etc. VERARBEITUNGSHINWEISE FLORIN\u00ae 700 ist ein Konzentrat und muss deshalb je nach Anwendungsbereich mit der 10- bis 500fachen Menge an Wasser verd\u00fcnnt werden. FLORIN\u00ae 700 aufspr\u00fchen, kurz einwirken lassen und den gel\u00f6sten Schmutz entfernen.<\/p>\n<p style=\"margin-bottom: 10px; margin-top: 30px;\"><strong>WEITERE HINWEISE<\/strong><\/p>\n<p style=\"margin-bottom: 8px; margin-top: 0px; line-height: 1.6;\">Vorsicht bei Anwendung auf Bunt- und Leichtmetallen! Vor dem Einsatz auf nicht genannten Materialien Vortest an verdeckter Stelle durchf\u00fchren. Zum Erhalt der Produkteigenschaften FLORIN\u00ae 700 frostfrei lagern.<\/p>\n<p style=\"margin-bottom: 8px; margin-top: 0px; line-height: 1.6;\">Ab einer Anwendungskonzentration von 1:25 ist FLORIN\u00ae 700 nicht mehr kennzeichnungspflichtig.<\/p>\n<p style=\"margin-bottom: 10px; margin-top: 30px;\"><strong>TECHNISCHE DATEN<\/strong><\/p>\n<p style=\"margin-bottom: 8px; margin-top: 0px; line-height: 1.6;\"><strong>Form<\/strong>: fl\u00fcssig<\/p>\n<p style=\"margin-bottom: 8px; margin-top: 0px; line-height: 1.6;\"><strong>Dichte (20 \u00b0C)<\/strong>: 1,07-1,09 g\/cm\u00b3<\/p>\n<p style=\"margin-bottom: 8px; margin-top: 0px; line-height: 1.6;\"><strong>Siedepunkt<\/strong>: 100 \u00b0C<\/p>\n<p style=\"margin-bottom: 8px; margin-top: 0px; line-height: 1.6;\"><strong>pH-Wert (Konz.)<\/strong>: &lt; 13<\/p>\n<p style=\"margin-bottom: 8px; margin-top: 0px; line-height: 1.6;\"><strong>pH-Wert (10%ig)<\/strong>: ca. 11<\/p>\n<p style=\"margin-bottom: 8px; margin-top: 0px; line-height: 1.6;\"><strong>INHALTSSTOFFE<\/strong>: anionische und nichtionische Tenside, Phosphate, Kaliumhydroxid, Farb- und Duftstoffe<\/p>\n","protected":false},"excerpt":{"rendered":"<p>R\u00dcCKPFLEGENDER UNIVERSALREINIGER FLORIN\u00ae 700 ist zur Reinigung aller abwaschbaren Fl\u00e4chen geeignet und l\u00f6st Fette, \u00d6le, Ru\u00df und Umweltablagerungen. FLORIN\u00ae 700 wirkt r\u00fcckpflegend und hinterl\u00e4sst eine schlierenfreie Oberfl\u00e4che. FLORIN\u00ae 700 ist umweltfreundlich, unbrennbar, nicht toxisch und frei von AOX und EDTA. FLORIN\u00ae 700 ist hervorragend zur Verarbeitung in Dampf- und HD-Ger\u00e4ten sowie Sch\u00e4umerger\u00e4ten geeignet. ANWENDUNGSBEREICHE Planen,&#8230;<\/p>\n","protected":false},"featured_media":6237,"template":"","meta":[],"product_brand":[337],"product_cat":[354,381,378],"product_tag":[],"class_list":{"0":"post-6236","1":"product","2":"type-product","3":"status-publish","4":"has-post-thumbnail","6":"product_brand-flore-chemie","7":"product_cat-flore-chemie-produkte","8":"product_cat-kfz-reinigung-und-pflege","9":"product_cat-industrie-technik-maschinenbau-elektroanlagen","11":"first","12":"instock","13":"shipping-taxable","14":"purchasable","15":"product-type-variable","16":"has-default-attributes"},"_links":{"self":[{"href":"https:\/\/e-flore.store\/de\/wp-json\/wp\/v2\/product\/6236","targetHints":{"allow":["GET"]}}],"collection":[{"href":"https:\/\/e-flore.store\/de\/wp-json\/wp\/v2\/product"}],"about":[{"href":"https:\/\/e-flore.store\/de\/wp-json\/wp\/v2\/types\/product"}],"wp:featuredmedia":[{"embeddable":true,"href":"https:\/\/e-flore.store\/de\/wp-json\/wp\/v2\/media\/6237"}],"wp:attachment":[{"href":"https:\/\/e-flore.store\/de\/wp-json\/wp\/v2\/media?parent=6236"}],"wp:term":[{"taxonomy":"product_brand","embeddable":true,"href":"https:\/\/e-flore.store\/de\/wp-json\/wp\/v2\/product_brand?post=6236"},{"taxonomy":"product_cat","embeddable":true,"href":"https:\/\/e-flore.store\/de\/wp-json\/wp\/v2\/product_cat?post=6236"},{"taxonomy":"product_tag","embeddable":true,"href":"https:\/\/e-flore.store\/de\/wp-json\/wp\/v2\/product_tag?post=6236"}],"curies":[{"name":"wp","href":"https:\/\/api.w.org\/{rel}","templated":true}]}}