{"id":6242,"date":"2026-02-03T16:04:52","date_gmt":"2026-02-03T14:04:52","guid":{"rendered":"https:\/\/demo8.izveide.id.lv\/?post_type=product&#038;p=6242"},"modified":"2026-03-26T14:58:04","modified_gmt":"2026-03-26T12:58:04","slug":"flamil-100","status":"publish","type":"product","link":"https:\/\/e-flore.store\/de\/produkt\/flamil-100\/","title":{"rendered":"Flamil 100"},"content":{"rendered":"<p><img decoding=\"async\" class=\"alignnone size-full wp-image-314\" style=\"width: 100%; height: auto; display: block;\" src=\"\/wp-content\/uploads\/2026\/01\/0010-PARENT_desc.jpg\" alt=\"0010-PARENT\" width=\"100%\" srcset=\"https:\/\/e-flore.store\/wp-content\/uploads\/2026\/01\/0010-PARENT_desc.jpg 957w, https:\/\/e-flore.store\/wp-content\/uploads\/2026\/01\/0010-PARENT_desc-600x450.jpg 600w, https:\/\/e-flore.store\/wp-content\/uploads\/2026\/01\/0010-PARENT_desc-300x225.jpg 300w\" sizes=\"(max-width: 957px) 100vw, 957px\" \/><\/p>\n<div id=\"eflore-spacer-v55\" style=\"height: 0px; clear: both; width: 100%; display: block;\"><\/div>\n<p style=\"margin-bottom: 10px; margin-top: 30px;\"><strong>UNIVERSALREINIGER<\/strong><\/p>\n<p style=\"margin-bottom: 10px; margin-top: 30px;\"><strong>EIGENSCHAFTEN<\/strong><\/p>\n<p style=\"margin-bottom: 8px; margin-top: 0px; line-height: 1.6;\">\u2022 l\u00f6st und entfernt Fette, \u00d6le, Harz, Kohle, Tinte, Ru\u00df, Zucker, Schimmel, Moder, Siliconr\u00fcckst\u00e4nde und sonstige Ablagerungen.<\/p>\n<p style=\"margin-bottom: 8px; margin-top: 0px; line-height: 1.6;\">\u2022 idealer Hochdruckreiniger.<\/p>\n<p style=\"margin-bottom: 10px; margin-top: 30px;\"><strong>EINSATZGEBIETE<\/strong><\/p>\n<p style=\"margin-bottom: 8px; margin-top: 0px; line-height: 1.6;\">Fahrzeuge, Fenster, T\u00fcren, Lader\u00e4ume von Liefer- und Lastwagen, B\u00fcros, K\u00fchlschr\u00e4nke, Schulpulte, Badewannen, Fliesen, Terrazzo, Marmor, Pkw innen und au\u00dfen, F\u00f6rderb\u00e4nder, Lichtkuppeln, Container, lackierte und kunststoff-beschichtete Fassaden, Bahnwagen usw.<\/p>\n<p style=\"margin-bottom: 10px; margin-top: 30px;\"><strong>ANWENDUNG<\/strong><\/p>\n<p style=\"margin-bottom: 8px; margin-top: 0px; line-height: 1.6;\">\u2022 Verd\u00fcnnung mit 5 bis 200 Teilen Wasser.<\/p>\n<p style=\"margin-bottom: 8px; margin-top: 0px; line-height: 1.6;\">\u2022 Im Wisch-, Spr\u00fch- oder Tauchverfahren Auftragen, 5-10 min einwirken lassen, gel\u00f6sten Schmutz mit Lappen, B\u00fcrste, Pinsel oder Wasserstrahl entfernen.<\/p>\n<p style=\"margin-bottom: 8px; margin-top: 0px; line-height: 1.6;\">\u2022 Bei Verwendung in HD-Ger\u00e4ten empfehlen wir eine Verd\u00fcnnung von 1:50 bis 1:500.<\/p>\n<p style=\"margin-bottom: 8px; margin-top: 0px; line-height: 1.6;\">\u2022 Gesteigerte Wirkung durch Verwendung von hei\u00dfem Wasser.<\/p>\n<p style=\"margin-bottom: 8px; margin-top: 0px; line-height: 1.6;\">\u2022 Frostfrei lagern.<\/p>\n<p style=\"margin-bottom: 10px; margin-top: 30px;\"><strong>TECHNISCHE DATEN<\/strong><\/p>\n<p style=\"margin-bottom: 8px; margin-top: 0px; line-height: 1.6;\"><strong>Form<\/strong>: fl\u00fcssig<\/p>\n<p style=\"margin-bottom: 8px; margin-top: 0px; line-height: 1.6;\"><strong>Dichte (20 \u00b0C)<\/strong>: ca. 1,1 g\/ml<\/p>\n<p style=\"margin-bottom: 8px; margin-top: 0px; line-height: 1.6;\"><strong>Siedebereich<\/strong>: &gt; 100 \u00b0C<\/p>\n<p style=\"margin-bottom: 8px; margin-top: 0px; line-height: 1.6;\"><strong>pH-Wert (unverd\u00fcnnt)<\/strong>: &gt; 12<\/p>\n<p style=\"margin-bottom: 8px; margin-top: 0px; line-height: 1.6;\"><strong>pH-Wert (1 %ig)<\/strong>: ca. 11<\/p>\n<p style=\"margin-bottom: 8px; margin-top: 0px; line-height: 1.6;\"><strong>INHALTSSTOFFE<\/strong>: anionische und nichtionische Tenside, Phosphate, Kaliumhydroxid und Hilfsstoffe<\/p>\n","protected":false},"excerpt":{"rendered":"<p>UNIVERSALREINIGER EIGENSCHAFTEN \u2022 l\u00f6st und entfernt Fette, \u00d6le, Harz, Kohle, Tinte, Ru\u00df, Zucker, Schimmel, Moder, Siliconr\u00fcckst\u00e4nde und sonstige Ablagerungen. \u2022 idealer Hochdruckreiniger. EINSATZGEBIETE Fahrzeuge, Fenster, T\u00fcren, Lader\u00e4ume von Liefer- und Lastwagen, B\u00fcros, K\u00fchlschr\u00e4nke, Schulpulte, Badewannen, Fliesen, Terrazzo, Marmor, Pkw innen und au\u00dfen, F\u00f6rderb\u00e4nder, Lichtkuppeln, Container, lackierte und kunststoff-beschichtete Fassaden, Bahnwagen usw. ANWENDUNG \u2022 Verd\u00fcnnung mit&#8230;<\/p>\n","protected":false},"featured_media":6243,"template":"","meta":[],"product_brand":[337],"product_cat":[354,381,378],"product_tag":[],"class_list":{"0":"post-6242","1":"product","2":"type-product","3":"status-publish","4":"has-post-thumbnail","6":"product_brand-flore-chemie","7":"product_cat-flore-chemie-produkte","8":"product_cat-kfz-reinigung-und-pflege","9":"product_cat-industrie-technik-maschinenbau-elektroanlagen","11":"first","12":"instock","13":"shipping-taxable","14":"purchasable","15":"product-type-variable","16":"has-default-attributes"},"_links":{"self":[{"href":"https:\/\/e-flore.store\/de\/wp-json\/wp\/v2\/product\/6242","targetHints":{"allow":["GET"]}}],"collection":[{"href":"https:\/\/e-flore.store\/de\/wp-json\/wp\/v2\/product"}],"about":[{"href":"https:\/\/e-flore.store\/de\/wp-json\/wp\/v2\/types\/product"}],"wp:featuredmedia":[{"embeddable":true,"href":"https:\/\/e-flore.store\/de\/wp-json\/wp\/v2\/media\/6243"}],"wp:attachment":[{"href":"https:\/\/e-flore.store\/de\/wp-json\/wp\/v2\/media?parent=6242"}],"wp:term":[{"taxonomy":"product_brand","embeddable":true,"href":"https:\/\/e-flore.store\/de\/wp-json\/wp\/v2\/product_brand?post=6242"},{"taxonomy":"product_cat","embeddable":true,"href":"https:\/\/e-flore.store\/de\/wp-json\/wp\/v2\/product_cat?post=6242"},{"taxonomy":"product_tag","embeddable":true,"href":"https:\/\/e-flore.store\/de\/wp-json\/wp\/v2\/product_tag?post=6242"}],"curies":[{"name":"wp","href":"https:\/\/api.w.org\/{rel}","templated":true}]}}