{"id":6253,"date":"2026-02-03T16:04:53","date_gmt":"2026-02-03T14:04:53","guid":{"rendered":"https:\/\/demo8.izveide.id.lv\/?post_type=product&#038;p=6253"},"modified":"2026-03-26T14:57:59","modified_gmt":"2026-03-26T12:57:59","slug":"florin-sv-zinn-und-zinkfest","status":"publish","type":"product","link":"https:\/\/e-flore.store\/de\/produkt\/florin-sv-zinn-und-zinkfest\/","title":{"rendered":"Florin SV Zinn und Zinkfest"},"content":{"rendered":"<p><img decoding=\"async\" class=\"alignnone size-full wp-image-2138\" style=\"width: 100%; height: auto; display: block;\" src=\"\/wp-content\/uploads\/2026\/01\/0102-PARENT_desc.jpg\" alt=\"0102-PARENT\" width=\"100%\" srcset=\"https:\/\/e-flore.store\/wp-content\/uploads\/2026\/01\/0102-PARENT_desc.jpg 2000w, https:\/\/e-flore.store\/wp-content\/uploads\/2026\/01\/0102-PARENT_desc-600x345.jpg 600w, https:\/\/e-flore.store\/wp-content\/uploads\/2026\/01\/0102-PARENT_desc-300x173.jpg 300w, https:\/\/e-flore.store\/wp-content\/uploads\/2026\/01\/0102-PARENT_desc-1024x589.jpg 1024w\" sizes=\"(max-width: 2000px) 100vw, 2000px\" \/><\/p>\n<div id=\"eflore-spacer-v55\" style=\"height: 0px; clear: both; width: 100%; display: block;\"><\/div>\n<p style=\"margin-bottom: 10px; margin-top: 30px;\"><strong>HOCHLEISTUNGSENTKALKER<\/strong><\/p>\n<p style=\"margin-bottom: 10px; margin-top: 30px;\"><strong>FLORIN\u00ae SV ZINN- UND ZINKFEST<\/strong><\/p>\n<p style=\"margin-bottom: 8px; margin-top: 0px; line-height: 1.6;\">ist ein hoch wirksamer, wasserl\u00f6slicher Kalk-, Mineral- und Urinsteinl\u00f6ser, der schnell und r\u00fcckstandslos entkalkt. Er entfernt Rost- und Oxidschichten, fl\u00e4chige Kalkbel\u00e4ge sowie Magnesium- und Sulfatschichten.<\/p>\n<p style=\"margin-bottom: 10px; margin-top: 30px;\"><strong>ANWENDUNGSBEREICHE<\/strong><\/p>\n<p style=\"margin-bottom: 8px; margin-top: 0px; line-height: 1.6;\">W\u00e4rmetauscher, Rohrleitungen, Heiz- und K\u00fchlschlangen, Heizst\u00e4be, Dampferzeuger, Hei\u00dfwasserkessel, Siebeins\u00e4tze von Wasserh\u00e4hnen, Filter und Kaffeemaschinen, Drainagen, Sp\u00fcl- und Waschmaschinen, Schwimmb\u00e4der, Saunen, Kessel, W\u00e4rmewagen und -becken, Fischbecken (ohne Fischbesatz; mehrmals gr\u00fcndlich sp\u00fclen!)<\/p>\n<p style=\"margin-bottom: 10px; margin-top: 30px;\"><strong>VERARBEITUNGSHINWEISE<\/strong><\/p>\n<p style=\"margin-bottom: 8px; margin-top: 0px; line-height: 1.6;\">FLORIN\u00ae SV ZINN- UND ZINKFEST ist ein Konzentrat und kann deshalb je nach Art der Verkalkung bis 1:10 mit Wasser verd\u00fcnnt werden. Im Wisch-, Durchlauf- oder Tauchverfahren 1 bis 10 Minute(n) oder ggf. auch \u00fcber Nacht einwirken lassen, anschlie\u00dfend mit kaltem Wasser nachsp\u00fclen.<\/p>\n<p style=\"margin-bottom: 10px; margin-top: 30px;\"><strong>WEITERE HINWEISE<\/strong><\/p>\n<p style=\"margin-bottom: 8px; margin-top: 0px; line-height: 1.6;\">Vor dem Einsatz auf nicht genannten Materialien Vortest an verdeckter Stelle durchf\u00fchren. Einwirkdauer auf Bunt- und Leichtmetalle und lackierte Fl\u00e4chen zeitlich begrenzen; ggf. Vortest durchf\u00fchren. Greift Zinn und Zink ab einer Verd\u00fcnnung von 1:20 bei Raumtemperatur nicht an. Beim Einleiten nicht verbrauchter S\u00e4ure in die Kanalisation ist eine Neutralisation mit Sodal\u00f6sung notwendig. Zum Erhalt der Produkteigenschaften FLORIN\u00ae SV ZINN- UND ZINKFEST frostfrei lagern.<\/p>\n<p style=\"margin-bottom: 8px; margin-top: 0px; line-height: 1.6;\">Ab einer Anwendungskonzentration von 1:10 ist FLORIN\u00ae SV ZINN- UND ZINKFEST nicht mehr kennzeichnungspflichtig.<\/p>\n<p style=\"margin-bottom: 10px; margin-top: 30px;\"><strong>TECHNISCHE DATEN<\/strong><\/p>\n<p style=\"margin-bottom: 8px; margin-top: 0px; line-height: 1.6;\"><strong>Form<\/strong>: fl\u00fcssig<\/p>\n<p style=\"margin-bottom: 8px; margin-top: 0px; line-height: 1.6;\"><strong>Dichte (20 \u00b0C)<\/strong>: 1,20 &#8211; 1,30 g\/ml<\/p>\n<p style=\"margin-bottom: 8px; margin-top: 0px; line-height: 1.6;\"><strong>Siedebereich<\/strong>: 100 &#8211; 135 \u00b0C<\/p>\n<p style=\"margin-bottom: 8px; margin-top: 0px; line-height: 1.6;\"><strong>pH-Wert (Konzentrat)<\/strong>: 1<\/p>\n<p style=\"margin-bottom: 8px; margin-top: 0px; line-height: 1.6;\"><strong>pH-Wert (1%ig)<\/strong>: ca. 1,6-1,8<\/p>\n<p style=\"margin-bottom: 8px; margin-top: 0px; line-height: 1.6;\"><strong>INHALTSSTOFFE<\/strong>: Phosphors\u00e4ure, Phosphors\u00e4ureester, nichtionische Tenside<\/p>\n","protected":false},"excerpt":{"rendered":"<p>HOCHLEISTUNGSENTKALKER FLORIN\u00ae SV ZINN- UND ZINKFEST ist ein hoch wirksamer, wasserl\u00f6slicher Kalk-, Mineral- und Urinsteinl\u00f6ser, der schnell und r\u00fcckstandslos entkalkt. Er entfernt Rost- und Oxidschichten, fl\u00e4chige Kalkbel\u00e4ge sowie Magnesium- und Sulfatschichten. ANWENDUNGSBEREICHE W\u00e4rmetauscher, Rohrleitungen, Heiz- und K\u00fchlschlangen, Heizst\u00e4be, Dampferzeuger, Hei\u00dfwasserkessel, Siebeins\u00e4tze von Wasserh\u00e4hnen, Filter und Kaffeemaschinen, Drainagen, Sp\u00fcl- und Waschmaschinen, Schwimmb\u00e4der, Saunen, Kessel, W\u00e4rmewagen und&#8230;<\/p>\n","protected":false},"featured_media":6254,"template":"","meta":[],"product_brand":[337],"product_cat":[354,378,387],"product_tag":[],"class_list":{"0":"post-6253","1":"product","2":"type-product","3":"status-publish","4":"has-post-thumbnail","6":"product_brand-flore-chemie","7":"product_cat-flore-chemie-produkte","8":"product_cat-industrie-technik-maschinenbau-elektroanlagen","9":"product_cat-spezialprodukte-fuer-reinigung-und-pflege","11":"first","12":"instock","13":"shipping-taxable","14":"purchasable","15":"product-type-variable","16":"has-default-attributes"},"_links":{"self":[{"href":"https:\/\/e-flore.store\/de\/wp-json\/wp\/v2\/product\/6253","targetHints":{"allow":["GET"]}}],"collection":[{"href":"https:\/\/e-flore.store\/de\/wp-json\/wp\/v2\/product"}],"about":[{"href":"https:\/\/e-flore.store\/de\/wp-json\/wp\/v2\/types\/product"}],"wp:featuredmedia":[{"embeddable":true,"href":"https:\/\/e-flore.store\/de\/wp-json\/wp\/v2\/media\/6254"}],"wp:attachment":[{"href":"https:\/\/e-flore.store\/de\/wp-json\/wp\/v2\/media?parent=6253"}],"wp:term":[{"taxonomy":"product_brand","embeddable":true,"href":"https:\/\/e-flore.store\/de\/wp-json\/wp\/v2\/product_brand?post=6253"},{"taxonomy":"product_cat","embeddable":true,"href":"https:\/\/e-flore.store\/de\/wp-json\/wp\/v2\/product_cat?post=6253"},{"taxonomy":"product_tag","embeddable":true,"href":"https:\/\/e-flore.store\/de\/wp-json\/wp\/v2\/product_tag?post=6253"}],"curies":[{"name":"wp","href":"https:\/\/api.w.org\/{rel}","templated":true}]}}