{"id":6265,"date":"2026-02-03T16:04:55","date_gmt":"2026-02-03T14:04:55","guid":{"rendered":"https:\/\/demo8.izveide.id.lv\/?post_type=product&#038;p=6265"},"modified":"2026-03-26T14:57:49","modified_gmt":"2026-03-26T12:57:49","slug":"flamil-cr-gel","status":"publish","type":"product","link":"https:\/\/e-flore.store\/de\/produkt\/flamil-cr-gel\/","title":{"rendered":"Flamil CR Gel"},"content":{"rendered":"<p><img decoding=\"async\" class=\"alignnone size-full wp-image-506\" style=\"width: 100%; height: auto; display: block;\" src=\"\/wp-content\/uploads\/2026\/01\/0773-PARENT_desc.jpg\" alt=\"0773-PARENT\" width=\"100%\" srcset=\"https:\/\/e-flore.store\/wp-content\/uploads\/2026\/01\/0773-PARENT_desc.jpg 600w, https:\/\/e-flore.store\/wp-content\/uploads\/2026\/01\/0773-PARENT_desc-300x200.jpg 300w\" sizes=\"(max-width: 600px) 100vw, 600px\" \/><\/p>\n<div id=\"eflore-spacer-v55\" style=\"height: 0px; clear: both; width: 100%; display: block;\"><\/div>\n<p style=\"margin-bottom: 10px; margin-top: 30px;\"><strong>AKTIVCHLORHALTIGES REINIGUNGSGEL<\/strong><\/p>\n<p style=\"margin-bottom: 10px; margin-top: 30px;\"><strong>FLAMIL\u00ae CR GEL<\/strong><\/p>\n<p style=\"margin-bottom: 8px; margin-top: 0px; line-height: 1.6;\">ist ein stark alkalischer und hochviskoser Reiniger mit einem Maximum an Aktivchlor f\u00fcr hygienische Sauberkeit. Seine Konsistenz ist sehr vorteilhaft bez\u00fcglich der vertikalen Verarbeitung auf Fliesen und Fugen. FLAMIL\u00ae CR GEL eignet sich zudem zur Reinigung von Fu\u00dfb\u00f6den sowie Maschinen, Beh\u00e4ltern und anderer Ger\u00e4tschaften in der Lebensmittelindustrie. Trotz der hohen Wirksamkeit zeichnet sich FLAMIL\u00ae CR GEL durch geringste Geruchsbelastung im Vergleich zu anderen Aktivchlorreinigern aus.<\/p>\n<p style=\"margin-bottom: 10px; margin-top: 30px;\"><strong>VERARBEITUNGSHINWEISE<\/strong><\/p>\n<p style=\"margin-bottom: 8px; margin-top: 0px; line-height: 1.6;\">Nicht auf Bunt- und Leichtmetallen verwenden! Nicht gemeinsam mit sauren Reinigern verwenden! Bei Verwendung in geschlossenen R\u00e4umen ist f\u00fcr ausreichende Bel\u00fcftung zu sorgen. FLAMIL\u00ae CR GEL sollte als Konzentrat auf die Verunreinigungen mittels Pinsel aufgetragen oder mit einer B\u00fcrste verrieben werden. Die Fl\u00e4chen k\u00f6nnen, m\u00fcssen jedoch im Vorfeld nicht angefeuchtet sein. Mindestens 15 Minuten oder bei Fugen mit Schimmelbefall \u00fcber Nacht einwirken lassen und im Anschluss mit reichlich klarem Wasser nachsp\u00fclen. FLAMIL\u00ae CR GEL kann auch beliebig mit Wasser gemischt und als fl\u00fcssiger, chloraktiver, alkalischer Unterhaltsreiniger verwendet werden. Warmes Wasser unterst\u00fctzt die Reinigungsleistung positiv.<\/p>\n<p style=\"margin-bottom: 10px; margin-top: 30px;\"><strong>WEITERER HINWEIS<\/strong><\/p>\n<p style=\"margin-bottom: 8px; margin-top: 0px; line-height: 1.6;\">Zum Erhalt der Produkteigenschaften FLAMIL\u00ae CR GEL frostfrei lagern.<\/p>\n<p style=\"margin-bottom: 10px; margin-top: 30px;\"><strong>TECHNISCHE DATEN<\/strong><\/p>\n<p style=\"margin-bottom: 8px; margin-top: 0px; line-height: 1.6;\"><strong>Form<\/strong>: dickfl\u00fcssig<\/p>\n<p style=\"margin-bottom: 8px; margin-top: 0px; line-height: 1.6;\"><strong>Dichte (20 \u00b0C)<\/strong>: 1,16 g\/ml<\/p>\n<p style=\"margin-bottom: 8px; margin-top: 0px; line-height: 1.6;\"><strong>pH-Wert (2%ig)<\/strong>: 13<\/p>\n<p style=\"margin-bottom: 8px; margin-top: 0px; line-height: 1.6;\"><strong>INHALTSSTOFFE<\/strong>: Kaliumhydroxid, Natriumhypochlorit, Stabilisatoren, Komplexbildner, amphotere Tenside<\/p>\n","protected":false},"excerpt":{"rendered":"<p>AKTIVCHLORHALTIGES REINIGUNGSGEL FLAMIL\u00ae CR GEL ist ein stark alkalischer und hochviskoser Reiniger mit einem Maximum an Aktivchlor f\u00fcr hygienische Sauberkeit. Seine Konsistenz ist sehr vorteilhaft bez\u00fcglich der vertikalen Verarbeitung auf Fliesen und Fugen. FLAMIL\u00ae CR GEL eignet sich zudem zur Reinigung von Fu\u00dfb\u00f6den sowie Maschinen, Beh\u00e4ltern und anderer Ger\u00e4tschaften in der Lebensmittelindustrie. Trotz der hohen&#8230;<\/p>\n","protected":false},"featured_media":6266,"template":"","meta":[],"product_brand":[337],"product_cat":[354,378,387],"product_tag":[],"class_list":{"0":"post-6265","1":"product","2":"type-product","3":"status-publish","4":"has-post-thumbnail","6":"product_brand-flore-chemie","7":"product_cat-flore-chemie-produkte","8":"product_cat-industrie-technik-maschinenbau-elektroanlagen","9":"product_cat-spezialprodukte-fuer-reinigung-und-pflege","11":"first","12":"instock","13":"shipping-taxable","14":"purchasable","15":"product-type-variable","16":"has-default-attributes"},"_links":{"self":[{"href":"https:\/\/e-flore.store\/de\/wp-json\/wp\/v2\/product\/6265","targetHints":{"allow":["GET"]}}],"collection":[{"href":"https:\/\/e-flore.store\/de\/wp-json\/wp\/v2\/product"}],"about":[{"href":"https:\/\/e-flore.store\/de\/wp-json\/wp\/v2\/types\/product"}],"wp:featuredmedia":[{"embeddable":true,"href":"https:\/\/e-flore.store\/de\/wp-json\/wp\/v2\/media\/6266"}],"wp:attachment":[{"href":"https:\/\/e-flore.store\/de\/wp-json\/wp\/v2\/media?parent=6265"}],"wp:term":[{"taxonomy":"product_brand","embeddable":true,"href":"https:\/\/e-flore.store\/de\/wp-json\/wp\/v2\/product_brand?post=6265"},{"taxonomy":"product_cat","embeddable":true,"href":"https:\/\/e-flore.store\/de\/wp-json\/wp\/v2\/product_cat?post=6265"},{"taxonomy":"product_tag","embeddable":true,"href":"https:\/\/e-flore.store\/de\/wp-json\/wp\/v2\/product_tag?post=6265"}],"curies":[{"name":"wp","href":"https:\/\/api.w.org\/{rel}","templated":true}]}}