{"id":6271,"date":"2026-02-03T16:04:56","date_gmt":"2026-02-03T14:04:56","guid":{"rendered":"https:\/\/demo8.izveide.id.lv\/?post_type=product&#038;p=6271"},"modified":"2026-02-18T14:45:23","modified_gmt":"2026-02-18T12:45:23","slug":"flamil-3-super","status":"publish","type":"product","link":"https:\/\/e-flore.store\/de\/produkt\/flamil-3-super\/","title":{"rendered":"Flamil 3 Super"},"content":{"rendered":"<p><img decoding=\"async\" class=\"alignnone size-full wp-image-381\" style=\"width: 100%; height: auto; display: block;\" src=\"\/wp-content\/uploads\/2026\/01\/0095-PARENT_desc.jpg\" alt=\"0095-PARENT\" width=\"100%\" srcset=\"https:\/\/e-flore.store\/wp-content\/uploads\/2026\/01\/0095-PARENT_desc.jpg 957w, https:\/\/e-flore.store\/wp-content\/uploads\/2026\/01\/0095-PARENT_desc-600x450.jpg 600w, https:\/\/e-flore.store\/wp-content\/uploads\/2026\/01\/0095-PARENT_desc-300x225.jpg 300w\" sizes=\"(max-width: 957px) 100vw, 957px\" \/><\/p>\n<div id=\"eflore-spacer-v55\" style=\"height: 0px; clear: both; width: 100%; display: block;\"><\/div>\n<p style=\"margin-bottom: 10px; margin-top: 30px;\"><strong>ALKALISCHER UNIVERSALREINIGER<\/strong><\/p>\n<p style=\"margin-bottom: 10px; margin-top: 30px;\"><strong>FLAMIL\u00ae 3 SUPER<\/strong><\/p>\n<p style=\"margin-bottom: 8px; margin-top: 0px; line-height: 1.6;\">l\u00f6st und entfernt schnell und zuverl\u00e4ssig verharzte mineralische \u00d6le, Fette, Ru\u00df, Tinte, Nikotinablagerungen und vergleichbare Stoffe. Es enth\u00e4lt keine gef\u00e4hrlichen L\u00f6semittel und keine halogenierten Kohlenwasserstoffe. FLAMIL\u00ae 3 SUPER ist hochkonzentriert, dadurch sehr wirtschaftlich und eignet sich hervorragend als Zusatz in Hochdruck- und Dampfstrahlreinigern.<\/p>\n<p style=\"margin-bottom: 10px; margin-top: 30px;\"><strong>ANWENDUNGSBEREICHE<\/strong><\/p>\n<p style=\"margin-bottom: 8px; margin-top: 0px; line-height: 1.6;\">metallverarbeitende Industrie, Flugzeugbau, Schiffsbau, Hoch- und Tiefbau, Stra\u00dfen-, Kanal- und Hafenarbeiten, Anlagenbau, W\u00e4rmetechnik etc.<\/p>\n<p style=\"margin-bottom: 10px; margin-top: 30px;\"><strong>VERARBEITUNGSHINWEISE<\/strong><\/p>\n<p style=\"margin-bottom: 8px; margin-top: 0px; line-height: 1.6;\">Nicht geeignet f\u00fcr Leicht- oder Buntmetalle. Vor dem Einsatz auf nicht genannten Materialien Vortest an verdeckter Stelle durchf\u00fchren. Bestimmte Glasarten und Farben k\u00f6nnen bei unverd\u00fcnnter Anwendung angegriffen werden. Die empfohlene Verd\u00fcnnung liegt im Bereich 1:100 bis 1:500, sollten h\u00f6here Konzentrationen notwendig sein, empfiehlt sich ein Vortest. FLAMIL\u00ae 3 SUPER ist ein Konzentrat und muss mit Wasser verd\u00fcnnt werden. Je nach Einsatzgebiet k\u00f6nnen die Verd\u00fcnnungen zwischen 1:10 und 1:500 liegen, bei der Verwendung von HD-Ger\u00e4ten empfiehlt sich eine Verd\u00fcnnung von 1:50 bis 1:500 an der Lanze.<\/p>\n<p style=\"margin-bottom: 10px; margin-top: 30px;\"><strong>WEITERER HINWEIS<\/strong><\/p>\n<p style=\"margin-bottom: 8px; margin-top: 0px; line-height: 1.6;\">Zum Erhalt der Produkteigenschaften FLAMIL\u00ae 3 SUPER frostfrei lagern. Ab einer Anwendungskonzentration von 1:35 ist FLAMIL\u00ae 3 SUPER nicht mehr kennzeichnungspflichtig!<\/p>\n<p style=\"margin-bottom: 10px; margin-top: 30px;\"><strong>TECHNISCHE DATEN<\/strong><\/p>\n<p style=\"margin-bottom: 8px; margin-top: 0px; line-height: 1.6;\"><strong>Form<\/strong>: fl\u00fcssig<\/p>\n<p style=\"margin-bottom: 8px; margin-top: 0px; line-height: 1.6;\"><strong>Dichte (20 \u00b0C)<\/strong>: 1,11 g\/ml<\/p>\n<p style=\"margin-bottom: 8px; margin-top: 0px; line-height: 1.6;\"><strong>pH-Wert (10%ig)<\/strong>: 11,5, (Konzentrat): 12 &#8211; 13<\/p>\n<p style=\"margin-bottom: 8px; margin-top: 0px; line-height: 1.6;\"><strong>INHALTSSTOFFE<\/strong>: Phosphate, anionische und nichtionische Tenside, Metasilikat, Kaliumhydroxid, Komplexbildner, Farb- und Duftstoffe<\/p>\n","protected":false},"excerpt":{"rendered":"<p>ALKALISCHER UNIVERSALREINIGER FLAMIL\u00ae 3 SUPER l\u00f6st und entfernt schnell und zuverl\u00e4ssig verharzte mineralische \u00d6le, Fette, Ru\u00df, Tinte, Nikotinablagerungen und vergleichbare Stoffe. Es enth\u00e4lt keine gef\u00e4hrlichen L\u00f6semittel und keine halogenierten Kohlenwasserstoffe. FLAMIL\u00ae 3 SUPER ist hochkonzentriert, dadurch sehr wirtschaftlich und eignet sich hervorragend als Zusatz in Hochdruck- und Dampfstrahlreinigern. ANWENDUNGSBEREICHE metallverarbeitende Industrie, Flugzeugbau, Schiffsbau, Hoch- und&#8230;<\/p>\n","protected":false},"featured_media":6272,"template":"","meta":[],"product_brand":[337],"product_cat":[354,378,387],"product_tag":[],"class_list":{"0":"post-6271","1":"product","2":"type-product","3":"status-publish","4":"has-post-thumbnail","6":"product_brand-flore-chemie","7":"product_cat-flore-chemie-produkte","8":"product_cat-industrie-technik-maschinenbau-elektroanlagen","9":"product_cat-spezialprodukte-fuer-reinigung-und-pflege","11":"first","12":"instock","13":"shipping-taxable","14":"purchasable","15":"product-type-variable","16":"has-default-attributes"},"_links":{"self":[{"href":"https:\/\/e-flore.store\/de\/wp-json\/wp\/v2\/product\/6271","targetHints":{"allow":["GET"]}}],"collection":[{"href":"https:\/\/e-flore.store\/de\/wp-json\/wp\/v2\/product"}],"about":[{"href":"https:\/\/e-flore.store\/de\/wp-json\/wp\/v2\/types\/product"}],"wp:featuredmedia":[{"embeddable":true,"href":"https:\/\/e-flore.store\/de\/wp-json\/wp\/v2\/media\/6272"}],"wp:attachment":[{"href":"https:\/\/e-flore.store\/de\/wp-json\/wp\/v2\/media?parent=6271"}],"wp:term":[{"taxonomy":"product_brand","embeddable":true,"href":"https:\/\/e-flore.store\/de\/wp-json\/wp\/v2\/product_brand?post=6271"},{"taxonomy":"product_cat","embeddable":true,"href":"https:\/\/e-flore.store\/de\/wp-json\/wp\/v2\/product_cat?post=6271"},{"taxonomy":"product_tag","embeddable":true,"href":"https:\/\/e-flore.store\/de\/wp-json\/wp\/v2\/product_tag?post=6271"}],"curies":[{"name":"wp","href":"https:\/\/api.w.org\/{rel}","templated":true}]}}