{"id":6283,"date":"2026-02-03T16:04:59","date_gmt":"2026-02-03T14:04:59","guid":{"rendered":"https:\/\/demo8.izveide.id.lv\/?post_type=product&#038;p=6283"},"modified":"2026-03-26T14:57:42","modified_gmt":"2026-03-26T12:57:42","slug":"florin-graffiti-entferner-spray","status":"publish","type":"product","link":"https:\/\/e-flore.store\/de\/produkt\/florin-graffiti-entferner-spray\/","title":{"rendered":"Florin Graffiti Entferner Spray"},"content":{"rendered":"<p><img decoding=\"async\" class=\"alignnone size-full wp-image-432\" style=\"width: 100%; height: auto; display: block;\" src=\"\/wp-content\/uploads\/2026\/01\/0357-PARENT_desc.jpg\" alt=\"0357-PARENT\" width=\"100%\" srcset=\"https:\/\/e-flore.store\/wp-content\/uploads\/2026\/01\/0357-PARENT_desc.jpg 900w, https:\/\/e-flore.store\/wp-content\/uploads\/2026\/01\/0357-PARENT_desc-600x400.jpg 600w, https:\/\/e-flore.store\/wp-content\/uploads\/2026\/01\/0357-PARENT_desc-300x200.jpg 300w\" sizes=\"(max-width: 900px) 100vw, 900px\" \/><\/p>\n<div id=\"eflore-spacer-v55\" style=\"height: 0px; clear: both; width: 100%; display: block;\"><\/div>\n<p style=\"margin-bottom: 10px; margin-top: 30px;\"><strong>REINIGER\u00a0F\u00dcR FILZSTIFT- UND KUGELSCHREIBERR\u00dcCKST\u00c4NDE<\/strong><\/p>\n<p style=\"margin-bottom: 10px; margin-top: 30px;\"><strong>EIGENSCHAFTEN<\/strong><\/p>\n<p style=\"margin-bottom: 8px; margin-top: 0px; line-height: 1.6;\">\u2022 spezielle oberfl\u00e4chenaktive Stoffe entfernen schnell und m\u00fchelos Filzstift- und Kugelschreiberr\u00fcckst\u00e4nde und frische Spr\u00fchdosen-Graffitis von dichten, nicht saugenden oder por\u00f6sen Oberfl\u00e4chen.<\/p>\n<p style=\"margin-bottom: 8px; margin-top: 0px; line-height: 1.6;\">\u2022 fettige R\u00fcckst\u00e4nde von z. B. Fettstiften, Lippenstiften sowie Kleberr\u00fcckst\u00e4nde werden ebenfalls problemlos entfernt.<\/p>\n<p style=\"margin-bottom: 8px; margin-top: 0px; line-height: 1.6;\">\u2022\u00a0 Anwendung auf Glas, Fliesen, Kunststoffen, Metall, Keramik und lackierten Fl\u00e4chen.<\/p>\n<p style=\"margin-bottom: 8px; margin-top: 0px; line-height: 1.6;\">ACHTUNG! Vor der Anwendung auf Kunststoffen wie Acrylglas, Polystyrol etc. sollte an einer kleinen Stelle (nicht im Sichtbereich) die Best\u00e4ndigkeit des Materials \u00fcberpr\u00fcft werden.<\/p>\n<p style=\"margin-bottom: 10px; margin-top: 30px;\"><strong>EINSATZGEBIETE<\/strong><\/p>\n<p style=\"margin-bottom: 8px; margin-top: 0px; line-height: 1.6;\">\u2022 \u00f6ffentliche Verkehrsmittel, Wartehallen, Bahnh\u00f6fe.<\/p>\n<p style=\"margin-bottom: 8px; margin-top: 0px; line-height: 1.6;\">\u2022 Schulen, Aufz\u00fcge, B\u00fcror\u00e4ume, Messest\u00e4nde.<\/p>\n<p style=\"margin-bottom: 10px; margin-top: 30px;\"><strong>ANWENDUNG<\/strong><\/p>\n<p style=\"margin-bottom: 8px; margin-top: 0px; line-height: 1.6;\">\u2022 aufspr\u00fchen oder mit Pinsel oder Lappen auftragen und abwischen.<\/p>\n<p style=\"margin-bottom: 8px; margin-top: 0px; line-height: 1.6;\">\u2022 wenn erforderlich, nach der Reinigung mit Wasser nachsp\u00fclen.<\/p>\n<p style=\"margin-bottom: 10px; margin-top: 30px;\"><strong>TECHNISCHE DATEN<\/strong><\/p>\n<p style=\"margin-bottom: 8px; margin-top: 0px; line-height: 1.6;\"><strong>Form<\/strong>: Aerosol<\/p>\n<p style=\"margin-bottom: 8px; margin-top: 0px; line-height: 1.6;\"><strong>Dichte (20 \u00b0C)<\/strong>: ca. 0,95 g\/ml (Wirkstoff)<\/p>\n<p style=\"margin-bottom: 8px; margin-top: 0px; line-height: 1.6;\"><strong>Siedebereich<\/strong>: 155 &#8211; 165 \u00b0C (Wirkstoff)<\/p>\n<p style=\"margin-bottom: 8px; margin-top: 0px; line-height: 1.6;\"><strong>Flammpunkt<\/strong>: ca. + 51 \u00b0C (Wirkstoff)<\/p>\n<p style=\"margin-bottom: 8px; margin-top: 0px; line-height: 1.6;\"><strong>INHALTSSTOFFE<\/strong>: Alkoholderivate, native Ester Treibgas: Propan\/Butan<\/p>\n","protected":false},"excerpt":{"rendered":"<p>REINIGER\u00a0F\u00dcR FILZSTIFT- UND KUGELSCHREIBERR\u00dcCKST\u00c4NDE EIGENSCHAFTEN \u2022 spezielle oberfl\u00e4chenaktive Stoffe entfernen schnell und m\u00fchelos Filzstift- und Kugelschreiberr\u00fcckst\u00e4nde und frische Spr\u00fchdosen-Graffitis von dichten, nicht saugenden oder por\u00f6sen Oberfl\u00e4chen. \u2022 fettige R\u00fcckst\u00e4nde von z. B. Fettstiften, Lippenstiften sowie Kleberr\u00fcckst\u00e4nde werden ebenfalls problemlos entfernt. \u2022\u00a0 Anwendung auf Glas, Fliesen, Kunststoffen, Metall, Keramik und lackierten Fl\u00e4chen. ACHTUNG! Vor der Anwendung&#8230;<\/p>\n","protected":false},"featured_media":6284,"template":"","meta":[],"product_brand":[337],"product_cat":[354,378,387],"product_tag":[],"class_list":{"0":"post-6283","1":"product","2":"type-product","3":"status-publish","4":"has-post-thumbnail","6":"product_brand-flore-chemie","7":"product_cat-flore-chemie-produkte","8":"product_cat-industrie-technik-maschinenbau-elektroanlagen","9":"product_cat-spezialprodukte-fuer-reinigung-und-pflege","11":"first","12":"instock","13":"shipping-taxable","14":"purchasable","15":"product-type-variable","16":"has-default-attributes"},"_links":{"self":[{"href":"https:\/\/e-flore.store\/de\/wp-json\/wp\/v2\/product\/6283","targetHints":{"allow":["GET"]}}],"collection":[{"href":"https:\/\/e-flore.store\/de\/wp-json\/wp\/v2\/product"}],"about":[{"href":"https:\/\/e-flore.store\/de\/wp-json\/wp\/v2\/types\/product"}],"wp:featuredmedia":[{"embeddable":true,"href":"https:\/\/e-flore.store\/de\/wp-json\/wp\/v2\/media\/6284"}],"wp:attachment":[{"href":"https:\/\/e-flore.store\/de\/wp-json\/wp\/v2\/media?parent=6283"}],"wp:term":[{"taxonomy":"product_brand","embeddable":true,"href":"https:\/\/e-flore.store\/de\/wp-json\/wp\/v2\/product_brand?post=6283"},{"taxonomy":"product_cat","embeddable":true,"href":"https:\/\/e-flore.store\/de\/wp-json\/wp\/v2\/product_cat?post=6283"},{"taxonomy":"product_tag","embeddable":true,"href":"https:\/\/e-flore.store\/de\/wp-json\/wp\/v2\/product_tag?post=6283"}],"curies":[{"name":"wp","href":"https:\/\/api.w.org\/{rel}","templated":true}]}}