{"id":6287,"date":"2026-02-03T16:05:00","date_gmt":"2026-02-03T14:05:00","guid":{"rendered":"https:\/\/demo8.izveide.id.lv\/?post_type=product&#038;p=6287"},"modified":"2026-03-26T14:57:32","modified_gmt":"2026-03-26T12:57:32","slug":"flamil-edelstahlpflege","status":"publish","type":"product","link":"https:\/\/e-flore.store\/de\/produkt\/flamil-edelstahlpflege\/","title":{"rendered":"Flamil Edelstahlpflege"},"content":{"rendered":"<p><img decoding=\"async\" class=\"alignnone size-full wp-image-491\" style=\"width: 100%; height: auto; display: block;\" src=\"\/wp-content\/uploads\/2026\/01\/0551-PARENT_desc.jpg\" alt=\"0551-PARENT\" width=\"100%\" srcset=\"https:\/\/e-flore.store\/wp-content\/uploads\/2026\/01\/0551-PARENT_desc.jpg 958w, https:\/\/e-flore.store\/wp-content\/uploads\/2026\/01\/0551-PARENT_desc-600x400.jpg 600w, https:\/\/e-flore.store\/wp-content\/uploads\/2026\/01\/0551-PARENT_desc-300x200.jpg 300w\" sizes=\"(max-width: 958px) 100vw, 958px\" \/><\/p>\n<div id=\"eflore-spacer-v55\" style=\"height: 0px; clear: both; width: 100%; display: block;\"><\/div>\n<p style=\"margin-bottom: 10px; margin-top: 30px;\"><strong>EDELSTAHLPFLEGE<\/strong><\/p>\n<p style=\"margin-bottom: 8px; margin-top: 0px; line-height: 1.6;\">\n<p style=\"margin-bottom: 10px; margin-top: 30px;\">\n<p style=\"margin-bottom: 8px; margin-top: 0px; line-height: 1.6;\">\n<p style=\"margin-bottom: 10px; margin-top: 30px;\"><strong>FLAMIL\u00ae EDELSTAHLPFLEGESPRAY<\/strong><\/p>\n<p style=\"margin-bottom: 8px; margin-top: 0px; line-height: 1.6;\">reinigt und pflegt alle Edelstahlfl\u00e4chen, sorgt f\u00fcr strahlenden Glanz.<\/p>\n<p style=\"margin-bottom: 10px; margin-top: 30px;\"><strong>VERARBEITUNGSHINWEISE<\/strong><\/p>\n<p style=\"margin-bottom: 8px; margin-top: 0px; line-height: 1.6;\">Produkt vor Gebrauch kr\u00e4ftig sch\u00fctteln, groben Schmutz entfernen und Produkt d\u00fcnn auf die trockene Fl\u00e4che aufspr\u00fchen. Mit einem sauberen, trockenen Tuch wird das Produkt auf der Fl\u00e4che verteilt. Edelstahlfl\u00e4chen werden bei regelm\u00e4\u00dfiger Anwendung nachhaltig gepflegt.<\/p>\n<p style=\"margin-bottom: 10px; margin-top: 30px;\"><strong>WEITERE HINWEISE<\/strong><\/p>\n<p style=\"margin-bottom: 8px; margin-top: 0px; line-height: 1.6;\">FLAMIL\u00ae EDELSTAHLPFLEGESPRAY ist nicht geeignet zur Anwendung auf Fl\u00e4chen, die mit Lebensmitteln in Ber\u00fchrung kommen. Zum Erhalt der Produkteigenschaften frostfrei lagern.<\/p>\n<p style=\"margin-bottom: 10px; margin-top: 30px;\"><strong>TECHNISCHE DATEN<\/strong><\/p>\n<p style=\"margin-bottom: 8px; margin-top: 0px; line-height: 1.6;\"><strong>Form<\/strong>: Aerosol \/ fl\u00fcssig<\/p>\n<p style=\"margin-bottom: 8px; margin-top: 0px; line-height: 1.6;\"><strong>Dichte (20 \u00b0C)<\/strong>: 0,854 g\/ml<\/p>\n<p style=\"margin-bottom: 8px; margin-top: 0px; line-height: 1.6;\"><strong>Treibgas<\/strong>: Propan, Butan<\/p>\n<p style=\"margin-bottom: 8px; margin-top: 0px; line-height: 1.6;\"><strong>INHALTSSTOFFE<\/strong>: Weiss\u00f6l, Pflegekomponenten<\/p>\n","protected":false},"excerpt":{"rendered":"<p>EDELSTAHLPFLEGE FLAMIL\u00ae EDELSTAHLPFLEGESPRAY reinigt und pflegt alle Edelstahlfl\u00e4chen, sorgt f\u00fcr strahlenden Glanz. VERARBEITUNGSHINWEISE Produkt vor Gebrauch kr\u00e4ftig sch\u00fctteln, groben Schmutz entfernen und Produkt d\u00fcnn auf die trockene Fl\u00e4che aufspr\u00fchen. Mit einem sauberen, trockenen Tuch wird das Produkt auf der Fl\u00e4che verteilt. Edelstahlfl\u00e4chen werden bei regelm\u00e4\u00dfiger Anwendung nachhaltig gepflegt. WEITERE HINWEISE FLAMIL\u00ae EDELSTAHLPFLEGESPRAY ist nicht geeignet&#8230;<\/p>\n","protected":false},"featured_media":6288,"template":"","meta":[],"product_brand":[337],"product_cat":[354,378,387],"product_tag":[],"class_list":{"0":"post-6287","1":"product","2":"type-product","3":"status-publish","4":"has-post-thumbnail","6":"product_brand-flore-chemie","7":"product_cat-flore-chemie-produkte","8":"product_cat-industrie-technik-maschinenbau-elektroanlagen","9":"product_cat-spezialprodukte-fuer-reinigung-und-pflege","11":"first","12":"instock","13":"shipping-taxable","14":"purchasable","15":"product-type-variable","16":"has-default-attributes"},"_links":{"self":[{"href":"https:\/\/e-flore.store\/de\/wp-json\/wp\/v2\/product\/6287","targetHints":{"allow":["GET"]}}],"collection":[{"href":"https:\/\/e-flore.store\/de\/wp-json\/wp\/v2\/product"}],"about":[{"href":"https:\/\/e-flore.store\/de\/wp-json\/wp\/v2\/types\/product"}],"wp:featuredmedia":[{"embeddable":true,"href":"https:\/\/e-flore.store\/de\/wp-json\/wp\/v2\/media\/6288"}],"wp:attachment":[{"href":"https:\/\/e-flore.store\/de\/wp-json\/wp\/v2\/media?parent=6287"}],"wp:term":[{"taxonomy":"product_brand","embeddable":true,"href":"https:\/\/e-flore.store\/de\/wp-json\/wp\/v2\/product_brand?post=6287"},{"taxonomy":"product_cat","embeddable":true,"href":"https:\/\/e-flore.store\/de\/wp-json\/wp\/v2\/product_cat?post=6287"},{"taxonomy":"product_tag","embeddable":true,"href":"https:\/\/e-flore.store\/de\/wp-json\/wp\/v2\/product_tag?post=6287"}],"curies":[{"name":"wp","href":"https:\/\/api.w.org\/{rel}","templated":true}]}}