{"id":6291,"date":"2026-02-03T16:05:00","date_gmt":"2026-02-03T14:05:00","guid":{"rendered":"https:\/\/demo8.izveide.id.lv\/?post_type=product&#038;p=6291"},"modified":"2026-03-26T14:57:35","modified_gmt":"2026-03-26T12:57:35","slug":"florin-r-spray","status":"publish","type":"product","link":"https:\/\/e-flore.store\/de\/produkt\/florin-r-spray\/","title":{"rendered":"Florin R Spray"},"content":{"rendered":"<p><img decoding=\"async\" class=\"alignnone size-full wp-image-426\" style=\"width: 100%; height: auto; display: block;\" src=\"\/wp-content\/uploads\/2026\/01\/0303-PARENT_desc.jpg\" alt=\"0303-PARENT\" width=\"100%\" srcset=\"https:\/\/e-flore.store\/wp-content\/uploads\/2026\/01\/0303-PARENT_desc.jpg 1172w, https:\/\/e-flore.store\/wp-content\/uploads\/2026\/01\/0303-PARENT_desc-600x848.jpg 600w, https:\/\/e-flore.store\/wp-content\/uploads\/2026\/01\/0303-PARENT_desc-212x300.jpg 212w, https:\/\/e-flore.store\/wp-content\/uploads\/2026\/01\/0303-PARENT_desc-725x1024.jpg 725w\" sizes=\"(max-width: 1172px) 100vw, 1172px\" \/><\/p>\n<div id=\"eflore-spacer-v55\" style=\"height: 0px; clear: both; width: 100%; display: block;\"><\/div>\n<p style=\"margin-bottom: 10px; margin-top: 30px;\"><strong>RIEMENSPRAY<\/strong><\/p>\n<p style=\"margin-bottom: 10px; margin-top: 30px;\"><strong>FLORIN\u00ae R SPRAY<\/strong><\/p>\n<p style=\"margin-bottom: 8px; margin-top: 0px; line-height: 1.6;\">verhindert Rutschen; \u00fcbertr\u00e4gt volle Antriebsleistungen; beseitigt Quietschen; erspart Nachstellarbeiten bei geringf\u00fcgigem Riemenschlupf, verursacht durch K\u00e4lte, Feuchtigkeit oder normale Dehnung; erh\u00f6ht die Lebensdauer der Treibriemen.<\/p>\n<p style=\"margin-bottom: 10px; margin-top: 30px;\"><strong>EINSATZGEBIETE<\/strong><\/p>\n<p style=\"margin-bottom: 8px; margin-top: 0px; line-height: 1.6;\">Riemenantriebe bei Kompressoren, Generatoren, Pumpen, M\u00fchlen, Gebl\u00e4sen, Bohrmaschinen, Kfz, Flurf\u00f6rderzeugen etc.<\/p>\n<p style=\"margin-bottom: 10px; margin-top: 30px;\"><strong>ANWENDUNG<\/strong><\/p>\n<p style=\"margin-bottom: 8px; margin-top: 0px; line-height: 1.6;\">Spr\u00fchkopf aufsetzen und mit Spr\u00fchrohrende dicht an der Innenseite der Riemen entlang spr\u00fchen oder bei laufendem Antrieb ca. 5 Sekunden auf einer Stelle der Innenseite spr\u00fchen.<\/p>\n<p style=\"margin-bottom: 10px; margin-top: 30px;\"><strong>VORSICHT<\/strong><\/p>\n<p style=\"margin-bottom: 8px; margin-top: 0px; line-height: 1.6;\">Ausreichend Abstand von Riemen, Riemenscheiben, L\u00fcfterfl\u00fcgen und anderen sich drehenden Teilen halten! Der ausgespr\u00fchte Haftfilm bleibt z\u00e4helastisch und trocknet nicht aus. Er haftet f\u00fcr viele Betriebsstunden und wird auch bei h\u00f6heren Riemengeschwindigkeiten nicht abgeschleudert. Vor dem ersten Auftragen die Riemenfl\u00e4che reinigen und Riemen auf Verschlei\u00df kontrollieren. Die erh\u00f6hte Riemenzugkraft kann zum Rei\u00dfen f\u00fchren. Sparsam aufspr\u00fchen und von Zeit zu Zeit nachspr\u00fchen.<\/p>\n","protected":false},"excerpt":{"rendered":"<p>RIEMENSPRAY FLORIN\u00ae R SPRAY verhindert Rutschen; \u00fcbertr\u00e4gt volle Antriebsleistungen; beseitigt Quietschen; erspart Nachstellarbeiten bei geringf\u00fcgigem Riemenschlupf, verursacht durch K\u00e4lte, Feuchtigkeit oder normale Dehnung; erh\u00f6ht die Lebensdauer der Treibriemen. EINSATZGEBIETE Riemenantriebe bei Kompressoren, Generatoren, Pumpen, M\u00fchlen, Gebl\u00e4sen, Bohrmaschinen, Kfz, Flurf\u00f6rderzeugen etc. ANWENDUNG Spr\u00fchkopf aufsetzen und mit Spr\u00fchrohrende dicht an der Innenseite der Riemen entlang spr\u00fchen oder&#8230;<\/p>\n","protected":false},"featured_media":6292,"template":"","meta":[],"product_brand":[337],"product_cat":[354,378,390],"product_tag":[],"class_list":{"0":"post-6291","1":"product","2":"type-product","3":"status-publish","4":"has-post-thumbnail","6":"product_brand-flore-chemie","7":"product_cat-flore-chemie-produkte","8":"product_cat-industrie-technik-maschinenbau-elektroanlagen","9":"product_cat-schutz-und-pflege-fuer-technik-rostentferner-elektroreiniger","11":"first","12":"instock","13":"shipping-taxable","14":"purchasable","15":"product-type-variable","16":"has-default-attributes"},"_links":{"self":[{"href":"https:\/\/e-flore.store\/de\/wp-json\/wp\/v2\/product\/6291","targetHints":{"allow":["GET"]}}],"collection":[{"href":"https:\/\/e-flore.store\/de\/wp-json\/wp\/v2\/product"}],"about":[{"href":"https:\/\/e-flore.store\/de\/wp-json\/wp\/v2\/types\/product"}],"wp:featuredmedia":[{"embeddable":true,"href":"https:\/\/e-flore.store\/de\/wp-json\/wp\/v2\/media\/6292"}],"wp:attachment":[{"href":"https:\/\/e-flore.store\/de\/wp-json\/wp\/v2\/media?parent=6291"}],"wp:term":[{"taxonomy":"product_brand","embeddable":true,"href":"https:\/\/e-flore.store\/de\/wp-json\/wp\/v2\/product_brand?post=6291"},{"taxonomy":"product_cat","embeddable":true,"href":"https:\/\/e-flore.store\/de\/wp-json\/wp\/v2\/product_cat?post=6291"},{"taxonomy":"product_tag","embeddable":true,"href":"https:\/\/e-flore.store\/de\/wp-json\/wp\/v2\/product_tag?post=6291"}],"curies":[{"name":"wp","href":"https:\/\/api.w.org\/{rel}","templated":true}]}}