{"id":6295,"date":"2026-02-03T16:05:01","date_gmt":"2026-02-03T14:05:01","guid":{"rendered":"https:\/\/demo8.izveide.id.lv\/?post_type=product&#038;p=6295"},"modified":"2026-03-26T14:57:29","modified_gmt":"2026-03-26T12:57:29","slug":"flamil-50-super-schiffsreiniger","status":"publish","type":"product","link":"https:\/\/e-flore.store\/de\/produkt\/flamil-50-super-schiffsreiniger\/","title":{"rendered":"Flamil 50 Super Schiffsreiniger"},"content":{"rendered":"<p><img decoding=\"async\" class=\"alignnone size-full wp-image-452\" style=\"width: 100%; height: auto; display: block;\" src=\"\/wp-content\/uploads\/2026\/01\/0426-PARENT_desc.jpg\" alt=\"0426-PARENT\" width=\"100%\" srcset=\"https:\/\/e-flore.store\/wp-content\/uploads\/2026\/01\/0426-PARENT_desc.jpg 957w, https:\/\/e-flore.store\/wp-content\/uploads\/2026\/01\/0426-PARENT_desc-600x450.jpg 600w, https:\/\/e-flore.store\/wp-content\/uploads\/2026\/01\/0426-PARENT_desc-300x225.jpg 300w\" sizes=\"(max-width: 957px) 100vw, 957px\" \/><\/p>\n<div id=\"eflore-spacer-v55\" style=\"height: 0px; clear: both; width: 100%; display: block;\"><\/div>\n<p style=\"margin-bottom: 10px; margin-top: 30px;\"><strong>SCHIFFSREINIGER<\/strong><\/p>\n<p style=\"margin-bottom: 10px; margin-top: 30px;\"><strong>FLAMIL\u00ae SCHIFFSREINIGER<\/strong><\/p>\n<p style=\"margin-bottom: 8px; margin-top: 0px; line-height: 1.6;\">Ist ein nicht reizender oder \u00e4tzender Hochleistungsreiniger, der auch bei schwersten Verschmutzungen wirkt und dabei sowohl sicher wie auch einfach in der Handhabung ist. FLAMIL\u00ae SCHIFFSREINIGER entfernt m\u00fchelos Rauchbelag, Gummiabrieb (Schuhe), mineralische \u00d6le, Fette und Ru\u00dfablagerungen, tierische Fette und Eiwei\u00df sowie R\u00fcckst\u00e4nde von Edelstahlpflege. FLAMIL\u00ae SCHIFFSREINIGER ist auch speziell zum Einsatz im Lebensmittelbereich geeignet.<\/p>\n<p style=\"margin-bottom: 10px; margin-top: 30px;\"><strong>ANWENDUNGSBEREICHE<\/strong><\/p>\n<p style=\"margin-bottom: 8px; margin-top: 0px; line-height: 1.6;\">Deck, Oberdeck und Rumpf (Farbe oder Holz), Decken und W\u00e4nde aus Metall, Kunststoff oder versiegeltem Holz, Treppenabg\u00e4nge und Fu\u00dfb\u00f6den aus PVC, gestrichene Flurw\u00e4nde und T\u00fcren, versiegelte Holzw\u00e4nde, Schornsteine, Dunstabzugshauben, alle metallischen Oberfl\u00e4chen, Wandund Bodenfliesen sowie alle Kunststofffl\u00e4chen<\/p>\n<p style=\"margin-bottom: 10px; margin-top: 30px;\"><strong>VERARBEITUNGSHINWEISE<\/strong><\/p>\n<p style=\"margin-bottom: 8px; margin-top: 0px; line-height: 1.6;\">Mindestverd\u00fcnnung f\u00fcr extreme Verschmutzung 1:10 mit warmem oder kaltem Wasser. Fu\u00dfb\u00f6den oder sonstige Oberfl\u00e4chen 1:80 bis 1:1000. Verarbeitung mittels 1,5 l Druckspr\u00fcher (Art.-Nr. 0065), im Wischverfahren oder mittels HD-Ger\u00e4t. Mit klarem Wasser nachsp\u00fclen.<\/p>\n<p style=\"margin-bottom: 10px; margin-top: 30px;\"><strong>WEITERE HINWEISE<\/strong><\/p>\n<p style=\"margin-bottom: 8px; margin-top: 0px; line-height: 1.6;\">Vor dem Einsatz auf nicht genannten Materialien Vortest an verdeckter Stelle durchf\u00fchren.<\/p>\n<p style=\"margin-bottom: 8px; margin-top: 0px; line-height: 1.6;\">Zum Erhalt der Produkteigenschaften FLAMIL\u00ae SCHIFFSREINIGER frostfrei lagern.<\/p>\n<p style=\"margin-bottom: 8px; margin-top: 0px; line-height: 1.6;\">Darf nicht in die Maschinenbilge gelangen!<\/p>\n<p>&nbsp;<\/p>\n<p style=\"margin-bottom: 8px; margin-top: 0px; line-height: 1.6;\">Ab einer Anwendungskonzentration von 1:5 ist FLAMIL\u00ae SCHIFFSREINIGER nicht mehr kennzeichnungspflichtig.<\/p>\n<p style=\"margin-bottom: 10px; margin-top: 30px;\"><strong>TECHNISCHE DATEN<\/strong><\/p>\n<p style=\"margin-bottom: 8px; margin-top: 0px; line-height: 1.6;\"><strong>Form<\/strong>: fl\u00fcssig<\/p>\n<p style=\"margin-bottom: 8px; margin-top: 0px; line-height: 1.6;\"><strong>Dichte (20 \u00b0C)<\/strong>: ca. 1,05 g\/ml<\/p>\n<p style=\"margin-bottom: 8px; margin-top: 0px; line-height: 1.6;\"><strong>Siedebereich<\/strong>: &gt; 100 \u00b0C<\/p>\n<p style=\"margin-bottom: 8px; margin-top: 0px; line-height: 1.6;\"><strong>pH-Wert (Konz.)<\/strong>: ca. 12<\/p>\n<p style=\"margin-bottom: 8px; margin-top: 0px; line-height: 1.6;\"><strong>INHALTSSTOFFE<\/strong>: anionische und nichtionische Tenside, Phosphate, Alkanolamin, Farbstoffe<\/p>\n","protected":false},"excerpt":{"rendered":"<p>SCHIFFSREINIGER FLAMIL\u00ae SCHIFFSREINIGER Ist ein nicht reizender oder \u00e4tzender Hochleistungsreiniger, der auch bei schwersten Verschmutzungen wirkt und dabei sowohl sicher wie auch einfach in der Handhabung ist. FLAMIL\u00ae SCHIFFSREINIGER entfernt m\u00fchelos Rauchbelag, Gummiabrieb (Schuhe), mineralische \u00d6le, Fette und Ru\u00dfablagerungen, tierische Fette und Eiwei\u00df sowie R\u00fcckst\u00e4nde von Edelstahlpflege. FLAMIL\u00ae SCHIFFSREINIGER ist auch speziell zum Einsatz im&#8230;<\/p>\n","protected":false},"featured_media":6296,"template":"","meta":[],"product_brand":[337],"product_cat":[354,378,384],"product_tag":[],"class_list":{"0":"post-6295","1":"product","2":"type-product","3":"status-publish","4":"has-post-thumbnail","6":"product_brand-flore-chemie","7":"product_cat-flore-chemie-produkte","8":"product_cat-industrie-technik-maschinenbau-elektroanlagen","9":"product_cat-spezialprodukte-fuer-boot-und-schiffs","11":"first","12":"instock","13":"shipping-taxable","14":"purchasable","15":"product-type-variable","16":"has-default-attributes"},"_links":{"self":[{"href":"https:\/\/e-flore.store\/de\/wp-json\/wp\/v2\/product\/6295","targetHints":{"allow":["GET"]}}],"collection":[{"href":"https:\/\/e-flore.store\/de\/wp-json\/wp\/v2\/product"}],"about":[{"href":"https:\/\/e-flore.store\/de\/wp-json\/wp\/v2\/types\/product"}],"wp:featuredmedia":[{"embeddable":true,"href":"https:\/\/e-flore.store\/de\/wp-json\/wp\/v2\/media\/6296"}],"wp:attachment":[{"href":"https:\/\/e-flore.store\/de\/wp-json\/wp\/v2\/media?parent=6295"}],"wp:term":[{"taxonomy":"product_brand","embeddable":true,"href":"https:\/\/e-flore.store\/de\/wp-json\/wp\/v2\/product_brand?post=6295"},{"taxonomy":"product_cat","embeddable":true,"href":"https:\/\/e-flore.store\/de\/wp-json\/wp\/v2\/product_cat?post=6295"},{"taxonomy":"product_tag","embeddable":true,"href":"https:\/\/e-flore.store\/de\/wp-json\/wp\/v2\/product_tag?post=6295"}],"curies":[{"name":"wp","href":"https:\/\/api.w.org\/{rel}","templated":true}]}}