{"id":6305,"date":"2026-02-03T16:05:02","date_gmt":"2026-02-03T14:05:02","guid":{"rendered":"https:\/\/demo8.izveide.id.lv\/?post_type=product&#038;p=6305"},"modified":"2026-03-26T14:57:24","modified_gmt":"2026-03-26T12:57:24","slug":"florin-slx-spray","status":"publish","type":"product","link":"https:\/\/e-flore.store\/de\/produkt\/florin-slx-spray\/","title":{"rendered":"Florin SLX Spray"},"content":{"rendered":"<p><img decoding=\"async\" class=\"alignnone size-full wp-image-341\" style=\"width: 100%; height: auto; display: block;\" src=\"\/wp-content\/uploads\/2026\/01\/0037-PARENT_desc.jpg\" alt=\"0037-PARENT\" width=\"100%\" srcset=\"https:\/\/e-flore.store\/wp-content\/uploads\/2026\/01\/0037-PARENT_desc.jpg 958w, https:\/\/e-flore.store\/wp-content\/uploads\/2026\/01\/0037-PARENT_desc-600x400.jpg 600w, https:\/\/e-flore.store\/wp-content\/uploads\/2026\/01\/0037-PARENT_desc-300x200.jpg 300w\" sizes=\"(max-width: 958px) 100vw, 958px\" \/><\/p>\n<div id=\"eflore-spacer-v55\" style=\"height: 0px; clear: both; width: 100%; display: block;\"><\/div>\n<p style=\"margin-bottom: 10px; margin-top: 30px;\"><strong>SILIKONFREIES PFLEGE-, SCHMIER-\u00a0UND TRENNMITTEL<\/strong><\/p>\n<p style=\"margin-bottom: 10px; margin-top: 30px;\"><strong>FLORIN\u00ae SLX<\/strong><\/p>\n<p style=\"margin-bottom: 8px; margin-top: 0px; line-height: 1.6;\">ist ein lebensmittelechtes, silikonfreies Schmier-, Trenn- und Pflegemittel mit hoher und lange anhaltender Gleitwirkung. FLORIN\u00ae SLX verharzt nicht, ist elektrisch nicht leitend und temperaturbest\u00e4ndig von -40 \u00b0C bis +180 \u00b0C. FLORIN\u00ae SLX wirkt sowohl wasserabweisend wie auch antistatisch und verhindert die Anhaftung von Bakterien und Keimen. Die behandelten Oberfl\u00e4chen sind trocken und fettfrei.<\/p>\n<p style=\"margin-bottom: 10px; margin-top: 30px;\"><strong>ANWENDUNGSBEREICHE<\/strong><\/p>\n<p style=\"margin-bottom: 8px; margin-top: 0px; line-height: 1.6;\">FLORIN\u00ae SLX wird unter anderem als Edelstahlpflege sowie als Schmiermittel im Lebensmittelbereich eingesetzt. FLORIN\u00ae SLX erh\u00f6ht die Holzgleiteigenschaften durch einfaches Bespr\u00fchen von Materialf\u00fchrungsfl\u00e4chen, z.B. an Hobel-, Fr\u00e4s- und S\u00e4gemaschinen; verhindert zu schnelles Verharzen von Kreiss\u00e4gebl\u00e4ttern, Fr\u00e4sen etc.; erleichtert das Einziehen von Dichtungen durch Einspr\u00fchen der Nut; macht schwerg\u00e4ngige Schubladen, Schiebet\u00fcren, Gardinenh\u00e4kchen etc. sofort leichtg\u00e4ngig; pflegt kunststoffbeschichtete T\u00fcren, Tischfl\u00e4chen, Fahrst\u00fchle etc.; verhindert das Anhaften von Graffitis auf glatten Fl\u00e4chen.<\/p>\n<p style=\"margin-bottom: 10px; margin-top: 30px;\"><strong>VERARBEITUNGSHINWEISE<\/strong><\/p>\n<p style=\"margin-bottom: 8px; margin-top: 0px; line-height: 1.6;\">FLORIN\u00ae SLX (fl\u00fcssig): Je nach Bedarf eine geringe Menge mit einem trockenen Tuch auf der Oberfl\u00e4che verteilen.<\/p>\n<p style=\"margin-bottom: 8px; margin-top: 0px; line-height: 1.6;\">FLORIN\u00ae SLX SPRAY: Hauchd\u00fcnn aufspr\u00fchen, dabei \u00dcbersch\u00fcsse vermeiden. Dose nicht \u00fcber Kopf spr\u00fchen.<\/p>\n<p style=\"margin-bottom: 10px; margin-top: 30px;\"><strong>WEITERER HINWEIS<\/strong><\/p>\n<p style=\"margin-bottom: 8px; margin-top: 0px; line-height: 1.6;\">Zum Erhalt der Produkteigenschaften FLORIN\u00ae SLX frostfrei lagern.<\/p>\n<p style=\"margin-bottom: 10px; margin-top: 30px;\"><strong>TECHNISCHE DATEN<\/strong><\/p>\n<p style=\"margin-bottom: 8px; margin-top: 0px; line-height: 1.6;\"><strong>Form<\/strong>:\u00a0\u00a0\u00a0\u00a0\u00a0\u00a0\u00a0\u00a0\u00a0\u00a0\u00a0\u00a0\u00a0\u00a0\u00a0\u00a0\u00a0\u00a0\u00a0\u00a0\u00a0\u00a0\u00a0\u00a0\u00a0 fl\u00fcssig\u00a0\u00a0\u00a0\u00a0\u00a0\u00a0\u00a0\u00a0\u00a0\u00a0\u00a0\u00a0\u00a0\u00a0\u00a0\u00a0\u00a0\u00a0\u00a0\u00a0\u00a0\u00a0\u00a0\u00a0\u00a0\u00a0 Aerosol<\/p>\n<p style=\"margin-bottom: 8px; margin-top: 0px; line-height: 1.6;\"><strong>Dichte (15 \u00b0C)<\/strong>:\u00a0 \u00a0 \u00a0 \u00a0 \u00a0 \u00a00,72 g\/ml\u00a0\u00a0\u00a0\u00a0\u00a0\u00a0\u00a0\u00a0\u00a0\u00a0\u00a0\u00a0\u00a0\u00a0\u00a0\u00a0\u00a0\u00a0\u00a0\u00a0\u00a0 (20 \u00b0C): 0,69 g\/ml (Wirkstoff)<\/p>\n<p style=\"margin-bottom: 8px; margin-top: 0px; line-height: 1.6;\"><strong>Siedepunkt<\/strong>:\u00a0 \u00a0 \u00a0 \u00a0 \u00a0 \u00a0 \u00a0 \u00a0&gt; 62 \u00b0C\u00a0 \u00a0 \u00a0 \u00a0 \u00a0 \u00a0 \u00a0 \u00a0 \u00a0 \u00a0 \u00a0 \u00a0 \u00a0nicht anwendbar<\/p>\n<p style=\"margin-bottom: 8px; margin-top: 0px; line-height: 1.6;\"><strong>Z\u00fcndtemperatur<\/strong>:\u00a0 \u00a0 \u00a0 \u00a0&gt; 200 \u00b0C\u00a0 \u00a0 \u00a0 \u00a0 \u00a0 \u00a0 \u00a0 \u00a0 \u00a0 \u00a0 \u00a0 \u00a0nicht anwendbar<\/p>\n<p style=\"margin-bottom: 8px; margin-top: 0px; line-height: 1.6;\"><strong>Schmelzpunkt<\/strong>:\u00a0 \u00a0 \u00a0 \u00a0 \u00a0 &gt; -20 \u00b0C\u00a0 \u00a0 \u00a0 \u00a0 \u00a0 \u00a0 \u00a0 \u00a0 \u00a0 \u00a0 \u00a0 \u00a0 nicht anwendbar<\/p>\n<p style=\"margin-bottom: 8px; margin-top: 0px; line-height: 1.6;\"><strong>Flammpunkt<\/strong>:\u00a0 \u00a0 \u00a0 \u00a0 \u00a0 \u00a0 \u00a0DIN 51755 -26 \u00b0C\u00a0 \u00a0 \u00a0 \u00a0 \u00a0nicht anwendbar<\/p>\n<p style=\"margin-bottom: 8px; margin-top: 0px; line-height: 1.6;\"><strong>Treibgas<\/strong>:\u00a0\u00a0\u00a0\u00a0\u00a0\u00a0\u00a0\u00a0\u00a0\u00a0\u00a0\u00a0\u00a0\u00a0\u00a0\u00a0\u00a0\u00a0\u00a0\u00a0 nicht anwendbar\u00a0\u00a0\u00a0\u00a0\u00a0\u00a0\u00a0\u00a0\u00a0\u00a0 Propan \/ Butan<\/p>\n<p style=\"margin-bottom: 8px; margin-top: 0px; line-height: 1.6;\"><strong>INHALTSSTOFFE<\/strong>: tierisches \u00d6l, entaromatisierte aliphatische Kohlenwasserstoffe<\/p>\n","protected":false},"excerpt":{"rendered":"<p>SILIKONFREIES PFLEGE-, SCHMIER-\u00a0UND TRENNMITTEL FLORIN\u00ae SLX ist ein lebensmittelechtes, silikonfreies Schmier-, Trenn- und Pflegemittel mit hoher und lange anhaltender Gleitwirkung. FLORIN\u00ae SLX verharzt nicht, ist elektrisch nicht leitend und temperaturbest\u00e4ndig von -40 \u00b0C bis +180 \u00b0C. FLORIN\u00ae SLX wirkt sowohl wasserabweisend wie auch antistatisch und verhindert die Anhaftung von Bakterien und Keimen. Die behandelten Oberfl\u00e4chen&#8230;<\/p>\n","protected":false},"featured_media":6306,"template":"","meta":[],"product_brand":[337],"product_cat":[354,396,393],"product_tag":[],"class_list":{"0":"post-6305","1":"product","2":"type-product","3":"status-publish","4":"has-post-thumbnail","6":"product_brand-flore-chemie","7":"product_cat-flore-chemie-produkte","8":"product_cat-schmieroele-kriechoele","9":"product_cat-hochwirksame-reinigungs-und-schmiermittel","11":"first","12":"instock","13":"shipping-taxable","14":"purchasable","15":"product-type-variable","16":"has-default-attributes"},"_links":{"self":[{"href":"https:\/\/e-flore.store\/de\/wp-json\/wp\/v2\/product\/6305","targetHints":{"allow":["GET"]}}],"collection":[{"href":"https:\/\/e-flore.store\/de\/wp-json\/wp\/v2\/product"}],"about":[{"href":"https:\/\/e-flore.store\/de\/wp-json\/wp\/v2\/types\/product"}],"wp:featuredmedia":[{"embeddable":true,"href":"https:\/\/e-flore.store\/de\/wp-json\/wp\/v2\/media\/6306"}],"wp:attachment":[{"href":"https:\/\/e-flore.store\/de\/wp-json\/wp\/v2\/media?parent=6305"}],"wp:term":[{"taxonomy":"product_brand","embeddable":true,"href":"https:\/\/e-flore.store\/de\/wp-json\/wp\/v2\/product_brand?post=6305"},{"taxonomy":"product_cat","embeddable":true,"href":"https:\/\/e-flore.store\/de\/wp-json\/wp\/v2\/product_cat?post=6305"},{"taxonomy":"product_tag","embeddable":true,"href":"https:\/\/e-flore.store\/de\/wp-json\/wp\/v2\/product_tag?post=6305"}],"curies":[{"name":"wp","href":"https:\/\/api.w.org\/{rel}","templated":true}]}}