{"id":6309,"date":"2026-02-03T16:05:03","date_gmt":"2026-02-03T14:05:03","guid":{"rendered":"https:\/\/demo8.izveide.id.lv\/?post_type=product&#038;p=6309"},"modified":"2026-03-26T14:57:17","modified_gmt":"2026-03-26T12:57:17","slug":"florin-teflon-spray","status":"publish","type":"product","link":"https:\/\/e-flore.store\/de\/produkt\/florin-teflon-spray\/","title":{"rendered":"Florin Teflon Spray"},"content":{"rendered":"<p><img decoding=\"async\" class=\"alignnone size-full wp-image-400\" style=\"width: 100%; height: auto; display: block;\" src=\"\/wp-content\/uploads\/2026\/01\/0145-PARENT_desc.jpg\" alt=\"0145-PARENT\" width=\"100%\" srcset=\"https:\/\/e-flore.store\/wp-content\/uploads\/2026\/01\/0145-PARENT_desc.jpg 958w, https:\/\/e-flore.store\/wp-content\/uploads\/2026\/01\/0145-PARENT_desc-600x384.jpg 600w, https:\/\/e-flore.store\/wp-content\/uploads\/2026\/01\/0145-PARENT_desc-300x192.jpg 300w\" sizes=\"(max-width: 958px) 100vw, 958px\" \/><\/p>\n<div id=\"eflore-spacer-v55\" style=\"height: 0px; clear: both; width: 100%; display: block;\"><\/div>\n<p style=\"margin-bottom: 10px; margin-top: 30px;\"><strong>GLEITSPRAY<\/strong><\/p>\n<p style=\"margin-bottom: 10px; margin-top: 30px;\"><strong>EIGENSCHAFTEN<\/strong><\/p>\n<p style=\"margin-bottom: 8px; margin-top: 0px; line-height: 1.6;\">Festschmierstoffhaltiges Gleitmittel. H\u00e4lt hohen Druckbelastungen stand. Hinterl\u00e4sst einen trockenen, nicht klebrigen Film mit hervorragenden Gleiteigenschaften.<\/p>\n<p style=\"margin-bottom: 10px; margin-top: 30px;\"><strong>EINSATZGEBIETE<\/strong><\/p>\n<p style=\"margin-bottom: 8px; margin-top: 0px; line-height: 1.6;\">Kugellager, Kunststoffbuchsen (sofern sie lediglich geringeren Dr\u00fccken ausgesetzt sind), Kettenantriebe, Garne, Schn\u00fcre, Seile, Kabel aus den verschiedensten Werkstoffen, Druckgelenke, Laufschienen, feinmechanische Mechanismen, Schubladen, Spritzgu\u00dfwerkzeuge, T\u00fcrscharniere, Leitplatten der Elektro-industrie.<\/p>\n<p style=\"margin-bottom: 10px; margin-top: 30px;\"><strong>ANWENDUNG<\/strong><\/p>\n<p style=\"margin-bottom: 8px; margin-top: 0px; line-height: 1.6;\">Dose vor Gebrauch gut sch\u00fctteln. D\u00fcnn auf die zu schmierenden Teile aufspr\u00fchen. Nicht \u00fcber Kopf abspr\u00fchen.<\/p>\n<p style=\"margin-bottom: 10px; margin-top: 30px;\"><strong>HINWEIS<\/strong><\/p>\n<p style=\"margin-bottom: 8px; margin-top: 0px; line-height: 1.6;\">Florin Teflon Spray kann in einigen F\u00e4llen spezielle Kunststoffe abl\u00f6sen. Bitte erst an einer verdeckten Stelle Vortest durchf\u00fchren.<\/p>\n<p style=\"margin-bottom: 10px; margin-top: 30px;\"><strong>TECHNISCHE DATEN<\/strong><\/p>\n<p style=\"margin-bottom: 8px; margin-top: 0px; line-height: 1.6;\"><strong>Form<\/strong>: Aerosol<\/p>\n<p style=\"margin-bottom: 8px; margin-top: 0px; line-height: 1.6;\"><strong>Dichte (20 \u00b0C)<\/strong>: ca. 0,91 g\/ml (Wirkstoff)<\/p>\n<p style=\"margin-bottom: 8px; margin-top: 0px; line-height: 1.6;\"><strong>Flammpunkt<\/strong>: &lt; 0 \u00b0C<\/p>\n<p style=\"margin-bottom: 8px; margin-top: 0px; line-height: 1.6;\"><strong>Treibgas<\/strong>: Propan\/Butan<\/p>\n<p style=\"margin-bottom: 8px; margin-top: 0px; line-height: 1.6;\"><strong>INHALTSSTOFFE<\/strong>: 2-Propanol, aliphatische Kohlenwasserstoffe, PTFE<\/p>\n","protected":false},"excerpt":{"rendered":"<p>GLEITSPRAY EIGENSCHAFTEN Festschmierstoffhaltiges Gleitmittel. H\u00e4lt hohen Druckbelastungen stand. Hinterl\u00e4sst einen trockenen, nicht klebrigen Film mit hervorragenden Gleiteigenschaften. EINSATZGEBIETE Kugellager, Kunststoffbuchsen (sofern sie lediglich geringeren Dr\u00fccken ausgesetzt sind), Kettenantriebe, Garne, Schn\u00fcre, Seile, Kabel aus den verschiedensten Werkstoffen, Druckgelenke, Laufschienen, feinmechanische Mechanismen, Schubladen, Spritzgu\u00dfwerkzeuge, T\u00fcrscharniere, Leitplatten der Elektro-industrie. ANWENDUNG Dose vor Gebrauch gut sch\u00fctteln. D\u00fcnn auf die&#8230;<\/p>\n","protected":false},"featured_media":6310,"template":"","meta":[],"product_brand":[337],"product_cat":[396,354,393],"product_tag":[],"class_list":{"0":"post-6309","1":"product","2":"type-product","3":"status-publish","4":"has-post-thumbnail","6":"product_brand-flore-chemie","7":"product_cat-schmieroele-kriechoele","8":"product_cat-flore-chemie-produkte","9":"product_cat-hochwirksame-reinigungs-und-schmiermittel","11":"first","12":"instock","13":"shipping-taxable","14":"purchasable","15":"product-type-variable","16":"has-default-attributes"},"_links":{"self":[{"href":"https:\/\/e-flore.store\/de\/wp-json\/wp\/v2\/product\/6309","targetHints":{"allow":["GET"]}}],"collection":[{"href":"https:\/\/e-flore.store\/de\/wp-json\/wp\/v2\/product"}],"about":[{"href":"https:\/\/e-flore.store\/de\/wp-json\/wp\/v2\/types\/product"}],"wp:featuredmedia":[{"embeddable":true,"href":"https:\/\/e-flore.store\/de\/wp-json\/wp\/v2\/media\/6310"}],"wp:attachment":[{"href":"https:\/\/e-flore.store\/de\/wp-json\/wp\/v2\/media?parent=6309"}],"wp:term":[{"taxonomy":"product_brand","embeddable":true,"href":"https:\/\/e-flore.store\/de\/wp-json\/wp\/v2\/product_brand?post=6309"},{"taxonomy":"product_cat","embeddable":true,"href":"https:\/\/e-flore.store\/de\/wp-json\/wp\/v2\/product_cat?post=6309"},{"taxonomy":"product_tag","embeddable":true,"href":"https:\/\/e-flore.store\/de\/wp-json\/wp\/v2\/product_tag?post=6309"}],"curies":[{"name":"wp","href":"https:\/\/api.w.org\/{rel}","templated":true}]}}