{"id":6334,"date":"2026-02-03T16:05:08","date_gmt":"2026-02-03T14:05:08","guid":{"rendered":"https:\/\/demo8.izveide.id.lv\/?post_type=product&#038;p=6334"},"modified":"2026-02-18T14:31:28","modified_gmt":"2026-02-18T12:31:28","slug":"slv1273-lk","status":"publish","type":"product","link":"https:\/\/e-flore.store\/de\/produkt\/slv1273-lk\/","title":{"rendered":"SLV1273 LK"},"content":{"rendered":"<p><img decoding=\"async\" class=\"alignnone size-full wp-image-2124\" style=\"width: 100%; height: auto; display: block;\" src=\"\/wp-content\/uploads\/2026\/01\/SLV1273-LK-PARENT_desc.jpg\" alt=\"SLV1273 LK-PARENT\" width=\"100%\" srcset=\"https:\/\/e-flore.store\/wp-content\/uploads\/2026\/01\/SLV1273-LK-PARENT_desc.jpg 971w, https:\/\/e-flore.store\/wp-content\/uploads\/2026\/01\/SLV1273-LK-PARENT_desc-600x225.jpg 600w, https:\/\/e-flore.store\/wp-content\/uploads\/2026\/01\/SLV1273-LK-PARENT_desc-300x112.jpg 300w\" sizes=\"(max-width: 971px) 100vw, 971px\" \/><\/p>\n<div id=\"eflore-spacer-v55\" style=\"height: 0px; clear: both; width: 100%; display: block;\"><\/div>\n<p style=\"margin-bottom: 10px; margin-top: 30px;\"><strong>NICHT WASSERMISCHBARER AROMATENHALTIGER KALTREINIGER<\/strong><\/p>\n<p style=\"margin-bottom: 10px; margin-top: 30px;\"><strong>Anwendungsgebiete:<\/strong><\/p>\n<p style=\"margin-bottom: 8px; margin-top: 0px; line-height: 1.6;\">&#8222;SLV1273 LK&#8220; ist ein nichtwassermischbarer Kaltreiniger mit einem Flammpunkt von &gt; 56 \u00b0C und unterliegt somit nicht der Verordnung brennbarer Stoffe.<\/p>\n<p style=\"margin-bottom: 8px; margin-top: 0px; line-height: 1.6;\">&#8222;SLV1273 LK&#8220;\u00a0ist ein Gemisch aus \u00e4u\u00dferst wirksamen Kohlenwasserstoffen und ist frei von halogenierten Kohlenwasserstoffen. Es reinigt Verschmutzungen wie \u00d6l, Fett, Bitumen und Wachse.<\/p>\n<p style=\"margin-bottom: 8px; margin-top: 0px; line-height: 1.6;\">&#8222;SLV1273 LK&#8220;\u00a0wird zur Reinigung von Maschinen, Motorteilen, Werkzeugen, getrieben und Metallteile aller Art, eingesetzt.<\/p>\n<p style=\"margin-bottom: 10px; margin-top: 30px;\"><strong>Verarbeitung:<\/strong><\/p>\n<p style=\"margin-bottom: 8px; margin-top: 0px; line-height: 1.6;\">&#8222;SLV1273 LK&#8220;\u00a0kann in verschiedensten Reinigungsverfahren, wie zum Beispiel im Tauch, Sp\u00fcl, B\u00fcrst oder Spr\u00fchverfahren verarbeitet werden.<\/p>\n<p style=\"margin-bottom: 8px; margin-top: 0px; line-height: 1.6;\">Die Reinigungsleistung erh\u00f6ht sich wesentlich, wenn das Medium auf bis zu 30 \u00b0C erw\u00e4rmt wird.<\/p>\n<p style=\"margin-bottom: 10px; margin-top: 30px;\"><strong>Hinweise:<\/strong><\/p>\n<p style=\"margin-bottom: 8px; margin-top: 0px; line-height: 1.6;\">&#8222;SLV1273 LK&#8220;\u00a0nicht mit einer offenen Flamme erhitzen, Bei starker Aerosolbildung muss mit einer Absaugung gearbeitet werden.<\/p>\n","protected":false},"excerpt":{"rendered":"<p>NICHT WASSERMISCHBARER AROMATENHALTIGER KALTREINIGER Anwendungsgebiete: &#8222;SLV1273 LK&#8220; ist ein nichtwassermischbarer Kaltreiniger mit einem Flammpunkt von &gt; 56 \u00b0C und unterliegt somit nicht der Verordnung brennbarer Stoffe. &#8222;SLV1273 LK&#8220;\u00a0ist ein Gemisch aus \u00e4u\u00dferst wirksamen Kohlenwasserstoffen und ist frei von halogenierten Kohlenwasserstoffen. Es reinigt Verschmutzungen wie \u00d6l, Fett, Bitumen und Wachse. &#8222;SLV1273 LK&#8220;\u00a0wird zur Reinigung von Maschinen,&#8230;<\/p>\n","protected":false},"featured_media":7106,"template":"","meta":[],"product_brand":[337],"product_cat":[418,415,427],"product_tag":[],"class_list":{"0":"post-6334","1":"product","2":"type-product","3":"status-publish","4":"has-post-thumbnail","6":"product_brand-flore-chemie","7":"product_cat-industrie","8":"product_cat-chemie-spezial-produkte","9":"product_cat-kaltreiniger-und-spezialloeser","11":"first","12":"instock","13":"shipping-taxable","14":"purchasable","15":"product-type-variable","16":"has-default-attributes"},"_links":{"self":[{"href":"https:\/\/e-flore.store\/de\/wp-json\/wp\/v2\/product\/6334","targetHints":{"allow":["GET"]}}],"collection":[{"href":"https:\/\/e-flore.store\/de\/wp-json\/wp\/v2\/product"}],"about":[{"href":"https:\/\/e-flore.store\/de\/wp-json\/wp\/v2\/types\/product"}],"wp:featuredmedia":[{"embeddable":true,"href":"https:\/\/e-flore.store\/de\/wp-json\/wp\/v2\/media\/7106"}],"wp:attachment":[{"href":"https:\/\/e-flore.store\/de\/wp-json\/wp\/v2\/media?parent=6334"}],"wp:term":[{"taxonomy":"product_brand","embeddable":true,"href":"https:\/\/e-flore.store\/de\/wp-json\/wp\/v2\/product_brand?post=6334"},{"taxonomy":"product_cat","embeddable":true,"href":"https:\/\/e-flore.store\/de\/wp-json\/wp\/v2\/product_cat?post=6334"},{"taxonomy":"product_tag","embeddable":true,"href":"https:\/\/e-flore.store\/de\/wp-json\/wp\/v2\/product_tag?post=6334"}],"curies":[{"name":"wp","href":"https:\/\/api.w.org\/{rel}","templated":true}]}}