{"id":6344,"date":"2026-02-03T16:05:10","date_gmt":"2026-02-03T14:05:10","guid":{"rendered":"https:\/\/demo8.izveide.id.lv\/?post_type=product&#038;p=6344"},"modified":"2026-02-18T14:35:24","modified_gmt":"2026-02-18T12:35:24","slug":"col1247-cn","status":"publish","type":"product","link":"https:\/\/e-flore.store\/de\/produkt\/col1247-cn\/","title":{"rendered":"COL1247 CN"},"content":{"rendered":"<p><img decoding=\"async\" class=\"alignnone size-full wp-image-2121\" style=\"width: 100%; height: auto; display: block;\" src=\"\/wp-content\/uploads\/2026\/01\/COL1247-CN-PARENT_desc.png\" alt=\"COL1247 CN-PARENT\" width=\"100%\" srcset=\"https:\/\/e-flore.store\/wp-content\/uploads\/2026\/01\/COL1247-CN-PARENT_desc.png 1920w, https:\/\/e-flore.store\/wp-content\/uploads\/2026\/01\/COL1247-CN-PARENT_desc-600x207.png 600w, https:\/\/e-flore.store\/wp-content\/uploads\/2026\/01\/COL1247-CN-PARENT_desc-300x103.png 300w, https:\/\/e-flore.store\/wp-content\/uploads\/2026\/01\/COL1247-CN-PARENT_desc-1024x353.png 1024w\" sizes=\"(max-width: 1920px) 100vw, 1920px\" \/><\/p>\n<div id=\"eflore-spacer-v55\" style=\"height: 0px; clear: both; width: 100%; display: block;\"><\/div>\n<p style=\"margin-bottom: 10px; margin-top: 30px;\"><strong>MINERAL<\/strong>\u00d6<strong>LFREIES K<\/strong><strong>\u00dc<\/strong><strong>HLSCHMIERMITTEL<\/strong><\/p>\n<p style=\"margin-bottom: 10px; margin-top: 30px;\"><strong>Produkt beschreibung:<\/strong><\/p>\n<p style=\"margin-bottom: 8px; margin-top: 0px; line-height: 1.6;\">&#8222;COL1247 CN&#8220; ist ein geruchsarmes, hellfarbiges mineral\u00f6l- und biozidfreies\u00a0Konzentrat, das speziell f\u00fcr Schleifvorg\u00e4nge entwickelt wurde. Das Produkt enth\u00e4lt keine leichtnitrosierbaren sekund\u00e4ren Amine.<\/p>\n<p style=\"margin-bottom: 10px; margin-top: 30px;\"><strong>Anwendungstechnik:<\/strong><\/p>\n<p style=\"margin-bottom: 8px; margin-top: 0px; line-height: 1.6;\">&#8222;COL1247 CN&#8220;\u00a0wird in w\u00e4sseriger L\u00f6sung angewandt. Die L\u00f6sung ist transparent, von hoher Best\u00e4ndigkeit, \u00fcberragendem Korrosionsschutz und langer Gebrauchsdauer.<\/p>\n<p style=\"margin-bottom: 8px; margin-top: 0px; line-height: 1.6;\">&#8222;COL1247 CN&#8220;\u00a0&#8211; L\u00f6sungen besitzen neben hervorragender K\u00fchlwirkung eine gute Schmierf\u00e4higkeit. Bei Schleifvorg\u00e4ngen aller Art halten\u00a0&#8222;COL1247 CN&#8220;\u00a0&#8211; L\u00f6sungen die Schleifscheiben offen, f\u00f6rdern schnelles Absetzen des Schleifstaubes in den Beh\u00e4ltern und arbeiten schaumfrei.<\/p>\n<p style=\"margin-bottom: 8px; margin-top: 0px; line-height: 1.6;\">&#8222;COL1247 CN&#8220;\u00a0findet Anwendung bei der Bearbeitung von Gu\u00df, St\u00e4hlen und Buntmetallen.<\/p>\n<p style=\"margin-bottom: 8px; margin-top: 0px; line-height: 1.6;\">Aufkonzentrationen der Gebrauchsl\u00f6sungen durch Verdunstungsverluste, sollten\u00a0mittels Wasserzugabe beseitigt werden.<\/p>\n<p style=\"margin-bottom: 10px; margin-top: 30px;\"><strong>Technische Daten:<\/strong><\/p>\n<p style=\"margin-bottom: 8px; margin-top: 0px; line-height: 1.6;\"><strong>Dichte ( 20\u00a0<\/strong>\u00b0<strong>C ):\u00a0<\/strong>1,13 g\/cm\u00b3<\/p>\n<p style=\"margin-bottom: 8px; margin-top: 0px; line-height: 1.6;\"><strong>pH &#8211; Wert ( 4 %ig ):\u00a0<\/strong>9,4<\/p>\n<p style=\"margin-bottom: 8px; margin-top: 0px; line-height: 1.6;\"><strong>Korrosionsschutz nach\u00a0<\/strong><strong>DIN 51360 T2:\u00a0<\/strong>0 und 0 bis 4%<\/p>\n<p style=\"margin-bottom: 8px; margin-top: 0px; line-height: 1.6;\"><strong>Einsatzkonzentration:\u00a0<\/strong>3 &#8211; 5 % beim Schleifen\u00a0bis 6 % bei Gu\u00dfbearbeitung<\/p>\n<p style=\"margin-bottom: 8px; margin-top: 0px; line-height: 1.6;\"><strong>Refraktometerfaktor:\u00a0<\/strong>1,7<\/p>\n<p style=\"margin-bottom: 10px; margin-top: 30px;\"><strong>Anmerkung :\u00a0\u00a0\u00a0\u00a0\u00a0\u00a0\u00a0\u00a0\u00a0\u00a0\u00a0\u00a0\u00a0\u00a0\u00a0\u00a0\u00a0\u00a0\u00a0\u00a0\u00a0<\/strong><\/p>\n<p style=\"margin-bottom: 8px; margin-top: 0px; line-height: 1.6;\">Dieses Merkblatt soll Sie nach bestem Wissen beraten, der Inhalt ist jedoch\u00a0ohne Rechtsverbindlichkeit!<\/p>\n","protected":false},"excerpt":{"rendered":"<p>MINERAL\u00d6LFREIES K\u00dcHLSCHMIERMITTEL Produkt beschreibung: &#8222;COL1247 CN&#8220; ist ein geruchsarmes, hellfarbiges mineral\u00f6l- und biozidfreies\u00a0Konzentrat, das speziell f\u00fcr Schleifvorg\u00e4nge entwickelt wurde. Das Produkt enth\u00e4lt keine leichtnitrosierbaren sekund\u00e4ren Amine. Anwendungstechnik: &#8222;COL1247 CN&#8220;\u00a0wird in w\u00e4sseriger L\u00f6sung angewandt. Die L\u00f6sung ist transparent, von hoher Best\u00e4ndigkeit, \u00fcberragendem Korrosionsschutz und langer Gebrauchsdauer. &#8222;COL1247 CN&#8220;\u00a0&#8211; L\u00f6sungen besitzen neben hervorragender K\u00fchlwirkung eine gute Schmierf\u00e4higkeit&#8230;.<\/p>\n","protected":false},"featured_media":7118,"template":"","meta":[],"product_brand":[337],"product_cat":[418,424,415],"product_tag":[],"class_list":{"0":"post-6344","1":"product","2":"type-product","3":"status-publish","4":"has-post-thumbnail","6":"product_brand-flore-chemie","7":"product_cat-industrie","8":"product_cat-kuehlschmierstoffe","9":"product_cat-chemie-spezial-produkte","11":"first","12":"instock","13":"shipping-taxable","14":"purchasable","15":"product-type-variable","16":"has-default-attributes"},"_links":{"self":[{"href":"https:\/\/e-flore.store\/de\/wp-json\/wp\/v2\/product\/6344","targetHints":{"allow":["GET"]}}],"collection":[{"href":"https:\/\/e-flore.store\/de\/wp-json\/wp\/v2\/product"}],"about":[{"href":"https:\/\/e-flore.store\/de\/wp-json\/wp\/v2\/types\/product"}],"wp:featuredmedia":[{"embeddable":true,"href":"https:\/\/e-flore.store\/de\/wp-json\/wp\/v2\/media\/7118"}],"wp:attachment":[{"href":"https:\/\/e-flore.store\/de\/wp-json\/wp\/v2\/media?parent=6344"}],"wp:term":[{"taxonomy":"product_brand","embeddable":true,"href":"https:\/\/e-flore.store\/de\/wp-json\/wp\/v2\/product_brand?post=6344"},{"taxonomy":"product_cat","embeddable":true,"href":"https:\/\/e-flore.store\/de\/wp-json\/wp\/v2\/product_cat?post=6344"},{"taxonomy":"product_tag","embeddable":true,"href":"https:\/\/e-flore.store\/de\/wp-json\/wp\/v2\/product_tag?post=6344"}],"curies":[{"name":"wp","href":"https:\/\/api.w.org\/{rel}","templated":true}]}}