{"id":6348,"date":"2026-02-03T16:05:10","date_gmt":"2026-02-03T14:05:10","guid":{"rendered":"https:\/\/demo8.izveide.id.lv\/?post_type=product&#038;p=6348"},"modified":"2026-02-18T14:34:36","modified_gmt":"2026-02-18T12:34:36","slug":"alk1049-lk","status":"publish","type":"product","link":"https:\/\/e-flore.store\/de\/produkt\/alk1049-lk\/","title":{"rendered":"ALK1049 LK"},"content":{"rendered":"<p><img decoding=\"async\" class=\"alignnone size-full wp-image-2122\" style=\"width: 100%; height: auto; display: block;\" src=\"\/wp-content\/uploads\/2026\/01\/ALK1049-LK-PARENT_desc.jpg\" alt=\"ALK1049 LK-PARENT\" width=\"100%\" srcset=\"https:\/\/e-flore.store\/wp-content\/uploads\/2026\/01\/ALK1049-LK-PARENT_desc.jpg 1280w, https:\/\/e-flore.store\/wp-content\/uploads\/2026\/01\/ALK1049-LK-PARENT_desc-600x338.jpg 600w, https:\/\/e-flore.store\/wp-content\/uploads\/2026\/01\/ALK1049-LK-PARENT_desc-300x169.jpg 300w, https:\/\/e-flore.store\/wp-content\/uploads\/2026\/01\/ALK1049-LK-PARENT_desc-1024x576.jpg 1024w\" sizes=\"(max-width: 1280px) 100vw, 1280px\" \/><\/p>\n<div id=\"eflore-spacer-v55\" style=\"height: 0px; clear: both; width: 100%; display: block;\"><\/div>\n<p style=\"margin-bottom: 10px; margin-top: 30px;\"><strong>LKW-INTENSIVREINIGER<\/strong><\/p>\n<p style=\"margin-bottom: 10px; margin-top: 30px;\"><strong>Produkt beschreibung:<\/strong><\/p>\n<p style=\"margin-bottom: 8px; margin-top: 0px; line-height: 1.6;\">&#8222;ALK1049 LK&#8220; ist ein stark alkalischer Reiniger f\u00fcr die LKW W\u00e4sche mit langanhaltendem, feinporigem Schaum.<\/p>\n<p style=\"margin-bottom: 8px; margin-top: 0px; line-height: 1.6;\">Er ist geeignet f\u00fcr die Lackreinigung, Insektenentfernung, Felgenreinigung und f\u00fcr hartn\u00e4ckige Verschmutzungen aller Art, \u00d6le, Dieselru\u00df. Ist hervorragend f\u00fcr die Silo- und Tankfahrzeugreinigung geeignet.<\/p>\n<p style=\"margin-bottom: 8px; margin-top: 0px; line-height: 1.6;\">Die hartn\u00e4ckige Verschmutzung an den Fahrzeugen wird leicht angel\u00f6st und k\u00f6nnen dann mit Hilfe eines Hochdruckger\u00e4t m\u00fchelos entfernt werden.<\/p>\n<p style=\"margin-bottom: 8px; margin-top: 0px; line-height: 1.6;\">Bei der Erstanwendung an verdeckter Stelle einen Probeauftrag durchf\u00fchren, zwecks Materialvertr\u00e4glichkeit! Auf empfindliche Materialien wie verschiedene Kunststoffe oder Zink\u00f6berfl\u00e4chen auf Eignung pr\u00fcfen!<\/p>\n<p style=\"margin-bottom: 10px; margin-top: 30px;\"><strong>Verarbeitung:<\/strong><\/p>\n<p style=\"margin-bottom: 8px; margin-top: 0px; line-height: 1.6;\">Das Produkt in einer Verd\u00fcnnung von 1:5 &#8211; 1:10 auf die verschmutzten Oberfl\u00e4chen von unten nach oben auftragen lassen. Kurze Zeit einwirken lassen und mit HD Ger\u00e4t, B\u00fcrste oder Schwamm den Schmutz abl\u00f6sen. Mit klarem Wasser nachsp\u00fclen.<\/p>\n<p style=\"margin-bottom: 10px; margin-top: 30px;\"><strong>Hinweise:<\/strong><\/p>\n<p style=\"margin-bottom: 8px; margin-top: 0px; line-height: 1.6;\">&#8222;ALK1049 LK&#8220;\u00a0nicht auftrocknen lassen! Bei der Verarbeitung Atemschutz und Sicherheitsschutz tragen.<\/p>\n<p style=\"margin-bottom: 10px; margin-top: 30px;\"><strong>pH (konz.):\u00a0<\/strong>10 &#8211; 12<\/p>\n","protected":false},"excerpt":{"rendered":"<p>LKW-INTENSIVREINIGER Produkt beschreibung: &#8222;ALK1049 LK&#8220; ist ein stark alkalischer Reiniger f\u00fcr die LKW W\u00e4sche mit langanhaltendem, feinporigem Schaum. Er ist geeignet f\u00fcr die Lackreinigung, Insektenentfernung, Felgenreinigung und f\u00fcr hartn\u00e4ckige Verschmutzungen aller Art, \u00d6le, Dieselru\u00df. Ist hervorragend f\u00fcr die Silo- und Tankfahrzeugreinigung geeignet. Die hartn\u00e4ckige Verschmutzung an den Fahrzeugen wird leicht angel\u00f6st und k\u00f6nnen dann mit&#8230;<\/p>\n","protected":false},"featured_media":7111,"template":"","meta":[],"product_brand":[337],"product_cat":[439,415,433],"product_tag":[],"class_list":{"0":"post-6348","1":"product","2":"type-product","3":"status-publish","4":"has-post-thumbnail","6":"product_brand-flore-chemie","7":"product_cat-autoshampoos-wachs-und-trockner","8":"product_cat-chemie-spezial-produkte","9":"product_cat-kfz-motorrad-lkw-reiniger","11":"first","12":"instock","13":"shipping-taxable","14":"purchasable","15":"product-type-variable","16":"has-default-attributes"},"_links":{"self":[{"href":"https:\/\/e-flore.store\/de\/wp-json\/wp\/v2\/product\/6348","targetHints":{"allow":["GET"]}}],"collection":[{"href":"https:\/\/e-flore.store\/de\/wp-json\/wp\/v2\/product"}],"about":[{"href":"https:\/\/e-flore.store\/de\/wp-json\/wp\/v2\/types\/product"}],"wp:featuredmedia":[{"embeddable":true,"href":"https:\/\/e-flore.store\/de\/wp-json\/wp\/v2\/media\/7111"}],"wp:attachment":[{"href":"https:\/\/e-flore.store\/de\/wp-json\/wp\/v2\/media?parent=6348"}],"wp:term":[{"taxonomy":"product_brand","embeddable":true,"href":"https:\/\/e-flore.store\/de\/wp-json\/wp\/v2\/product_brand?post=6348"},{"taxonomy":"product_cat","embeddable":true,"href":"https:\/\/e-flore.store\/de\/wp-json\/wp\/v2\/product_cat?post=6348"},{"taxonomy":"product_tag","embeddable":true,"href":"https:\/\/e-flore.store\/de\/wp-json\/wp\/v2\/product_tag?post=6348"}],"curies":[{"name":"wp","href":"https:\/\/api.w.org\/{rel}","templated":true}]}}