{"id":6360,"date":"2026-02-03T16:05:12","date_gmt":"2026-02-03T14:05:12","guid":{"rendered":"https:\/\/demo8.izveide.id.lv\/?post_type=product&#038;p=6360"},"modified":"2026-02-18T14:36:39","modified_gmt":"2026-02-18T12:36:39","slug":"neu1411-lk","status":"publish","type":"product","link":"https:\/\/e-flore.store\/de\/produkt\/neu1411-lk\/","title":{"rendered":"NEU1411 LK"},"content":{"rendered":"<p><img decoding=\"async\" class=\"alignnone size-full wp-image-2119\" style=\"width: 100%; height: auto; display: block;\" src=\"\/wp-content\/uploads\/2026\/01\/NEU1411-LK-PARENT_desc.jpg\" alt=\"NEU1411 LK-PARENT\" width=\"100%\" srcset=\"https:\/\/e-flore.store\/wp-content\/uploads\/2026\/01\/NEU1411-LK-PARENT_desc.jpg 1280w, https:\/\/e-flore.store\/wp-content\/uploads\/2026\/01\/NEU1411-LK-PARENT_desc-600x338.jpg 600w, https:\/\/e-flore.store\/wp-content\/uploads\/2026\/01\/NEU1411-LK-PARENT_desc-300x169.jpg 300w, https:\/\/e-flore.store\/wp-content\/uploads\/2026\/01\/NEU1411-LK-PARENT_desc-1024x576.jpg 1024w\" sizes=\"(max-width: 1280px) 100vw, 1280px\" \/><\/p>\n<div id=\"eflore-spacer-v55\" style=\"height: 0px; clear: both; width: 100%; display: block;\"><\/div>\n<p style=\"margin-bottom: 10px; margin-top: 30px;\"><strong>UNIVERSELLE TEXTILIMPR<\/strong>\u00c4<strong>GNIERUNG F<\/strong>\u00dc<strong>R NAHEZU ALLE STOFF- UND PLANENTYPEN. WASSER- UND\u00a0\u00d6LABWEISEND.<\/strong><\/p>\n<p style=\"margin-bottom: 10px; margin-top: 30px;\"><strong>Produkt beschreibung:<\/strong><\/p>\n<p style=\"margin-bottom: 8px; margin-top: 0px; line-height: 1.6;\">&#8222;NEU1411 LK&#8220; ist eine neuartige Textilimpr\u00e4gnierung. Der Effekt ist gleich wie bei Oberfl\u00e4chenimpr\u00e4gnierungen auf Nanopartikelbasis, jedoch ist das Produkt frei von diesen, wodurch eine Gesundheitsgef\u00e4hrdung durch Kleinstteilchen ausgeschlossen ist.<\/p>\n<p style=\"margin-bottom: 10px; margin-top: 30px;\"><strong>Anwendung:<\/strong><\/p>\n<p style=\"margin-bottom: 8px; margin-top: 0px; line-height: 1.6;\">&#8222;NEU1411 LK&#8220; eignet sich besonders zur Impr\u00e4gnierung von z. B. Teppichen, Duschvorh\u00e4ngen, Polstern, Autositzen etc. im Innenbereich und Markisen, Zelten, Sonnen- und Regenschirmen, Cabrioverdecken, Stuhlauflagen, Regenbekleidung, Schuhen, Rucks\u00e4cken und anderen im Au\u00dfenbereich verwendeten Textilien.<\/p>\n<p style=\"margin-bottom: 8px; margin-top: 0px; line-height: 1.6;\">&#8222;NEU1411 LK&#8220; auf die trockenen, ges\u00e4uberten Textilien gleichm\u00e4\u00dfig aufspr\u00fchen, aufwischen oder tauchen und trocknen lassen. Bei stark saugenden Textilien sollte der Vorgang wiederholt werden. Trocknungsw\u00e4rme bei 20 &#8211; 40 \u00b0C optimiert die abweisenden Eigenschaften. F\u00fcr eine optimale Impr\u00e4gnierwirkung sollte eine Trockenzeit von 48 Stunden eingehalten werden.<\/p>\n<p style=\"margin-bottom: 10px; margin-top: 30px;\"><strong>Dosierung:<\/strong><\/p>\n<p style=\"margin-bottom: 8px; margin-top: 0px; line-height: 1.6;\">&#8222;NEU1411 LK&#8220;\u00a0kann f\u00fcr leichte Impr\u00e4gnierungsaufgaben bis 1:2 mit Wasser verd\u00fcnnt werden.<\/p>\n<p style=\"margin-bottom: 10px; margin-top: 30px;\"><strong>Hinweise:<\/strong><\/p>\n<p style=\"margin-bottom: 8px; margin-top: 0px; line-height: 1.6;\">&#8222;NEU1411 LK&#8220;\u00a0ist kein Gefahrstoff oder Gefahrgut und sicher in der Verarbeitung. Bei Aerosolbildung sollte eine Staubschutzmaske getragen werden.<\/p>\n<p style=\"margin-bottom: 8px; margin-top: 0px; line-height: 1.6;\">Nicht unter 15 \u00b0C anwenden.<\/p>\n<p style=\"margin-bottom: 10px; margin-top: 30px;\"><strong>pH (Konz.):\u00a0<\/strong>7<\/p>\n","protected":false},"excerpt":{"rendered":"<p>UNIVERSELLE TEXTILIMPR\u00c4GNIERUNG F\u00dcR NAHEZU ALLE STOFF- UND PLANENTYPEN. WASSER- UND\u00a0\u00d6LABWEISEND. Produkt beschreibung: &#8222;NEU1411 LK&#8220; ist eine neuartige Textilimpr\u00e4gnierung. Der Effekt ist gleich wie bei Oberfl\u00e4chenimpr\u00e4gnierungen auf Nanopartikelbasis, jedoch ist das Produkt frei von diesen, wodurch eine Gesundheitsgef\u00e4hrdung durch Kleinstteilchen ausgeschlossen ist. Anwendung: &#8222;NEU1411 LK&#8220; eignet sich besonders zur Impr\u00e4gnierung von z. B. Teppichen, Duschvorh\u00e4ngen, Polstern,&#8230;<\/p>\n","protected":false},"featured_media":6806,"template":"","meta":[],"product_brand":[337],"product_cat":[415,433,442],"product_tag":[],"class_list":{"0":"post-6360","1":"product","2":"type-product","3":"status-publish","4":"has-post-thumbnail","6":"product_brand-flore-chemie","7":"product_cat-chemie-spezial-produkte","8":"product_cat-kfz-motorrad-lkw-reiniger","9":"product_cat-spezialprodukte-und-felgenreiniger","11":"first","12":"instock","13":"shipping-taxable","14":"purchasable","15":"product-type-variable","16":"has-default-attributes"},"_links":{"self":[{"href":"https:\/\/e-flore.store\/de\/wp-json\/wp\/v2\/product\/6360","targetHints":{"allow":["GET"]}}],"collection":[{"href":"https:\/\/e-flore.store\/de\/wp-json\/wp\/v2\/product"}],"about":[{"href":"https:\/\/e-flore.store\/de\/wp-json\/wp\/v2\/types\/product"}],"wp:featuredmedia":[{"embeddable":true,"href":"https:\/\/e-flore.store\/de\/wp-json\/wp\/v2\/media\/6806"}],"wp:attachment":[{"href":"https:\/\/e-flore.store\/de\/wp-json\/wp\/v2\/media?parent=6360"}],"wp:term":[{"taxonomy":"product_brand","embeddable":true,"href":"https:\/\/e-flore.store\/de\/wp-json\/wp\/v2\/product_brand?post=6360"},{"taxonomy":"product_cat","embeddable":true,"href":"https:\/\/e-flore.store\/de\/wp-json\/wp\/v2\/product_cat?post=6360"},{"taxonomy":"product_tag","embeddable":true,"href":"https:\/\/e-flore.store\/de\/wp-json\/wp\/v2\/product_tag?post=6360"}],"curies":[{"name":"wp","href":"https:\/\/api.w.org\/{rel}","templated":true}]}}