{"id":6366,"date":"2026-02-03T16:05:15","date_gmt":"2026-02-03T14:05:15","guid":{"rendered":"https:\/\/demo8.izveide.id.lv\/?post_type=product&#038;p=6366"},"modified":"2026-02-18T14:37:33","modified_gmt":"2026-02-18T12:37:33","slug":"acd1110-lk","status":"publish","type":"product","link":"https:\/\/e-flore.store\/de\/produkt\/acd1110-lk\/","title":{"rendered":"ACD1110 LK"},"content":{"rendered":"<p><img decoding=\"async\" class=\"alignnone size-full wp-image-2118\" style=\"width: 100%; height: auto; display: block;\" src=\"\/wp-content\/uploads\/2026\/01\/ACD1110-LK-PARENT_desc.jpg\" alt=\"ACD1110 LK-PARENT\" width=\"100%\" srcset=\"https:\/\/e-flore.store\/wp-content\/uploads\/2026\/01\/ACD1110-LK-PARENT_desc.jpg 1000w, https:\/\/e-flore.store\/wp-content\/uploads\/2026\/01\/ACD1110-LK-PARENT_desc-600x360.jpg 600w, https:\/\/e-flore.store\/wp-content\/uploads\/2026\/01\/ACD1110-LK-PARENT_desc-300x180.jpg 300w\" sizes=\"(max-width: 1000px) 100vw, 1000px\" \/><\/p>\n<div id=\"eflore-spacer-v55\" style=\"height: 0px; clear: both; width: 100%; display: block;\"><\/div>\n<p style=\"margin-bottom: 10px; margin-top: 30px;\"><strong>FELGENREINIGER KONZENTRAT<\/strong><\/p>\n<p style=\"margin-bottom: 10px; margin-top: 30px;\"><strong>Anwendungsgebiete:<\/strong><\/p>\n<p style=\"margin-bottom: 8px; margin-top: 0px; line-height: 1.6;\">&#8222;ACD1110 LK&#8220; ist ein saurer Totalreiniger f\u00fcr Nutz- und Kraftfahrzeuge, Felgen, Planen, PVC u. a. Der Reiniger enth\u00e4lt neben verschiedenen L\u00f6sungsmitteln und Emulgatoren einen zus\u00e4tzlichen S\u00e4ureanteil, welcher besonders effektiv gegen Verschmutzungen aus dem Verkehr ist.<\/p>\n<p style=\"margin-bottom: 8px; margin-top: 0px; line-height: 1.6;\">&#8222;ACD1110 LK&#8220;\u00a0greift weder Alufelgen noch Stahlfelgen an und reinigt diese r\u00fcckstandslos.<\/p>\n<p style=\"margin-bottom: 10px; margin-top: 30px;\"><strong>Verarbeitung:<\/strong><\/p>\n<p style=\"margin-bottom: 8px; margin-top: 0px; line-height: 1.6;\">&#8222;ACD1110 LK&#8220;\u00a0sollte als L\u00f6sung in Wasser 1:1 bis 1:5 verd\u00fcnnt werden. Mit einem Spr\u00fchger\u00e4t auf die zu reinigenden Fl\u00e4chen, Felgen oder Planen aufbringen. Kurz einwirken lassen (nicht antrocknen lassen) und mit klarem Wasser gr\u00fcndlich nachsp\u00fclen.<\/p>\n<p style=\"margin-bottom: 8px; margin-top: 0px; line-height: 1.6;\">Im Zweifelsfalle an verdeckter Stelle Probeauftrag vornehmen, um das Material auf S\u00e4urefestigkeit zu pr\u00fcfen.<\/p>\n<p>&nbsp;<\/p>\n<p style=\"margin-bottom: 8px; margin-top: 0px; line-height: 1.6;\"><strong>Hinweise:<\/strong><\/p>\n<p style=\"margin-bottom: 8px; margin-top: 0px; line-height: 1.6;\">&#8222;ACD1110 LK&#8220;\u00a0S\u00e4uren enth\u00e4lt, sind die f\u00fcr den Umgang mit s\u00e4urehaltigen Produkten erlassenen Bestimmungen zu beachten. Gef\u00e4\u00dfe verschlossen halten. Wie von allen sauren Produkten k\u00f6nnen besonders Emaille,Gewebe, Metalle, unglasierte Steine, Bleiwei\u00df- und Zinkfarben angegriffen werden. Nicht auf hei\u00dfen Fl\u00e4chen verwenden.<\/p>\n<p>&nbsp;<\/p>\n<p style=\"margin-bottom: 8px; margin-top: 0px; line-height: 1.6;\"><strong>pH\u00a0<\/strong>(Konz.): 1,0<\/p>\n","protected":false},"excerpt":{"rendered":"<p>FELGENREINIGER KONZENTRAT Anwendungsgebiete: &#8222;ACD1110 LK&#8220; ist ein saurer Totalreiniger f\u00fcr Nutz- und Kraftfahrzeuge, Felgen, Planen, PVC u. a. Der Reiniger enth\u00e4lt neben verschiedenen L\u00f6sungsmitteln und Emulgatoren einen zus\u00e4tzlichen S\u00e4ureanteil, welcher besonders effektiv gegen Verschmutzungen aus dem Verkehr ist. &#8222;ACD1110 LK&#8220;\u00a0greift weder Alufelgen noch Stahlfelgen an und reinigt diese r\u00fcckstandslos. Verarbeitung: &#8222;ACD1110 LK&#8220;\u00a0sollte als L\u00f6sung in&#8230;<\/p>\n","protected":false},"featured_media":6808,"template":"","meta":[],"product_brand":[337],"product_cat":[442,415,433],"product_tag":[],"class_list":{"0":"post-6366","1":"product","2":"type-product","3":"status-publish","4":"has-post-thumbnail","6":"product_brand-flore-chemie","7":"product_cat-spezialprodukte-und-felgenreiniger","8":"product_cat-chemie-spezial-produkte","9":"product_cat-kfz-motorrad-lkw-reiniger","11":"first","12":"instock","13":"shipping-taxable","14":"purchasable","15":"product-type-variable","16":"has-default-attributes"},"_links":{"self":[{"href":"https:\/\/e-flore.store\/de\/wp-json\/wp\/v2\/product\/6366","targetHints":{"allow":["GET"]}}],"collection":[{"href":"https:\/\/e-flore.store\/de\/wp-json\/wp\/v2\/product"}],"about":[{"href":"https:\/\/e-flore.store\/de\/wp-json\/wp\/v2\/types\/product"}],"wp:featuredmedia":[{"embeddable":true,"href":"https:\/\/e-flore.store\/de\/wp-json\/wp\/v2\/media\/6808"}],"wp:attachment":[{"href":"https:\/\/e-flore.store\/de\/wp-json\/wp\/v2\/media?parent=6366"}],"wp:term":[{"taxonomy":"product_brand","embeddable":true,"href":"https:\/\/e-flore.store\/de\/wp-json\/wp\/v2\/product_brand?post=6366"},{"taxonomy":"product_cat","embeddable":true,"href":"https:\/\/e-flore.store\/de\/wp-json\/wp\/v2\/product_cat?post=6366"},{"taxonomy":"product_tag","embeddable":true,"href":"https:\/\/e-flore.store\/de\/wp-json\/wp\/v2\/product_tag?post=6366"}],"curies":[{"name":"wp","href":"https:\/\/api.w.org\/{rel}","templated":true}]}}