{"id":6372,"date":"2026-02-03T16:05:16","date_gmt":"2026-02-03T14:05:16","guid":{"rendered":"https:\/\/demo8.izveide.id.lv\/?post_type=product&#038;p=6372"},"modified":"2026-02-18T14:38:26","modified_gmt":"2026-02-18T12:38:26","slug":"alk102-lk","status":"publish","type":"product","link":"https:\/\/e-flore.store\/de\/produkt\/alk102-lk\/","title":{"rendered":"ALK102 LK"},"content":{"rendered":"<p><img decoding=\"async\" class=\"alignnone size-full wp-image-2117\" style=\"width: 100%; height: auto; display: block;\" src=\"\/wp-content\/uploads\/2026\/01\/ALK102-LK-PARENT_desc.jpg\" alt=\"ALK102 LK-PARENT\" width=\"100%\" srcset=\"https:\/\/e-flore.store\/wp-content\/uploads\/2026\/01\/ALK102-LK-PARENT_desc.jpg 1980w, https:\/\/e-flore.store\/wp-content\/uploads\/2026\/01\/ALK102-LK-PARENT_desc-600x400.jpg 600w, https:\/\/e-flore.store\/wp-content\/uploads\/2026\/01\/ALK102-LK-PARENT_desc-300x200.jpg 300w, https:\/\/e-flore.store\/wp-content\/uploads\/2026\/01\/ALK102-LK-PARENT_desc-1024x683.jpg 1024w\" sizes=\"(max-width: 1980px) 100vw, 1980px\" \/><\/p>\n<div id=\"eflore-spacer-v55\" style=\"height: 0px; clear: both; width: 100%; display: block;\"><\/div>\n<p style=\"margin-bottom: 8px; margin-top: 0px; line-height: 1.6;\"><strong>SCH\u00c4UMENDER\u00a0GRUNDREINIGER\u00a0MIT CHLOR.\u00a0MIT HYGIENISCHER BLEICHWIRKUNG F\u00dcR\u00a0EIWEI\u00df UND FETTVERSCHMUTZUNGEN<\/strong><\/p>\n<p style=\"margin-bottom: 10px; margin-top: 30px;\"><strong>Produkt beschreibung:<\/strong><\/p>\n<p style=\"margin-bottom: 8px; margin-top: 0px; line-height: 1.6;\">&#8222;ALK102 LK&#8220; ist ein starker Grundreiniger f\u00fcr die Entfernung von Fett- und Eiwei\u00dfaufbauten, wie sie in Schlachth\u00f6fen, Metzgereien, Gro\u00dfk\u00fcchen und milchverarbeitenden Betrieben anfallen. Das Produkt ist sch\u00e4umend eingestellt und kann mit einer Schaumlanze verarbeitet werden. Es enth\u00e4lt Eiwei\u00df- und Fettbleichmittel, wodurch diese Ablagerungen leicht gespalten werden.<\/p>\n<p style=\"margin-bottom: 8px; margin-top: 0px; line-height: 1.6;\">&#8222;ALK102 LK&#8220;\u00a0kann nach den Richtlinien der HACCP eingesetzt werden.<\/p>\n<p style=\"margin-bottom: 10px; margin-top: 30px;\"><strong>Verarbeitung:<\/strong><\/p>\n<p style=\"margin-bottom: 8px; margin-top: 0px; line-height: 1.6;\">&#8222;ALK102 LK&#8220;\u00a0kann manuell oder in Reinigungsautomaten eingesetzt werden.<\/p>\n<p style=\"margin-bottom: 8px; margin-top: 0px; line-height: 1.6;\">Der Reiniger wird f\u00fcr die manuelle Reinigung, je nach Grad der Verschmutzung, 1:20 &#8211; 1:75 mit Wasser verd\u00fcnnt auf die Ablagerungen aufgebracht.<\/p>\n<p style=\"margin-bottom: 8px; margin-top: 0px; line-height: 1.6;\">Die Verschmutzungen mit Wasser aufnehmen.<\/p>\n<p style=\"margin-bottom: 8px; margin-top: 0px; line-height: 1.6;\">Bei der maschinellen Reinigung in Automaten 1:50 &#8211; 1:100 mit Wasser verd\u00fcnnen.<\/p>\n<p style=\"margin-bottom: 10px; margin-top: 30px;\"><strong>Hinweise:<\/strong><\/p>\n<p style=\"margin-bottom: 8px; margin-top: 0px; line-height: 1.6;\">&#8222;ALK102 LK&#8220;\u00a0wirkt stark alkalisch, daher Probeauftrag durchf\u00fchren. Nicht geeignet f\u00fcr Linoleumbel\u00e4ge. Bei der Verarbeitung geeignete Schutzkleidung (Handschuhe, Gummistiefel, Schutzbrille) tragen.<\/p>\n<p style=\"margin-bottom: 8px; margin-top: 0px; line-height: 1.6;\">Frei von L\u00f6sungsmitteln, Konservierungsstoffen und Aldehyden.<\/p>\n<p style=\"margin-bottom: 8px; margin-top: 0px; line-height: 1.6;\">&#8222;ALK102 LK&#8220;\u00a0nie mit anderen Reinigungsprodukten vermischen &#8211; Vergiftungsgefahr.<\/p>\n<p style=\"margin-bottom: 10px; margin-top: 30px;\"><strong>pH:\u00a0<\/strong>13 (Konz.)<\/p>\n","protected":false},"excerpt":{"rendered":"<p>SCH\u00c4UMENDER\u00a0GRUNDREINIGER\u00a0MIT CHLOR.\u00a0MIT HYGIENISCHER BLEICHWIRKUNG F\u00dcR\u00a0EIWEI\u00df UND FETTVERSCHMUTZUNGEN Produkt beschreibung: &#8222;ALK102 LK&#8220; ist ein starker Grundreiniger f\u00fcr die Entfernung von Fett- und Eiwei\u00dfaufbauten, wie sie in Schlachth\u00f6fen, Metzgereien, Gro\u00dfk\u00fcchen und milchverarbeitenden Betrieben anfallen. Das Produkt ist sch\u00e4umend eingestellt und kann mit einer Schaumlanze verarbeitet werden. Es enth\u00e4lt Eiwei\u00df- und Fettbleichmittel, wodurch diese Ablagerungen leicht gespalten werden&#8230;.<\/p>\n","protected":false},"featured_media":6818,"template":"","meta":[],"product_brand":[337],"product_cat":[448,415,445],"product_tag":[],"class_list":{"0":"post-6372","1":"product","2":"type-product","3":"status-publish","4":"has-post-thumbnail","6":"product_brand-flore-chemie","7":"product_cat-grosskuechenreinigung-und-entfettungsmittel","8":"product_cat-chemie-spezial-produkte","9":"product_cat-gastronomie-und-lebensmittel","11":"first","12":"instock","13":"shipping-taxable","14":"purchasable","15":"product-type-variable","16":"has-default-attributes"},"_links":{"self":[{"href":"https:\/\/e-flore.store\/de\/wp-json\/wp\/v2\/product\/6372","targetHints":{"allow":["GET"]}}],"collection":[{"href":"https:\/\/e-flore.store\/de\/wp-json\/wp\/v2\/product"}],"about":[{"href":"https:\/\/e-flore.store\/de\/wp-json\/wp\/v2\/types\/product"}],"wp:featuredmedia":[{"embeddable":true,"href":"https:\/\/e-flore.store\/de\/wp-json\/wp\/v2\/media\/6818"}],"wp:attachment":[{"href":"https:\/\/e-flore.store\/de\/wp-json\/wp\/v2\/media?parent=6372"}],"wp:term":[{"taxonomy":"product_brand","embeddable":true,"href":"https:\/\/e-flore.store\/de\/wp-json\/wp\/v2\/product_brand?post=6372"},{"taxonomy":"product_cat","embeddable":true,"href":"https:\/\/e-flore.store\/de\/wp-json\/wp\/v2\/product_cat?post=6372"},{"taxonomy":"product_tag","embeddable":true,"href":"https:\/\/e-flore.store\/de\/wp-json\/wp\/v2\/product_tag?post=6372"}],"curies":[{"name":"wp","href":"https:\/\/api.w.org\/{rel}","templated":true}]}}