{"id":6384,"date":"2026-02-03T16:05:18","date_gmt":"2026-02-03T14:05:18","guid":{"rendered":"https:\/\/demo8.izveide.id.lv\/?post_type=product&#038;p=6384"},"modified":"2026-02-19T12:35:32","modified_gmt":"2026-02-19T10:35:32","slug":"acd1344-lk","status":"publish","type":"product","link":"https:\/\/e-flore.store\/de\/produkt\/acd1344-lk\/","title":{"rendered":"ACD1344 LK"},"content":{"rendered":"<p><img decoding=\"async\" class=\"alignnone size-full wp-image-2115\" src=\"\/wp-content\/uploads\/2026\/01\/ACD1344-LK-PARENT_desc.jpg\" alt=\"ACD1344 LK-PARENT\" width=\"100%\" \/ style=\"width: 100%; height: auto; display: block;\" srcset=\"https:\/\/e-flore.store\/wp-content\/uploads\/2026\/01\/ACD1344-LK-PARENT_desc.jpg 850w, https:\/\/e-flore.store\/wp-content\/uploads\/2026\/01\/ACD1344-LK-PARENT_desc-600x411.jpg 600w, https:\/\/e-flore.store\/wp-content\/uploads\/2026\/01\/ACD1344-LK-PARENT_desc-300x205.jpg 300w\" sizes=\"(max-width: 850px) 100vw, 850px\" \/><\/p>\n<p>&nbsp;<\/p>\n<p><b>SAURER, SCHAUMAKTIVER REINIGER<\/b><\/p>\n<p><b>Anwendungsgebiete:<br \/>\n<\/b><\/p>\n<p style=\"text-align: justify;\">&#8222;ACD1344 LK&#8220; ist ein stark sch\u00e4umender Reiniger f\u00fcr den Lebensmittel- und Industriebereich.<\/p>\n<p style=\"text-align: justify;\"><span style=\"letter-spacing: normal;\">&#8222;ACD1344 LK&#8220;<\/span> wirkt hygienisch sauber. Er spaltet Eiwei\u00df \/ Proteine, Fette und anorganische Verschmutzungen, wie zum Beispiel Kalkstein.<b><br \/>\n<\/b><\/p>\n<p style=\"text-align: justify;\"><b>Verarbeitung:<\/b><\/p>\n<p style=\"text-align: justify;\"><span style=\"letter-spacing: normal;\">&#8222;ACD1344 LK&#8220;<\/span> wird je nach Grad der Verschmutzung in einer Konzentration von 5 \u2013 10% mittels Schaumkanone (Schaumlanze) auf die Verschmutzung aufgetragen. Anschlie\u00dfend muss dieses gr\u00fcndlich mit klarem Wasser nachgesp\u00fclt werden.<b><br \/>\n<\/b><\/p>\n<p style=\"text-align: justify;\"><b>pH:<\/b> 1,0 (Konz.)<\/p>\n","protected":false},"excerpt":{"rendered":"<p>&nbsp; SAURER, SCHAUMAKTIVER REINIGER Anwendungsgebiete: &#8222;ACD1344 LK&#8220; ist ein stark sch\u00e4umender Reiniger f\u00fcr den Lebensmittel- und Industriebereich. &#8222;ACD1344 LK&#8220; wirkt hygienisch sauber. Er spaltet Eiwei\u00df \/ Proteine, Fette und anorganische Verschmutzungen, wie zum Beispiel Kalkstein. Verarbeitung: &#8222;ACD1344 LK&#8220; wird je nach Grad der Verschmutzung in einer Konzentration von 5 \u2013 10% mittels Schaumkanone (Schaumlanze) auf&#8230;<\/p>\n","protected":false},"featured_media":6810,"template":"","meta":[],"product_brand":[337],"product_cat":[448,415,445],"product_tag":[],"class_list":{"0":"post-6384","1":"product","2":"type-product","3":"status-publish","4":"has-post-thumbnail","6":"product_brand-flore-chemie","7":"product_cat-grosskuechenreinigung-und-entfettungsmittel","8":"product_cat-chemie-spezial-produkte","9":"product_cat-gastronomie-und-lebensmittel","11":"first","12":"instock","13":"shipping-taxable","14":"purchasable","15":"product-type-variable","16":"has-default-attributes"},"_links":{"self":[{"href":"https:\/\/e-flore.store\/de\/wp-json\/wp\/v2\/product\/6384","targetHints":{"allow":["GET"]}}],"collection":[{"href":"https:\/\/e-flore.store\/de\/wp-json\/wp\/v2\/product"}],"about":[{"href":"https:\/\/e-flore.store\/de\/wp-json\/wp\/v2\/types\/product"}],"wp:featuredmedia":[{"embeddable":true,"href":"https:\/\/e-flore.store\/de\/wp-json\/wp\/v2\/media\/6810"}],"wp:attachment":[{"href":"https:\/\/e-flore.store\/de\/wp-json\/wp\/v2\/media?parent=6384"}],"wp:term":[{"taxonomy":"product_brand","embeddable":true,"href":"https:\/\/e-flore.store\/de\/wp-json\/wp\/v2\/product_brand?post=6384"},{"taxonomy":"product_cat","embeddable":true,"href":"https:\/\/e-flore.store\/de\/wp-json\/wp\/v2\/product_cat?post=6384"},{"taxonomy":"product_tag","embeddable":true,"href":"https:\/\/e-flore.store\/de\/wp-json\/wp\/v2\/product_tag?post=6384"}],"curies":[{"name":"wp","href":"https:\/\/api.w.org\/{rel}","templated":true}]}}