{"id":6396,"date":"2026-02-03T16:05:19","date_gmt":"2026-02-03T14:05:19","guid":{"rendered":"https:\/\/demo8.izveide.id.lv\/?post_type=product&#038;p=6396"},"modified":"2026-02-19T12:36:09","modified_gmt":"2026-02-19T10:36:09","slug":"alk1547-lk","status":"publish","type":"product","link":"https:\/\/e-flore.store\/de\/produkt\/alk1547-lk\/","title":{"rendered":"ALK1547 LK"},"content":{"rendered":"<p><img decoding=\"async\" class=\"alignnone size-full wp-image-2113\" src=\"\/wp-content\/uploads\/2026\/01\/ALK1547-LK-PARENT_desc.jpg\" alt=\"ALK1547 LK-PARENT\" width=\"100%\" \/ style=\"width: 100%; height: auto; display: block;\" srcset=\"https:\/\/e-flore.store\/wp-content\/uploads\/2026\/01\/ALK1547-LK-PARENT_desc.jpg 1024w, https:\/\/e-flore.store\/wp-content\/uploads\/2026\/01\/ALK1547-LK-PARENT_desc-600x234.jpg 600w, https:\/\/e-flore.store\/wp-content\/uploads\/2026\/01\/ALK1547-LK-PARENT_desc-300x117.jpg 300w\" sizes=\"(max-width: 1024px) 100vw, 1024px\" \/><\/p>\n<p>&nbsp;<\/p>\n<p><b>FL\u00c4CHENDESINFEKTIONSMITTEL<\/b><\/p>\n<p><b>Anwendungsgebiete:<\/b><\/p>\n<p style=\"text-align: justify;\">Dieses Fl\u00e4chendesinfektionsmittel ist ein hoch wirksames Pr\u00e4perat, welches als bakterizides und fungitides zur Desinfektion und Reinigung von abwaschbaren Fl\u00e4chen und Gebrauchsgegenst\u00e4nden im Lebensmittelbereich, in Krankenh\u00e4usern, Pflegeeinrichtungen, Praxen, Schulen und im K\u00fcchensektor eingesetzt wird.<\/p>\n<p style=\"text-align: justify;\">&#8222;ALK1547 LK&#8220; wird zur Behandlung von Fl\u00e4chen in Schwimmb\u00e4dern, Sportst\u00e4tten, Waschkauen, Kantinen und Kitas eingesetzt.<\/p>\n<p style=\"text-align: justify;\"><span style=\"letter-spacing: normal;\">&#8222;ALK1547 LK&#8220;<\/span> wirkt gegen nachfolgende Erreger, Viren oder Pilze.<\/p>\n<p style=\"text-align: justify;\"><span style=\"text-decoration-line: underline;\">Grampositiv Erregern<\/span>: Staphylokokken<\/p>\n<p style=\"text-align: justify;\"><span style=\"text-decoration-line: underline;\">Gramnegativ Erregern<\/span>: Pseudomonas aeruginosa, Klebsiella pneumoniae, E. Coli, Proteus vulgaris, Salmonella<\/p>\n<p style=\"text-align: justify;\"><span style=\"text-decoration-line: underline;\">Pilze<\/span>: Candida, albicans<\/p>\n<p style=\"text-align: justify;\"><span style=\"text-decoration-line: underline;\">Viren<\/span>: Rotarviren<\/p>\n<p style=\"text-align: justify;\"><span style=\"text-decoration-line: underline;\">Coronavirus\/ Covid-19<\/span>: wirksam<\/p>\n<p><b>Verarbeitung:<\/b><\/p>\n<p style=\"text-align: justify;\">In Anlehnung an den Richtlinien der VAH unter Ber\u00fccksichtigung der Anforderung f\u00fcr die Aufnahme in die Listung der VAH.<\/p>\n<p style=\"text-align: justify;\"><span style=\"text-decoration-line: underline;\">Anwendung nach VAH<\/span>:<\/p>\n<p style=\"text-align: justify;\">4,0 % &#8211; 15 min<\/p>\n<p style=\"text-align: justify;\">2,0 % &#8211; 30 min<\/p>\n<p style=\"text-align: justify;\">1,5 % &#8211; 60 min<\/p>\n<p style=\"text-align: justify;\"><span style=\"letter-spacing: normal;\">&#8222;ALK1547 LK&#8220;<\/span> kann im Feuchtwischverfahren oder direkt auf einem fusselfreien Lappen\/ Tuch zum Abwischen der Fl\u00e4che oder des Gegenstandes angewendet werden.<b><br \/>\n<\/b><\/p>\n<p><b>Hinweise:<\/b><\/p>\n<p style=\"text-align: justify;\">Biozide vorsichtig verwenden. Vor Gebrauch stets Etikett und Produktinformationen lesen.<\/p>\n<p style=\"text-align: justify;\">Bei Zimmertemperatur mindestens 2 Jahre haltbar.<b><br \/>\n<\/b><\/p>\n<p><b>pH:<\/b> 10 (Konz.)<\/p>\n","protected":false},"excerpt":{"rendered":"<p>&nbsp; FL\u00c4CHENDESINFEKTIONSMITTEL Anwendungsgebiete: Dieses Fl\u00e4chendesinfektionsmittel ist ein hoch wirksames Pr\u00e4perat, welches als bakterizides und fungitides zur Desinfektion und Reinigung von abwaschbaren Fl\u00e4chen und Gebrauchsgegenst\u00e4nden im Lebensmittelbereich, in Krankenh\u00e4usern, Pflegeeinrichtungen, Praxen, Schulen und im K\u00fcchensektor eingesetzt wird. &#8222;ALK1547 LK&#8220; wird zur Behandlung von Fl\u00e4chen in Schwimmb\u00e4dern, Sportst\u00e4tten, Waschkauen, Kantinen und Kitas eingesetzt. &#8222;ALK1547 LK&#8220; wirkt gegen&#8230;<\/p>\n","protected":false},"featured_media":6823,"template":"","meta":[],"product_brand":[337],"product_cat":[415,445,457],"product_tag":[],"class_list":{"0":"post-6396","1":"product","2":"type-product","3":"status-publish","4":"has-post-thumbnail","6":"product_brand-flore-chemie","7":"product_cat-chemie-spezial-produkte","8":"product_cat-gastronomie-und-lebensmittel","9":"product_cat-desinfektionsmittel-und-reiniger","11":"first","12":"instock","13":"shipping-taxable","14":"purchasable","15":"product-type-variable","16":"has-default-attributes"},"_links":{"self":[{"href":"https:\/\/e-flore.store\/de\/wp-json\/wp\/v2\/product\/6396","targetHints":{"allow":["GET"]}}],"collection":[{"href":"https:\/\/e-flore.store\/de\/wp-json\/wp\/v2\/product"}],"about":[{"href":"https:\/\/e-flore.store\/de\/wp-json\/wp\/v2\/types\/product"}],"wp:featuredmedia":[{"embeddable":true,"href":"https:\/\/e-flore.store\/de\/wp-json\/wp\/v2\/media\/6823"}],"wp:attachment":[{"href":"https:\/\/e-flore.store\/de\/wp-json\/wp\/v2\/media?parent=6396"}],"wp:term":[{"taxonomy":"product_brand","embeddable":true,"href":"https:\/\/e-flore.store\/de\/wp-json\/wp\/v2\/product_brand?post=6396"},{"taxonomy":"product_cat","embeddable":true,"href":"https:\/\/e-flore.store\/de\/wp-json\/wp\/v2\/product_cat?post=6396"},{"taxonomy":"product_tag","embeddable":true,"href":"https:\/\/e-flore.store\/de\/wp-json\/wp\/v2\/product_tag?post=6396"}],"curies":[{"name":"wp","href":"https:\/\/api.w.org\/{rel}","templated":true}]}}