{"id":6402,"date":"2026-02-03T16:05:20","date_gmt":"2026-02-03T14:05:20","guid":{"rendered":"https:\/\/demo8.izveide.id.lv\/?post_type=product&#038;p=6402"},"modified":"2026-02-18T12:49:35","modified_gmt":"2026-02-18T10:49:35","slug":"alk300-lk","status":"publish","type":"product","link":"https:\/\/e-flore.store\/de\/produkt\/alk300-lk\/","title":{"rendered":"ALK300 LK"},"content":{"rendered":"<p><img decoding=\"async\" class=\"alignnone size-full wp-image-2112\" style=\"width: 100%; height: auto; display: block;\" src=\"\/wp-content\/uploads\/2026\/01\/ALK300-LK-PARENT_desc.jpg\" alt=\"ALK300 LK-PARENT\" width=\"100%\" srcset=\"https:\/\/e-flore.store\/wp-content\/uploads\/2026\/01\/ALK300-LK-PARENT_desc.jpg 653w, https:\/\/e-flore.store\/wp-content\/uploads\/2026\/01\/ALK300-LK-PARENT_desc-600x450.jpg 600w, https:\/\/e-flore.store\/wp-content\/uploads\/2026\/01\/ALK300-LK-PARENT_desc-300x225.jpg 300w\" sizes=\"(max-width: 653px) 100vw, 653px\" \/><\/p>\n<div id=\"eflore-spacer-v55\" style=\"height: 0px; clear: both; width: 100%; display: block;\"><\/div>\n<p style=\"margin-bottom: 10px; margin-top: 30px;\"><strong>ALU-BACKBLECHREINIGER. ALKALISCHER ULTRASCHALLREINIGER<\/strong><\/p>\n<p style=\"margin-bottom: 10px; margin-top: 30px;\">\n<p style=\"margin-bottom: 8px; margin-top: 0px; line-height: 1.6;\">\n<p style=\"margin-bottom: 10px; margin-top: 30px;\"><strong>Produkt beschreibung:<\/strong><\/p>\n<p style=\"margin-bottom: 8px; margin-top: 0px; line-height: 1.6;\">&#8222;ALK300 LK&#8220; ist ein Gemisch aus Basen, Tensiden, Elektrolyten, Sequestriermitteln, Inhibitoren, Stellmitteln und Wasser. Die eingesetzten Tenside sind &gt; 90 % biologisch abbaubar und entsprechen dem deutschen Waschmittelgesetz.<\/p>\n<p style=\"margin-bottom: 10px; margin-top: 30px;\"><strong>Anwendungstechnik:<\/strong><\/p>\n<p style=\"margin-bottom: 8px; margin-top: 0px; line-height: 1.6;\">&#8222;ALK300 LK&#8220;\u00a0ist speziell f\u00fcr die Reinigung von Aluminiumbackblechen in der Industrie im Einsatz. Der Reiniger l\u00f6st schonend Verkrustungen die beim Backvorgang entstehen.<\/p>\n<p style=\"margin-bottom: 10px; margin-top: 30px;\"><strong>Die optimalen Einsatzbedingungen sind folgende:<\/strong><\/p>\n<p style=\"margin-bottom: 8px; margin-top: 0px; line-height: 1.6;\">&#8211; Badtemperatur: 60 &#8211; 80 \u00b0C<\/p>\n<p style=\"margin-bottom: 8px; margin-top: 0px; line-height: 1.6;\">&#8211; Einsatzkonzentration: 10 %ig<\/p>\n<p style=\"margin-bottom: 8px; margin-top: 0px; line-height: 1.6;\">&#8211; Ultraschallunterst\u00fctzung<\/p>\n<p style=\"margin-bottom: 8px; margin-top: 0px; line-height: 1.6;\">&#8211; Verweilzeit je nach Verschmutzungsgrad und Schichtdicke: 1 &#8211; 2 Stunden.<\/p>\n<p style=\"margin-bottom: 8px; margin-top: 0px; line-height: 1.6;\">Nach dem Hauptreinigungsgang sind die gereinigten Teile mit klarem Wasser zu sp\u00fclen.<\/p>\n<p style=\"margin-bottom: 8px; margin-top: 0px; line-height: 1.6;\">Ist die Schicht der Backr\u00fcckst\u00e4nde zu dick, vorab \u00fcber eine B\u00fcrstanlage die Bleche vorreinigen. Dadurch wird der Verbrauch an Reinigungsmittel reduziert und die Reinigungszeit kann eingehalten werden.<\/p>\n<p style=\"margin-bottom: 8px; margin-top: 0px; line-height: 1.6;\">Aufgrund der Vielzahl von Aluminiumlegierungen, vorab eine Vertr\u00e4glichkeitspr\u00fcfung durchf\u00fchren!<\/p>\n<p style=\"margin-bottom: 8px; margin-top: 0px; line-height: 1.6;\">F\u00fcr die Konzentrationsbestimmung ist ein gesondertes Blatt erstellt worden.<\/p>\n<p style=\"margin-bottom: 10px; margin-top: 30px;\"><strong>pH &#8211; Wert ( 20 \u00b0C ):\u00a0<\/strong>ca. 12,5 (10 %ige L\u00f6sung)<\/p>\n","protected":false},"excerpt":{"rendered":"<p>ALU-BACKBLECHREINIGER. ALKALISCHER ULTRASCHALLREINIGER Produkt beschreibung: &#8222;ALK300 LK&#8220; ist ein Gemisch aus Basen, Tensiden, Elektrolyten, Sequestriermitteln, Inhibitoren, Stellmitteln und Wasser. Die eingesetzten Tenside sind &gt; 90 % biologisch abbaubar und entsprechen dem deutschen Waschmittelgesetz. Anwendungstechnik: &#8222;ALK300 LK&#8220;\u00a0ist speziell f\u00fcr die Reinigung von Aluminiumbackblechen in der Industrie im Einsatz. Der Reiniger l\u00f6st schonend Verkrustungen die beim Backvorgang&#8230;<\/p>\n","protected":false},"featured_media":6821,"template":"","meta":[],"product_brand":[337],"product_cat":[451,415,445],"product_tag":[],"class_list":{"0":"post-6402","1":"product","2":"type-product","3":"status-publish","4":"has-post-thumbnail","6":"product_brand-flore-chemie","7":"product_cat-grill-ofen-und-konvektomatenreiniger","8":"product_cat-chemie-spezial-produkte","9":"product_cat-gastronomie-und-lebensmittel","11":"first","12":"instock","13":"shipping-taxable","14":"purchasable","15":"product-type-variable","16":"has-default-attributes"},"_links":{"self":[{"href":"https:\/\/e-flore.store\/de\/wp-json\/wp\/v2\/product\/6402","targetHints":{"allow":["GET"]}}],"collection":[{"href":"https:\/\/e-flore.store\/de\/wp-json\/wp\/v2\/product"}],"about":[{"href":"https:\/\/e-flore.store\/de\/wp-json\/wp\/v2\/types\/product"}],"wp:featuredmedia":[{"embeddable":true,"href":"https:\/\/e-flore.store\/de\/wp-json\/wp\/v2\/media\/6821"}],"wp:attachment":[{"href":"https:\/\/e-flore.store\/de\/wp-json\/wp\/v2\/media?parent=6402"}],"wp:term":[{"taxonomy":"product_brand","embeddable":true,"href":"https:\/\/e-flore.store\/de\/wp-json\/wp\/v2\/product_brand?post=6402"},{"taxonomy":"product_cat","embeddable":true,"href":"https:\/\/e-flore.store\/de\/wp-json\/wp\/v2\/product_cat?post=6402"},{"taxonomy":"product_tag","embeddable":true,"href":"https:\/\/e-flore.store\/de\/wp-json\/wp\/v2\/product_tag?post=6402"}],"curies":[{"name":"wp","href":"https:\/\/api.w.org\/{rel}","templated":true}]}}