{"id":6414,"date":"2026-02-03T16:05:24","date_gmt":"2026-02-03T14:05:24","guid":{"rendered":"https:\/\/demo8.izveide.id.lv\/?post_type=product&#038;p=6414"},"modified":"2026-02-18T12:51:17","modified_gmt":"2026-02-18T10:51:17","slug":"clnw-90","status":"publish","type":"product","link":"https:\/\/e-flore.store\/de\/produkt\/clnw-90\/","title":{"rendered":"CLNW 90"},"content":{"rendered":"<p><img decoding=\"async\" class=\"alignnone size-full wp-image-2110\" style=\"width: 100%; height: auto; display: block;\" src=\"\/wp-content\/uploads\/2026\/01\/CLNW-90-PARENT_desc.jpg\" alt=\"CLNW 90-PARENT\" width=\"100%\" srcset=\"https:\/\/e-flore.store\/wp-content\/uploads\/2026\/01\/CLNW-90-PARENT_desc.jpg 1127w, https:\/\/e-flore.store\/wp-content\/uploads\/2026\/01\/CLNW-90-PARENT_desc-600x330.jpg 600w, https:\/\/e-flore.store\/wp-content\/uploads\/2026\/01\/CLNW-90-PARENT_desc-300x165.jpg 300w, https:\/\/e-flore.store\/wp-content\/uploads\/2026\/01\/CLNW-90-PARENT_desc-1024x562.jpg 1024w\" sizes=\"(max-width: 1127px) 100vw, 1127px\" \/><\/p>\n<div id=\"eflore-spacer-v55\" style=\"height: 0px; clear: both; width: 100%; display: block;\"><\/div>\n<p style=\"margin-bottom: 10px; margin-top: 30px;\"><strong>KLEB- UND DICHTSTOFFENTFERNER<\/strong><\/p>\n<p style=\"margin-bottom: 10px; margin-top: 30px;\">\n<p style=\"margin-bottom: 8px; margin-top: 0px; line-height: 1.6;\">\n<p style=\"margin-bottom: 10px; margin-top: 30px;\"><strong>&#8222;CLNW 90&#8220;<\/strong><\/p>\n<p style=\"margin-bottom: 8px; margin-top: 0px; line-height: 1.6;\">l\u00f6st und beseitigt schnell und m\u00fchelos Dichtungs- und ausgeh\u00e4rtete Klebstoffreste sowie Farben und Lacke. Ideal als Abbeizmittel. Verschmutzungen durch \u00d6l-, Harz-, Fett- und Teerr\u00fcckst\u00e4nde lassen sich leicht entfernen.\u00a0&#8222;CLNW 90&#8220;\u00a0ist anwendbar an Metall, Glas, Holz, Keramik, Stein u.v.m. Bei empfindlichen Oberfl\u00e4chen Vorversuche durchf\u00fchren.<\/p>\n<p style=\"margin-bottom: 10px; margin-top: 30px;\"><strong>Eigenschaften:<\/strong><\/p>\n<p style=\"margin-bottom: 8px; margin-top: 0px; line-height: 1.6;\">&#8211; schnelle Hilfe f\u00fcr viele Anwendungsgebiete<\/p>\n<p style=\"margin-bottom: 8px; margin-top: 0px; line-height: 1.6;\">&#8211; l\u00f6st m\u00fchelos Reste von Dichtungen, Fl\u00fcssigdichtungen, Klebstoffen, Klebeb\u00e4ndern und Aufklebern.<\/p>\n<p style=\"margin-bottom: 10px; margin-top: 30px;\"><strong>Vorsicht:<\/strong><\/p>\n<p style=\"margin-bottom: 8px; margin-top: 0px; line-height: 1.6;\">Verschiedene Thermoplaste, PVC und Beschichtungen k\u00f6nnen angegriffen werden. Es empfiehlt sich an verdeckter Stelle die Best\u00e4ndigkeit der Werkstoffe vor Anwendung zu \u00fcberpr\u00fcfen. Nur in gut gel\u00fcfteten R\u00e4umen verwenden.<\/p>\n<p style=\"margin-bottom: 10px; margin-top: 30px;\"><strong>Technische Daten:<\/strong><\/p>\n<p style=\"margin-bottom: 8px; margin-top: 0px; line-height: 1.6;\">Farbe: milchig \/ wei\u00df<\/p>\n<p style=\"margin-bottom: 8px; margin-top: 0px; line-height: 1.6;\">Geruch: nach L\u00f6semittel<\/p>\n<p style=\"margin-bottom: 8px; margin-top: 0px; line-height: 1.6;\">Lagertemperatur: +5 \u00b0C bis max. +25 \u00b0C<\/p>\n","protected":false},"excerpt":{"rendered":"<p>KLEB- UND DICHTSTOFFENTFERNER &#8222;CLNW 90&#8220; l\u00f6st und beseitigt schnell und m\u00fchelos Dichtungs- und ausgeh\u00e4rtete Klebstoffreste sowie Farben und Lacke. Ideal als Abbeizmittel. Verschmutzungen durch \u00d6l-, Harz-, Fett- und Teerr\u00fcckst\u00e4nde lassen sich leicht entfernen.\u00a0&#8222;CLNW 90&#8220;\u00a0ist anwendbar an Metall, Glas, Holz, Keramik, Stein u.v.m. Bei empfindlichen Oberfl\u00e4chen Vorversuche durchf\u00fchren. Eigenschaften: &#8211; schnelle Hilfe f\u00fcr viele Anwendungsgebiete &#8211;&#8230;<\/p>\n","protected":false},"featured_media":6853,"template":"","meta":[],"product_brand":[337],"product_cat":[415,469,460],"product_tag":[],"class_list":{"0":"post-6414","1":"product","2":"type-product","3":"status-publish","4":"has-post-thumbnail","6":"product_brand-flore-chemie","7":"product_cat-chemie-spezial-produkte","8":"product_cat-reinigung","9":"product_cat-technische-sprays","11":"first","12":"instock","13":"shipping-taxable","14":"purchasable","15":"product-type-variable","16":"has-default-attributes"},"_links":{"self":[{"href":"https:\/\/e-flore.store\/de\/wp-json\/wp\/v2\/product\/6414","targetHints":{"allow":["GET"]}}],"collection":[{"href":"https:\/\/e-flore.store\/de\/wp-json\/wp\/v2\/product"}],"about":[{"href":"https:\/\/e-flore.store\/de\/wp-json\/wp\/v2\/types\/product"}],"wp:featuredmedia":[{"embeddable":true,"href":"https:\/\/e-flore.store\/de\/wp-json\/wp\/v2\/media\/6853"}],"wp:attachment":[{"href":"https:\/\/e-flore.store\/de\/wp-json\/wp\/v2\/media?parent=6414"}],"wp:term":[{"taxonomy":"product_brand","embeddable":true,"href":"https:\/\/e-flore.store\/de\/wp-json\/wp\/v2\/product_brand?post=6414"},{"taxonomy":"product_cat","embeddable":true,"href":"https:\/\/e-flore.store\/de\/wp-json\/wp\/v2\/product_cat?post=6414"},{"taxonomy":"product_tag","embeddable":true,"href":"https:\/\/e-flore.store\/de\/wp-json\/wp\/v2\/product_tag?post=6414"}],"curies":[{"name":"wp","href":"https:\/\/api.w.org\/{rel}","templated":true}]}}