{"id":6418,"date":"2026-02-03T16:05:25","date_gmt":"2026-02-03T14:05:25","guid":{"rendered":"https:\/\/demo8.izveide.id.lv\/?post_type=product&#038;p=6418"},"modified":"2026-02-18T12:51:39","modified_gmt":"2026-02-18T10:51:39","slug":"clnw-3100","status":"publish","type":"product","link":"https:\/\/e-flore.store\/de\/produkt\/clnw-3100\/","title":{"rendered":"CLNW 3100"},"content":{"rendered":"<p><img decoding=\"async\" class=\"alignnone size-full wp-image-2109\" src=\"\/wp-content\/uploads\/2026\/01\/CLNW-3100-PARENT_desc.jpg\" alt=\"CLNW 3100-PARENT\" width=\"100%\" style=\"width: 100%; height: auto; display: block;\" srcset=\"https:\/\/e-flore.store\/wp-content\/uploads\/2026\/01\/CLNW-3100-PARENT_desc.jpg 1024w, https:\/\/e-flore.store\/wp-content\/uploads\/2026\/01\/CLNW-3100-PARENT_desc-600x400.jpg 600w, https:\/\/e-flore.store\/wp-content\/uploads\/2026\/01\/CLNW-3100-PARENT_desc-300x200.jpg 300w\" sizes=\"(max-width: 1024px) 100vw, 1024px\" \/><\/p>\n<div id=\"eflore-spacer-v55\" style=\"height: 0px; clear: both; width: 100%; display: block;\"><\/div>\n<p style=\"margin-bottom: 10px; margin-top: 30px;\"><strong>DRUCKLUFTSPRAY<\/strong><\/p>\n<p style=\"margin-bottom: 10px; margin-top: 30px;\"><strong><\/p>\n<p style=\"margin-bottom: 8px; margin-top: 0px; line-height: 1.6;\"><\/strong><\/p>\n<p style=\"margin-bottom: 10px; margin-top: 30px;\"><strong>&#8222;CLNW 3100&#8220;<\/strong><\/p>\n<p style=\"margin-bottom: 8px; margin-top: 0px; line-height: 1.6;\">entfernt m\u00fchelos Staub und losen Schmutz, auch an schwer zug\u00e4nglichen Stellen. Empfindliche Oberfl\u00e4chen k\u00f6nnen ber\u00fchrungsfrei gereinigt werden.<strong> <\/strong><\/p>\n<p style=\"margin-bottom: 10px; margin-top: 30px;\"><strong>Eigenschaften:<\/strong><\/p>\n<p style=\"margin-bottom: 8px; margin-top: 0px; line-height: 1.6;\">&#8211; in der Optik (z. B. Kameras, Objektive, Linsen)<\/p>\n<p style=\"margin-bottom: 8px; margin-top: 0px; line-height: 1.6;\">&#8211; an Uhrwerken (Quarzuhren)<\/p>\n<p style=\"margin-bottom: 8px; margin-top: 0px; line-height: 1.6;\">&#8211; im Modellbau<\/p>\n<p style=\"margin-bottom: 8px; margin-top: 0px; line-height: 1.6;\">&#8211; in der Messtechnik<\/p>\n<p style=\"margin-bottom: 8px; margin-top: 0px; line-height: 1.6;\">&#8211; an Elektronikbauteilen (spannungsfrei)<\/p>\n<p style=\"margin-bottom: 8px; margin-top: 0px; line-height: 1.6;\">&#8211; an Leiterplatten (spannungsfrei).<\/p>\n<p style=\"margin-bottom: 8px; margin-top: 0px; line-height: 1.6;\">Achtung! Hochentz\u00fcndlich! Dose immer senkrecht halten, nicht um 180 \u00b0 drehen, bei Neigung der Dose kann Fl\u00fcssigkeit austreten.<\/p>\n<p style=\"margin-bottom: 10px; margin-top: 30px;\"><strong>Technische Daten:<\/strong><\/p>\n<p style=\"margin-bottom: 8px; margin-top: 0px; line-height: 1.6;\">Farbe: &#8212;<\/p>\n<p style=\"margin-bottom: 8px; margin-top: 0px; line-height: 1.6;\">Geruch: geruchlos<\/p>\n<p style=\"margin-bottom: 8px; margin-top: 0px; line-height: 1.6;\">Lagertemperatur: +5 \u00b0C bis max. +25 \u00b0C<\/p>\n","protected":false},"excerpt":{"rendered":"<p>DRUCKLUFTSPRAY &#8222;CLNW 3100&#8220; entfernt m\u00fchelos Staub und losen Schmutz, auch an schwer zug\u00e4nglichen Stellen. Empfindliche Oberfl\u00e4chen k\u00f6nnen ber\u00fchrungsfrei gereinigt werden. Eigenschaften: &#8211; in der Optik (z. B. Kameras, Objektive, Linsen) &#8211; an Uhrwerken (Quarzuhren) &#8211; im Modellbau &#8211; in der Messtechnik &#8211; an Elektronikbauteilen (spannungsfrei) &#8211; an Leiterplatten (spannungsfrei). Achtung! Hochentz\u00fcndlich! Dose immer senkrecht halten,&#8230;<\/p>\n","protected":false},"featured_media":6849,"template":"","meta":[],"product_brand":[337],"product_cat":[415,469,460],"product_tag":[],"class_list":{"0":"post-6418","1":"product","2":"type-product","3":"status-publish","4":"has-post-thumbnail","6":"product_brand-flore-chemie","7":"product_cat-chemie-spezial-produkte","8":"product_cat-reinigung","9":"product_cat-technische-sprays","11":"first","12":"instock","13":"shipping-taxable","14":"purchasable","15":"product-type-variable","16":"has-default-attributes"},"_links":{"self":[{"href":"https:\/\/e-flore.store\/de\/wp-json\/wp\/v2\/product\/6418","targetHints":{"allow":["GET"]}}],"collection":[{"href":"https:\/\/e-flore.store\/de\/wp-json\/wp\/v2\/product"}],"about":[{"href":"https:\/\/e-flore.store\/de\/wp-json\/wp\/v2\/types\/product"}],"wp:featuredmedia":[{"embeddable":true,"href":"https:\/\/e-flore.store\/de\/wp-json\/wp\/v2\/media\/6849"}],"wp:attachment":[{"href":"https:\/\/e-flore.store\/de\/wp-json\/wp\/v2\/media?parent=6418"}],"wp:term":[{"taxonomy":"product_brand","embeddable":true,"href":"https:\/\/e-flore.store\/de\/wp-json\/wp\/v2\/product_brand?post=6418"},{"taxonomy":"product_cat","embeddable":true,"href":"https:\/\/e-flore.store\/de\/wp-json\/wp\/v2\/product_cat?post=6418"},{"taxonomy":"product_tag","embeddable":true,"href":"https:\/\/e-flore.store\/de\/wp-json\/wp\/v2\/product_tag?post=6418"}],"curies":[{"name":"wp","href":"https:\/\/api.w.org\/{rel}","templated":true}]}}