{"id":6422,"date":"2026-02-03T16:05:25","date_gmt":"2026-02-03T14:05:25","guid":{"rendered":"https:\/\/demo8.izveide.id.lv\/?post_type=product&#038;p=6422"},"modified":"2026-02-18T12:52:40","modified_gmt":"2026-02-18T10:52:40","slug":"clnw-75","status":"publish","type":"product","link":"https:\/\/e-flore.store\/de\/produkt\/clnw-75\/","title":{"rendered":"CLNW 75"},"content":{"rendered":"<p><img decoding=\"async\" class=\"alignnone size-full wp-image-2108\" style=\"width: 100%; height: auto; display: block;\" src=\"\/wp-content\/uploads\/2026\/01\/CLNW-75-PARENT_desc.jpg\" alt=\"CLNW 75-PARENT\" width=\"100%\" srcset=\"https:\/\/e-flore.store\/wp-content\/uploads\/2026\/01\/CLNW-75-PARENT_desc.jpg 1000w, https:\/\/e-flore.store\/wp-content\/uploads\/2026\/01\/CLNW-75-PARENT_desc-600x296.jpg 600w, https:\/\/e-flore.store\/wp-content\/uploads\/2026\/01\/CLNW-75-PARENT_desc-300x148.jpg 300w\" sizes=\"(max-width: 1000px) 100vw, 1000px\" \/><\/p>\n<div id=\"eflore-spacer-v55\" style=\"height: 0px; clear: both; width: 100%; display: block;\"><\/div>\n<p style=\"margin-bottom: 10px; margin-top: 30px;\"><strong>COOKPIT SPRAY<\/strong><\/p>\n<p style=\"margin-bottom: 10px; margin-top: 30px;\">\n<p style=\"margin-bottom: 8px; margin-top: 0px; line-height: 1.6;\">\n<p style=\"margin-bottom: 10px; margin-top: 30px;\"><strong>&#8222;CLNW 75&#8220;<\/strong><\/p>\n<p style=\"margin-bottom: 8px; margin-top: 0px; line-height: 1.6;\">pflegt alle Kunststoffteile im Fahrzeug, schafft eine seidig gl\u00e4nzende Oberfl\u00e4che und hinterl\u00e4sst einen angenehmen Duft.<\/p>\n<p style=\"margin-bottom: 10px; margin-top: 30px;\"><strong>Eigenschaften:<\/strong><\/p>\n<p style=\"margin-bottom: 8px; margin-top: 0px; line-height: 1.6;\">&#8211; spezielle Wirkstoffe machen den Kunststoff langlebiger<\/p>\n<p style=\"margin-bottom: 8px; margin-top: 0px; line-height: 1.6;\">&#8211; sch\u00fctzt vor Verschmutzung, statischer Aufladung und Feuchtigkeit<\/p>\n<p style=\"margin-bottom: 8px; margin-top: 0px; line-height: 1.6;\">&#8211; frischt die Farben auf<\/p>\n<p style=\"margin-bottom: 8px; margin-top: 0px; line-height: 1.6;\">&#8211; gibt den behandelten Teilen ein neuwertiges Aussehen und bietet Schutz vor UV-Strahlen<\/p>\n<p style=\"margin-bottom: 8px; margin-top: 0px; line-height: 1.6;\">&#8211; verbreitet einen angenehmen Duft im Fahrzeuginneren<\/p>\n<p style=\"margin-bottom: 8px; margin-top: 0px; line-height: 1.6;\">&#8211; weist Staub ab.<\/p>\n<p style=\"margin-bottom: 10px; margin-top: 30px;\"><strong>Anwendung:<\/strong><\/p>\n<p style=\"margin-bottom: 8px; margin-top: 0px; line-height: 1.6;\">Die zu behandelnden Teile sparsam einspr\u00fchen und sofort mit einem weichen Tuch und ohne Druck verreiben; ergibt einen dauerhaften, pflegeleichten und staubabweisenden Mattglanz.<\/p>\n<p style=\"margin-bottom: 8px; margin-top: 0px; line-height: 1.6;\">Achtung! Lenkrad, Pedale, Sitze und Lehnen nicht behandeln!<\/p>\n<p style=\"margin-bottom: 10px; margin-top: 30px;\"><strong>Technische Daten:<\/strong><\/p>\n<p style=\"margin-bottom: 8px; margin-top: 0px; line-height: 1.6;\">Geruch: fruchtig frisch<\/p>\n<p style=\"margin-bottom: 8px; margin-top: 0px; line-height: 1.6;\">Glanz: seidenmatt<\/p>\n<p style=\"margin-bottom: 8px; margin-top: 0px; line-height: 1.6;\">Lagertemperatur: +5 \u00b0C bis max. +25 \u00b0C<\/p>\n","protected":false},"excerpt":{"rendered":"<p>COOKPIT SPRAY &#8222;CLNW 75&#8220; pflegt alle Kunststoffteile im Fahrzeug, schafft eine seidig gl\u00e4nzende Oberfl\u00e4che und hinterl\u00e4sst einen angenehmen Duft. Eigenschaften: &#8211; spezielle Wirkstoffe machen den Kunststoff langlebiger &#8211; sch\u00fctzt vor Verschmutzung, statischer Aufladung und Feuchtigkeit &#8211; frischt die Farben auf &#8211; gibt den behandelten Teilen ein neuwertiges Aussehen und bietet Schutz vor UV-Strahlen &#8211; verbreitet&#8230;<\/p>\n","protected":false},"featured_media":6851,"template":"","meta":[],"product_brand":[337],"product_cat":[415,469,460],"product_tag":[],"class_list":{"0":"post-6422","1":"product","2":"type-product","3":"status-publish","4":"has-post-thumbnail","6":"product_brand-flore-chemie","7":"product_cat-chemie-spezial-produkte","8":"product_cat-reinigung","9":"product_cat-technische-sprays","11":"first","12":"instock","13":"shipping-taxable","14":"purchasable","15":"product-type-variable","16":"has-default-attributes"},"_links":{"self":[{"href":"https:\/\/e-flore.store\/de\/wp-json\/wp\/v2\/product\/6422","targetHints":{"allow":["GET"]}}],"collection":[{"href":"https:\/\/e-flore.store\/de\/wp-json\/wp\/v2\/product"}],"about":[{"href":"https:\/\/e-flore.store\/de\/wp-json\/wp\/v2\/types\/product"}],"wp:featuredmedia":[{"embeddable":true,"href":"https:\/\/e-flore.store\/de\/wp-json\/wp\/v2\/media\/6851"}],"wp:attachment":[{"href":"https:\/\/e-flore.store\/de\/wp-json\/wp\/v2\/media?parent=6422"}],"wp:term":[{"taxonomy":"product_brand","embeddable":true,"href":"https:\/\/e-flore.store\/de\/wp-json\/wp\/v2\/product_brand?post=6422"},{"taxonomy":"product_cat","embeddable":true,"href":"https:\/\/e-flore.store\/de\/wp-json\/wp\/v2\/product_cat?post=6422"},{"taxonomy":"product_tag","embeddable":true,"href":"https:\/\/e-flore.store\/de\/wp-json\/wp\/v2\/product_tag?post=6422"}],"curies":[{"name":"wp","href":"https:\/\/api.w.org\/{rel}","templated":true}]}}