{"id":6446,"date":"2026-02-03T16:05:28","date_gmt":"2026-02-03T14:05:28","guid":{"rendered":"https:\/\/demo8.izveide.id.lv\/?post_type=product&#038;p=6446"},"modified":"2026-02-19T12:17:25","modified_gmt":"2026-02-19T10:17:25","slug":"frbw-84","status":"publish","type":"product","link":"https:\/\/e-flore.store\/de\/produkt\/frbw-84\/","title":{"rendered":"FRBW 84"},"content":{"rendered":"<p><img decoding=\"async\" class=\"alignnone size-full wp-image-2103\" src=\"\/wp-content\/uploads\/2026\/01\/FRBW-84-PARENT_desc-scaled.jpg\" alt=\"FRBW 84-PARENT\" width=\"100%\" \/ style=\"width: 100%; height: auto; display: block;\" srcset=\"https:\/\/e-flore.store\/wp-content\/uploads\/2026\/01\/FRBW-84-PARENT_desc-scaled.jpg 2560w, https:\/\/e-flore.store\/wp-content\/uploads\/2026\/01\/FRBW-84-PARENT_desc-scaled-600x450.jpg 600w, https:\/\/e-flore.store\/wp-content\/uploads\/2026\/01\/FRBW-84-PARENT_desc-scaled-300x225.jpg 300w, https:\/\/e-flore.store\/wp-content\/uploads\/2026\/01\/FRBW-84-PARENT_desc-scaled-1024x768.jpg 1024w\" sizes=\"(max-width: 2560px) 100vw, 2560px\" \/><\/p>\n<p>&nbsp;<\/p>\n<p><b>KUPFERSPRAY<\/b><\/p>\n<p style=\"text-align: justify;\"><b>&#8222;FRBW 84&#8220;<\/b><\/p>\n<p style=\"text-align: justify;\">ist die ideale kupferfarbene Beschichtung. Es dient zur Ausbesserung besch\u00e4digter Oberfl\u00e4chen und zur optischen Veredelung und Angleichung von L\u00f6t- und Schadstellen an Blechen, Dachrinnen und Rohren aus Kupfer. Gute Haftung auf Metall, den meisten Kunststoffen, Glas und Holz.<b><br \/>\n<\/b><\/p>\n<p style=\"text-align: justify;\"><b>Eigenschaften:<\/b><\/p>\n<p style=\"text-align: justify;\">&#8211; 99 % reines Kupfer<\/p>\n<p style=\"text-align: justify;\">&#8211; fest austrocknend<\/p>\n<p style=\"text-align: justify;\">&#8211; witterungsbest\u00e4ndig<\/p>\n<p style=\"text-align: justify;\">&#8211; nat\u00fcrliche Oxidation.<\/p>\n<p style=\"text-align: justify;\"><b>Anwendung:<\/b><\/p>\n<p style=\"text-align: justify;\"><span style=\"letter-spacing: normal;\">&#8222;FRBW 84&#8220;<\/span> ist in allen Bereichen der Instandhaltung, Wartung und Reparatur einsetzbar. Durch einspr\u00fchen von Metall und PVC Fl\u00e4chen erzielt man eine nat\u00fcrlich oxydierende Kupferschicht.<\/p>\n<p style=\"text-align: justify;\"><b>Arbeitsvorbereitung:<\/b><\/p>\n<p style=\"text-align: justify;\">Untergrund gr\u00fcndlich reinigen und trocknen. Roststellen entfernen. Dose auf Raumtemperatur bringen (+15 \u00b0C bis +25 \u00b0C) und gut sch\u00fctteln. Wenn Kugel h\u00f6rbar anschl\u00e4gt, noch ca. 2 Min. weitersch\u00fctteln. Mit Abstand von 25 &#8211; 30 cm im Kreuzgang aufspr\u00fchen.<\/p>\n<p style=\"text-align: justify;\"><b>Technische Daten:<\/b><\/p>\n<p style=\"text-align: justify;\">Farbe: kupfer, metallisch gl\u00e4nzend<\/p>\n<p style=\"text-align: justify;\">Temperaturbest\u00e4ndigkeit: bis +490 \u00b0C<\/p>\n<p style=\"text-align: justify;\">Lagertemperatur: +5 \u00b0C bis max. +25 \u00b0C<\/p>\n","protected":false},"excerpt":{"rendered":"<p>&nbsp; KUPFERSPRAY &#8222;FRBW 84&#8220; ist die ideale kupferfarbene Beschichtung. Es dient zur Ausbesserung besch\u00e4digter Oberfl\u00e4chen und zur optischen Veredelung und Angleichung von L\u00f6t- und Schadstellen an Blechen, Dachrinnen und Rohren aus Kupfer. Gute Haftung auf Metall, den meisten Kunststoffen, Glas und Holz. Eigenschaften: &#8211; 99 % reines Kupfer &#8211; fest austrocknend &#8211; witterungsbest\u00e4ndig &#8211; nat\u00fcrliche&#8230;<\/p>\n","protected":false},"featured_media":6837,"template":"","meta":[],"product_brand":[337],"product_cat":[466,415,460],"product_tag":[],"class_list":{"0":"post-6446","1":"product","2":"type-product","3":"status-publish","4":"has-post-thumbnail","6":"product_brand-flore-chemie","7":"product_cat-wartung-u-instandhaltung-korrosionsschutz","8":"product_cat-chemie-spezial-produkte","9":"product_cat-technische-sprays","11":"first","12":"instock","13":"shipping-taxable","14":"purchasable","15":"product-type-variable","16":"has-default-attributes"},"_links":{"self":[{"href":"https:\/\/e-flore.store\/de\/wp-json\/wp\/v2\/product\/6446","targetHints":{"allow":["GET"]}}],"collection":[{"href":"https:\/\/e-flore.store\/de\/wp-json\/wp\/v2\/product"}],"about":[{"href":"https:\/\/e-flore.store\/de\/wp-json\/wp\/v2\/types\/product"}],"wp:featuredmedia":[{"embeddable":true,"href":"https:\/\/e-flore.store\/de\/wp-json\/wp\/v2\/media\/6837"}],"wp:attachment":[{"href":"https:\/\/e-flore.store\/de\/wp-json\/wp\/v2\/media?parent=6446"}],"wp:term":[{"taxonomy":"product_brand","embeddable":true,"href":"https:\/\/e-flore.store\/de\/wp-json\/wp\/v2\/product_brand?post=6446"},{"taxonomy":"product_cat","embeddable":true,"href":"https:\/\/e-flore.store\/de\/wp-json\/wp\/v2\/product_cat?post=6446"},{"taxonomy":"product_tag","embeddable":true,"href":"https:\/\/e-flore.store\/de\/wp-json\/wp\/v2\/product_tag?post=6446"}],"curies":[{"name":"wp","href":"https:\/\/api.w.org\/{rel}","templated":true}]}}