{"id":6454,"date":"2026-02-03T16:05:34","date_gmt":"2026-02-03T14:05:34","guid":{"rendered":"https:\/\/demo8.izveide.id.lv\/?post_type=product&#038;p=6454"},"modified":"2026-02-19T12:20:57","modified_gmt":"2026-02-19T10:20:57","slug":"frbw-66","status":"publish","type":"product","link":"https:\/\/e-flore.store\/de\/produkt\/frbw-66\/","title":{"rendered":"FRBW 66"},"content":{"rendered":"<p><img decoding=\"async\" class=\"alignnone size-full wp-image-2102\" src=\"\/wp-content\/uploads\/2026\/01\/FRBW-66-PARENT_desc.jpg\" alt=\"FRBW 66-PARENT\" width=\"100%\" \/ style=\"width: 100%; height: auto; display: block;\" srcset=\"https:\/\/e-flore.store\/wp-content\/uploads\/2026\/01\/FRBW-66-PARENT_desc.jpg 790w, https:\/\/e-flore.store\/wp-content\/uploads\/2026\/01\/FRBW-66-PARENT_desc-600x450.jpg 600w, https:\/\/e-flore.store\/wp-content\/uploads\/2026\/01\/FRBW-66-PARENT_desc-300x225.jpg 300w\" sizes=\"(max-width: 790px) 100vw, 790px\" \/><\/p>\n<p>&nbsp;<\/p>\n<p><b>GRUNDIERUNG, ROTBRAUN<\/b><\/p>\n<p style=\"text-align: justify;\"><b>&#8222;FRBW 66&#8220;<\/b><\/p>\n<p style=\"text-align: justify;\">ist eine elastische Einkomponenten-Grundierfarbe f\u00fcr besonders festhaftende \u00dcberlackierungen. F\u00fcr Eisen, Aluminium und Verzinkungen, Wellblech, Beton und Eternit. \u00dcberstreich- und \u00fcberspritzbar, extrem wetterfest, hitze-, seewasser-, \u00f6l- und benzinbest\u00e4ndig.<b><br \/>\n<\/b><\/p>\n<p style=\"text-align: justify;\"><b>Eigenschaften:<\/b><\/p>\n<p style=\"text-align: justify;\">&#8211; festhaftende \u00dcberlackierung<\/p>\n<p style=\"text-align: justify;\">&#8211; \u00fcberstreichbar- und \u00fcberspritzbar<\/p>\n<p style=\"text-align: justify;\">&#8211; extrem wetterfest<\/p>\n<p style=\"text-align: justify;\">&#8211; hitze-, seewasser-, \u00f6l- und benzinbest\u00e4ndig.<\/p>\n<p style=\"text-align: justify;\"><b>Anwendung:<\/b><\/p>\n<p style=\"text-align: justify;\">Alle Fl\u00e4chen m\u00fcssen trocken, frei von Verunreinigungen und Korrosionsprodukten sein. Dose auf Raumtemperatur bringen (+15 \u00b0C bis +25 \u00b0C) und gut sch\u00fctteln. Wenn Kugel h\u00f6rbar anschl\u00e4gt, noch ca. 3 Minuten weitersch\u00fctteln. Im Abstand von 15 &#8211; 20 cm in mehreren Kreuzg\u00e4ngen auftragen. \u00dcberlackierbar mit diversen Lacken und Farben &#8211; jeweils Eigenpr\u00fcfung erforderlich!<\/p>\n<p style=\"text-align: justify;\"><b> Technische Daten:<\/b><\/p>\n<p style=\"text-align: justify;\">Farbe: rotbraun<\/p>\n<p style=\"text-align: justify;\">Temperaturbest\u00e4ndigkeit: kurzfristig bis +140 \u00b0C<\/p>\n<p style=\"text-align: justify;\"><b>Trockenzeit bei 20 \u00b0C:<\/b><\/p>\n<p style=\"text-align: justify;\">Staubtrocken: ca. 20 Minuten<\/p>\n<p style=\"text-align: justify;\">Grifffest: ca. 30 Minuten<\/p>\n<p style=\"text-align: justify;\">\u00dcberlackierbar: ca. 3 \u2013 6 Stunden<\/p>\n<p style=\"text-align: justify;\">Durchgetrocknet: ca. 5 \u2013 8 Stunden<\/p>\n","protected":false},"excerpt":{"rendered":"<p>&nbsp; GRUNDIERUNG, ROTBRAUN &#8222;FRBW 66&#8220; ist eine elastische Einkomponenten-Grundierfarbe f\u00fcr besonders festhaftende \u00dcberlackierungen. F\u00fcr Eisen, Aluminium und Verzinkungen, Wellblech, Beton und Eternit. \u00dcberstreich- und \u00fcberspritzbar, extrem wetterfest, hitze-, seewasser-, \u00f6l- und benzinbest\u00e4ndig. Eigenschaften: &#8211; festhaftende \u00dcberlackierung &#8211; \u00fcberstreichbar- und \u00fcberspritzbar &#8211; extrem wetterfest &#8211; hitze-, seewasser-, \u00f6l- und benzinbest\u00e4ndig. Anwendung: Alle Fl\u00e4chen m\u00fcssen trocken, frei&#8230;<\/p>\n","protected":false},"featured_media":6835,"template":"","meta":[],"product_brand":[337],"product_cat":[466,415,460],"product_tag":[],"class_list":{"0":"post-6454","1":"product","2":"type-product","3":"status-publish","4":"has-post-thumbnail","6":"product_brand-flore-chemie","7":"product_cat-wartung-u-instandhaltung-korrosionsschutz","8":"product_cat-chemie-spezial-produkte","9":"product_cat-technische-sprays","11":"first","12":"instock","13":"shipping-taxable","14":"purchasable","15":"product-type-variable","16":"has-default-attributes"},"_links":{"self":[{"href":"https:\/\/e-flore.store\/de\/wp-json\/wp\/v2\/product\/6454","targetHints":{"allow":["GET"]}}],"collection":[{"href":"https:\/\/e-flore.store\/de\/wp-json\/wp\/v2\/product"}],"about":[{"href":"https:\/\/e-flore.store\/de\/wp-json\/wp\/v2\/types\/product"}],"wp:featuredmedia":[{"embeddable":true,"href":"https:\/\/e-flore.store\/de\/wp-json\/wp\/v2\/media\/6835"}],"wp:attachment":[{"href":"https:\/\/e-flore.store\/de\/wp-json\/wp\/v2\/media?parent=6454"}],"wp:term":[{"taxonomy":"product_brand","embeddable":true,"href":"https:\/\/e-flore.store\/de\/wp-json\/wp\/v2\/product_brand?post=6454"},{"taxonomy":"product_cat","embeddable":true,"href":"https:\/\/e-flore.store\/de\/wp-json\/wp\/v2\/product_cat?post=6454"},{"taxonomy":"product_tag","embeddable":true,"href":"https:\/\/e-flore.store\/de\/wp-json\/wp\/v2\/product_tag?post=6454"}],"curies":[{"name":"wp","href":"https:\/\/api.w.org\/{rel}","templated":true}]}}