{"id":6462,"date":"2026-02-03T16:05:35","date_gmt":"2026-02-03T14:05:35","guid":{"rendered":"https:\/\/demo8.izveide.id.lv\/?post_type=product&#038;p=6462"},"modified":"2026-02-19T12:30:40","modified_gmt":"2026-02-19T10:30:40","slug":"clnw-320","status":"publish","type":"product","link":"https:\/\/e-flore.store\/de\/produkt\/clnw-320\/","title":{"rendered":"CLNW 320"},"content":{"rendered":"<p><img decoding=\"async\" class=\"alignnone size-full wp-image-2101\" style=\"width: 100%; height: auto;\" src=\"\/wp-content\/uploads\/2026\/01\/CLNW-320-PARENT_desc.jpg\" alt=\"CLNW 320-PARENT\" width=\"100%\" srcset=\"https:\/\/e-flore.store\/wp-content\/uploads\/2026\/01\/CLNW-320-PARENT_desc.jpg 1616w, https:\/\/e-flore.store\/wp-content\/uploads\/2026\/01\/CLNW-320-PARENT_desc-600x250.jpg 600w, https:\/\/e-flore.store\/wp-content\/uploads\/2026\/01\/CLNW-320-PARENT_desc-300x125.jpg 300w, https:\/\/e-flore.store\/wp-content\/uploads\/2026\/01\/CLNW-320-PARENT_desc-1024x427.jpg 1024w\" sizes=\"(max-width: 1616px) 100vw, 1616px\" \/><\/p>\n<div id=\"eflore-spacer-v55\" style=\"height: 0px; clear: both; width: 100%; display: block;\"><\/div>\n<p style=\"margin-bottom: 10px; margin-top: 30px;\"><strong>SCHWEI\u00dfSCHUTZSPRAY<\/strong><\/p>\n<p style=\"margin-bottom: 10px; margin-top: 30px;\"><strong>&#8222;CLNW 320&#8220;<\/strong><\/p>\n<p style=\"margin-bottom: 8px; margin-top: 0px; line-height: 1.6;\">ist das ideale Trennmittel, es verhindert das Anhaften von Schwei\u00dfspritzern. Sch\u00fctzt D\u00fcsen und Werkst\u00fccke vor dem Festbrennen von Schwei\u00dfperlen. Beeinflusst nachtr\u00e4gliches Lackieren nicht.<\/p>\n<p style=\"margin-bottom: 10px; margin-top: 30px;\"><strong>Eigenschaften:<\/strong><\/p>\n<p style=\"margin-bottom: 8px; margin-top: 0px; line-height: 1.6;\">&#8211; verhindert das Anhaften und Festbrennen von Schwei\u00dfspritzern<\/p>\n<p style=\"margin-bottom: 8px; margin-top: 0px; line-height: 1.6;\">&#8211; sch\u00fctzt Schwei\u00dfd\u00fcsen<\/p>\n<p style=\"margin-bottom: 8px; margin-top: 0px; line-height: 1.6;\">&#8211; silikonfrei und LABS frei.<\/p>\n<p style=\"margin-bottom: 10px; margin-top: 30px;\"><strong>Anwendung:<\/strong><\/p>\n<p style=\"margin-bottom: 8px; margin-top: 0px; line-height: 1.6;\">&#8222;CLNW 320&#8220;\u00a0wird in allen Bereichen von Schwei\u00dfverfahren eingesetzt.<\/p>\n<p style=\"margin-bottom: 10px; margin-top: 30px;\"><strong>Arbeitsvorbereitung:<\/strong><\/p>\n<p style=\"margin-bottom: 8px; margin-top: 0px; line-height: 1.6;\">Ger\u00e4te, Gegenst\u00e4nde oder Fl\u00e4chen vor dem Aufspr\u00fchen von R\u00fcckst\u00e4nden s\u00e4ubern. D\u00fcnnes, gleichm\u00e4\u00dfiges Einspr\u00fchen ergibt einen hochwirksamen Schutzfilm.<\/p>\n<p style=\"margin-bottom: 10px; margin-top: 30px;\"><strong>Technische Daten:<\/strong><\/p>\n<p style=\"margin-bottom: 8px; margin-top: 0px; line-height: 1.6;\">Farbe: farblos<\/p>\n<p style=\"margin-bottom: 8px; margin-top: 0px; line-height: 1.6;\">Geruch: leicht nach L\u00f6semittel<\/p>\n<p style=\"margin-bottom: 8px; margin-top: 0px; line-height: 1.6;\">Lagertemperatur: +5 \u00b0C bis max. +25 \u00b0C<\/p>\n","protected":false},"excerpt":{"rendered":"<p>SCHWEI\u00dfSCHUTZSPRAY &#8222;CLNW 320&#8220; ist das ideale Trennmittel, es verhindert das Anhaften von Schwei\u00dfspritzern. Sch\u00fctzt D\u00fcsen und Werkst\u00fccke vor dem Festbrennen von Schwei\u00dfperlen. Beeinflusst nachtr\u00e4gliches Lackieren nicht. Eigenschaften: &#8211; verhindert das Anhaften und Festbrennen von Schwei\u00dfspritzern &#8211; sch\u00fctzt Schwei\u00dfd\u00fcsen &#8211; silikonfrei und LABS frei. Anwendung: &#8222;CLNW 320&#8220;\u00a0wird in allen Bereichen von Schwei\u00dfverfahren eingesetzt. Arbeitsvorbereitung: Ger\u00e4te, Gegenst\u00e4nde&#8230;<\/p>\n","protected":false},"featured_media":6829,"template":"","meta":[],"product_brand":[337],"product_cat":[466,415,460],"product_tag":[],"class_list":{"0":"post-6462","1":"product","2":"type-product","3":"status-publish","4":"has-post-thumbnail","6":"product_brand-flore-chemie","7":"product_cat-wartung-u-instandhaltung-korrosionsschutz","8":"product_cat-chemie-spezial-produkte","9":"product_cat-technische-sprays","11":"first","12":"instock","13":"shipping-taxable","14":"purchasable","15":"product-type-variable","16":"has-default-attributes"},"_links":{"self":[{"href":"https:\/\/e-flore.store\/de\/wp-json\/wp\/v2\/product\/6462","targetHints":{"allow":["GET"]}}],"collection":[{"href":"https:\/\/e-flore.store\/de\/wp-json\/wp\/v2\/product"}],"about":[{"href":"https:\/\/e-flore.store\/de\/wp-json\/wp\/v2\/types\/product"}],"wp:featuredmedia":[{"embeddable":true,"href":"https:\/\/e-flore.store\/de\/wp-json\/wp\/v2\/media\/6829"}],"wp:attachment":[{"href":"https:\/\/e-flore.store\/de\/wp-json\/wp\/v2\/media?parent=6462"}],"wp:term":[{"taxonomy":"product_brand","embeddable":true,"href":"https:\/\/e-flore.store\/de\/wp-json\/wp\/v2\/product_brand?post=6462"},{"taxonomy":"product_cat","embeddable":true,"href":"https:\/\/e-flore.store\/de\/wp-json\/wp\/v2\/product_cat?post=6462"},{"taxonomy":"product_tag","embeddable":true,"href":"https:\/\/e-flore.store\/de\/wp-json\/wp\/v2\/product_tag?post=6462"}],"curies":[{"name":"wp","href":"https:\/\/api.w.org\/{rel}","templated":true}]}}