{"id":6466,"date":"2026-02-03T16:05:36","date_gmt":"2026-02-03T14:05:36","guid":{"rendered":"https:\/\/demo8.izveide.id.lv\/?post_type=product&#038;p=6466"},"modified":"2026-02-19T12:33:11","modified_gmt":"2026-02-19T10:33:11","slug":"frbw-530","status":"publish","type":"product","link":"https:\/\/e-flore.store\/de\/produkt\/frbw-530\/","title":{"rendered":"FRBW 530"},"content":{"rendered":"<p><img decoding=\"async\" class=\"alignnone size-full wp-image-2099\" style=\"width: 100%; height: auto; display: block;\" src=\"\/wp-content\/uploads\/2026\/01\/FRBW-530-PARENT_desc.jpg\" alt=\"FRBW 530-PARENT\" width=\"100%\" srcset=\"https:\/\/e-flore.store\/wp-content\/uploads\/2026\/01\/FRBW-530-PARENT_desc.jpg 1899w, https:\/\/e-flore.store\/wp-content\/uploads\/2026\/01\/FRBW-530-PARENT_desc-600x215.jpg 600w, https:\/\/e-flore.store\/wp-content\/uploads\/2026\/01\/FRBW-530-PARENT_desc-300x108.jpg 300w, https:\/\/e-flore.store\/wp-content\/uploads\/2026\/01\/FRBW-530-PARENT_desc-1024x368.jpg 1024w\" sizes=\"(max-width: 1899px) 100vw, 1899px\" \/><\/p>\n<div id=\"eflore-spacer-v55\" style=\"height: 0px; clear: both; width: 100%; display: block;\"><\/div>\n<p style=\"margin-bottom: 10px; margin-top: 30px;\"><strong>ACRYLLACK RALLYE, SCHWARZ<\/strong><\/p>\n<p style=\"margin-bottom: 10px; margin-top: 30px;\"><strong>&#8222;FRBW 530&#8220;<\/strong><\/p>\n<p style=\"margin-bottom: 8px; margin-top: 0px; line-height: 1.6;\">ist ein schnell trocknender-, hochdeckender Speziallack mit ausgezeichneter Haftung f\u00fcr den Einsatz an Fahrzeug-, Maschinen-, Glas-, Holz- und Kunststoffteilen.<\/p>\n<p style=\"margin-bottom: 10px; margin-top: 30px;\"><strong>Eigenschaften:\u00a0<\/strong><\/p>\n<p style=\"margin-bottom: 8px; margin-top: 0px; line-height: 1.6;\">&#8211; schnell trocknend<\/p>\n<p style=\"margin-bottom: 8px; margin-top: 0px; line-height: 1.6;\">&#8211; stark haftend<\/p>\n<p style=\"margin-bottom: 8px; margin-top: 0px; line-height: 1.6;\">&#8211; witterungsbest\u00e4ndig<\/p>\n<p style=\"margin-bottom: 8px; margin-top: 0px; line-height: 1.6;\">&#8211; temperaturbest\u00e4ndig bis +300 \u00b0C<\/p>\n<p style=\"margin-bottom: 8px; margin-top: 0px; line-height: 1.6;\">&#8211; abrieb- und kratzfest.<\/p>\n<p style=\"margin-bottom: 10px; margin-top: 30px;\"><strong>Anwendung:<\/strong><\/p>\n<p style=\"margin-bottom: 8px; margin-top: 0px; line-height: 1.6;\">&#8222;FRBW 530&#8220;\u00a0dient zur Ausbesserung bzw. Versch\u00f6nerung von Maschinen und Armaturen. Ideal f\u00fcr Zierund Speziallackierungen an Fahrzeugen und Motorr\u00e4dern.<\/p>\n<p style=\"margin-bottom: 10px; margin-top: 30px;\"><strong>Arbeitsvorbereitung:<\/strong><\/p>\n<p style=\"margin-bottom: 8px; margin-top: 0px; line-height: 1.6;\">Untergrund muss sauber, trocken und fettfrei sein. Dose gut sch\u00fctteln, wenn Kugel h\u00f6rbar anschl\u00e4gt, noch ca. 2 Minuten weitersch\u00fctteln. Mit einem Abstand von 25 &#8211; 30 cm, im Kreuzgang, d\u00fcnn aufspr\u00fchen. Beste Verarbeitungstemperatur +15 \u00b0C bis +25 \u00b0C.<\/p>\n<p style=\"margin-bottom: 10px; margin-top: 30px;\"><strong>Technische Daten:<\/strong><\/p>\n<p style=\"margin-bottom: 8px; margin-top: 0px; line-height: 1.6;\">Farbe: schwarz<\/p>\n<p style=\"margin-bottom: 8px; margin-top: 0px; line-height: 1.6;\">Temperaturbest\u00e4ndigkeit: bis +300 \u00b0C<\/p>\n<p style=\"margin-bottom: 8px; margin-top: 0px; line-height: 1.6;\">Lagertemperatur: +5 \u00b0C bis max. +25 \u00b0C<\/p>\n","protected":false},"excerpt":{"rendered":"<p>ACRYLLACK RALLYE, SCHWARZ &#8222;FRBW 530&#8220; ist ein schnell trocknender-, hochdeckender Speziallack mit ausgezeichneter Haftung f\u00fcr den Einsatz an Fahrzeug-, Maschinen-, Glas-, Holz- und Kunststoffteilen. Eigenschaften:\u00a0 &#8211; schnell trocknend &#8211; stark haftend &#8211; witterungsbest\u00e4ndig &#8211; temperaturbest\u00e4ndig bis +300 \u00b0C &#8211; abrieb- und kratzfest. Anwendung: &#8222;FRBW 530&#8220;\u00a0dient zur Ausbesserung bzw. Versch\u00f6nerung von Maschinen und Armaturen. Ideal f\u00fcr&#8230;<\/p>\n","protected":false},"featured_media":6831,"template":"","meta":[],"product_brand":[337],"product_cat":[466,415,460],"product_tag":[],"class_list":{"0":"post-6466","1":"product","2":"type-product","3":"status-publish","4":"has-post-thumbnail","6":"product_brand-flore-chemie","7":"product_cat-wartung-u-instandhaltung-korrosionsschutz","8":"product_cat-chemie-spezial-produkte","9":"product_cat-technische-sprays","11":"first","12":"instock","13":"shipping-taxable","14":"purchasable","15":"product-type-variable","16":"has-default-attributes"},"_links":{"self":[{"href":"https:\/\/e-flore.store\/de\/wp-json\/wp\/v2\/product\/6466","targetHints":{"allow":["GET"]}}],"collection":[{"href":"https:\/\/e-flore.store\/de\/wp-json\/wp\/v2\/product"}],"about":[{"href":"https:\/\/e-flore.store\/de\/wp-json\/wp\/v2\/types\/product"}],"wp:featuredmedia":[{"embeddable":true,"href":"https:\/\/e-flore.store\/de\/wp-json\/wp\/v2\/media\/6831"}],"wp:attachment":[{"href":"https:\/\/e-flore.store\/de\/wp-json\/wp\/v2\/media?parent=6466"}],"wp:term":[{"taxonomy":"product_brand","embeddable":true,"href":"https:\/\/e-flore.store\/de\/wp-json\/wp\/v2\/product_brand?post=6466"},{"taxonomy":"product_cat","embeddable":true,"href":"https:\/\/e-flore.store\/de\/wp-json\/wp\/v2\/product_cat?post=6466"},{"taxonomy":"product_tag","embeddable":true,"href":"https:\/\/e-flore.store\/de\/wp-json\/wp\/v2\/product_tag?post=6466"}],"curies":[{"name":"wp","href":"https:\/\/api.w.org\/{rel}","templated":true}]}}