{"id":6470,"date":"2026-02-03T16:05:36","date_gmt":"2026-02-03T14:05:36","guid":{"rendered":"https:\/\/demo8.izveide.id.lv\/?post_type=product&#038;p=6470"},"modified":"2026-02-19T12:32:03","modified_gmt":"2026-02-19T10:32:03","slug":"neu041-lk","status":"publish","type":"product","link":"https:\/\/e-flore.store\/de\/produkt\/neu041-lk\/","title":{"rendered":"NEU041 LK"},"content":{"rendered":"<p><img decoding=\"async\" class=\"alignnone size-full wp-image-2098\" style=\"width: 100%; height: auto; display: block;\" src=\"\/wp-content\/uploads\/2026\/01\/NEU041-LK-PARENT_desc.jpg\" alt=\"NEU041 LK-PARENT\" width=\"100%\" srcset=\"https:\/\/e-flore.store\/wp-content\/uploads\/2026\/01\/NEU041-LK-PARENT_desc.jpg 1144w, https:\/\/e-flore.store\/wp-content\/uploads\/2026\/01\/NEU041-LK-PARENT_desc-600x335.jpg 600w, https:\/\/e-flore.store\/wp-content\/uploads\/2026\/01\/NEU041-LK-PARENT_desc-300x167.jpg 300w, https:\/\/e-flore.store\/wp-content\/uploads\/2026\/01\/NEU041-LK-PARENT_desc-1024x571.jpg 1024w\" sizes=\"(max-width: 1144px) 100vw, 1144px\" \/><\/p>\n<p><b>GEBRAUCHSFERTIGER GLASREINIGER OHNE SALMIAK<\/b><\/p>\n<p><b>Produkt beschreibung:<br \/>\n<\/b><\/p>\n<p style=\"text-align: justify;\">&#8222;NEU041 LK&#8220; enth\u00e4lt einen hohen Anteil an ISO- und Bioalkoholen in einer Abstimmung von geringen Mengen an Netz- und Verlaufsmitteln.<\/p>\n<p style=\"text-align: justify;\">Reinigt au\u00dferdem hervorragend Fliesen, Becken, Fensterrahmen und Kunststofffl\u00e4chen.<\/p>\n<p style=\"text-align: justify;\"><b>Verarbeitung:<\/b><\/p>\n<p style=\"text-align: justify;\">Die Verarbeitung ist \u00e4u\u00dferst einfach: <span style=\"letter-spacing: normal;\">&#8222;NEU041 LK&#8220;<\/span> wird pur oder 1:1 mit Wasser verd\u00fcnnt.<\/p>\n<p style=\"text-align: justify;\">Anschlie\u00dfend mit einem fusselfreien Tuch trockenreiben. Auch Rahmen und andere Teile k\u00f6nnen mit <span style=\"letter-spacing: normal;\">&#8222;NEU041 LK&#8220;<\/span> gr\u00fcndlich gereinigt werden.<\/p>\n<p style=\"text-align: justify;\"><b>Hinweise:<\/b><\/p>\n<p style=\"text-align: justify;\">Enth\u00e4lt Alkohole, anionische Tenside, Farb-, Hilfs- und Duftstoffe.<\/p>\n<p style=\"text-align: justify;\"><b>pH (konz.):<\/b> 7<\/p>\n","protected":false},"excerpt":{"rendered":"<p>GEBRAUCHSFERTIGER GLASREINIGER OHNE SALMIAK Produkt beschreibung: &#8222;NEU041 LK&#8220; enth\u00e4lt einen hohen Anteil an ISO- und Bioalkoholen in einer Abstimmung von geringen Mengen an Netz- und Verlaufsmitteln. Reinigt au\u00dferdem hervorragend Fliesen, Becken, Fensterrahmen und Kunststofffl\u00e4chen. Verarbeitung: Die Verarbeitung ist \u00e4u\u00dferst einfach: &#8222;NEU041 LK&#8220; wird pur oder 1:1 mit Wasser verd\u00fcnnt. Anschlie\u00dfend mit einem fusselfreien Tuch trockenreiben&#8230;.<\/p>\n","protected":false},"featured_media":6862,"template":"","meta":[],"product_brand":[337],"product_cat":[415,481,472],"product_tag":[],"class_list":{"0":"post-6470","1":"product","2":"type-product","3":"status-publish","4":"has-post-thumbnail","6":"product_brand-flore-chemie","7":"product_cat-chemie-spezial-produkte","8":"product_cat-glas-und-rahmenreiniger","9":"product_cat-gebaeudereinigung","11":"first","12":"instock","13":"shipping-taxable","14":"purchasable","15":"product-type-variable","16":"has-default-attributes"},"_links":{"self":[{"href":"https:\/\/e-flore.store\/de\/wp-json\/wp\/v2\/product\/6470","targetHints":{"allow":["GET"]}}],"collection":[{"href":"https:\/\/e-flore.store\/de\/wp-json\/wp\/v2\/product"}],"about":[{"href":"https:\/\/e-flore.store\/de\/wp-json\/wp\/v2\/types\/product"}],"wp:featuredmedia":[{"embeddable":true,"href":"https:\/\/e-flore.store\/de\/wp-json\/wp\/v2\/media\/6862"}],"wp:attachment":[{"href":"https:\/\/e-flore.store\/de\/wp-json\/wp\/v2\/media?parent=6470"}],"wp:term":[{"taxonomy":"product_brand","embeddable":true,"href":"https:\/\/e-flore.store\/de\/wp-json\/wp\/v2\/product_brand?post=6470"},{"taxonomy":"product_cat","embeddable":true,"href":"https:\/\/e-flore.store\/de\/wp-json\/wp\/v2\/product_cat?post=6470"},{"taxonomy":"product_tag","embeddable":true,"href":"https:\/\/e-flore.store\/de\/wp-json\/wp\/v2\/product_tag?post=6470"}],"curies":[{"name":"wp","href":"https:\/\/api.w.org\/{rel}","templated":true}]}}