{"id":6489,"date":"2026-02-03T16:05:39","date_gmt":"2026-02-03T14:05:39","guid":{"rendered":"https:\/\/demo8.izveide.id.lv\/?post_type=product&#038;p=6489"},"modified":"2026-02-18T11:18:42","modified_gmt":"2026-02-18T09:18:42","slug":"flor-plus-srp-super-spray-flor-plus-srp-super-fluessig","status":"publish","type":"product","link":"https:\/\/e-flore.store\/de\/produkt\/flor-plus-srp-super-spray-flor-plus-srp-super-fluessig\/","title":{"rendered":"Flor Plus SRP Super Spray \/ Flor Plus SRP Super fl\u00fcssig"},"content":{"rendered":"<p><img decoding=\"async\" class=\"alignnone size-full wp-image-2156\" style=\"width: 100%; height: auto; display: block;\" src=\"\/wp-content\/uploads\/2026\/01\/0022-PARENT_desc.jpg\" alt=\"0022-PARENT\" width=\"100%\" srcset=\"https:\/\/e-flore.store\/wp-content\/uploads\/2026\/01\/0022-PARENT_desc.jpg 957w, https:\/\/e-flore.store\/wp-content\/uploads\/2026\/01\/0022-PARENT_desc-600x450.jpg 600w, https:\/\/e-flore.store\/wp-content\/uploads\/2026\/01\/0022-PARENT_desc-300x225.jpg 300w\" sizes=\"(max-width: 957px) 100vw, 957px\" \/><\/p>\n<div id=\"eflore-spacer-v55\" style=\"height: 0px; clear: both; width: 100%; display: block;\"><\/div>\n<p style=\"margin-bottom: 10px; margin-top: 30px;\"><strong>HOCHLEISTUNGSROSTL\u00d6SER<\/strong><\/p>\n<p style=\"margin-bottom: 10px; margin-top: 30px;\"><strong>FLOR\u00ae PLUS SRP SUPER<\/strong><\/p>\n<p style=\"margin-bottom: 8px; margin-top: 0px; line-height: 1.6;\">l\u00f6st hartn\u00e4ckigen Rost durch h\u00f6chstes Penetrationsverm\u00f6gen; trennt Verbindungen, die bisher nur durch Erhitzen gel\u00f6st werden konnten; befreit u.a. von Bromidr\u00fcckst\u00e4nden und entfernt m\u00fchelos Staub, Fett, Schmutz sowie Oxidschichten. FLOR\u00ae PLUS SRP SUPER verdr\u00e4ngt Feuchtigkeit und vermindert weitere Korrosion; ist nicht toxisch, greift die Haut nicht an und ist aufgrund geringer Viskosit\u00e4t wirtschaftlich im Verbrauch. FLOR\u00ae PLUS SRP SUPER ist bei der Bundeswehr f\u00fcr die Wartung und Instandsetzung von Flugzeugtriebwerken zugelassen.<\/p>\n<p style=\"margin-bottom: 10px; margin-top: 30px;\"><strong>ANWENDUNGSBEREICHE<\/strong><\/p>\n<p style=\"margin-bottom: 8px; margin-top: 0px; line-height: 1.6;\">z.B. Zylinderkopfbolzen, Auspuffanlagen, korrodierte Batterieklemmen, verklemmte Schl\u00f6sser, Verschraubungen aller Art, Vergaserd\u00fcsen, elektrische Steckverbindungen.<\/p>\n<p style=\"margin-bottom: 10px; margin-top: 30px;\"><strong>VERARBEITUNGSHINWEISE<\/strong><\/p>\n<p style=\"margin-bottom: 8px; margin-top: 0px; line-height: 1.6;\">Mit Pinsel auftragen bzw. einspr\u00fchen, einige Minuten einwirken lassen. In besonders hartn\u00e4ckigen F\u00e4llen Vorgang in Abst\u00e4nden von 5-10 Minuten wiederholen.<\/p>\n<p style=\"margin-bottom: 10px; margin-top: 30px;\"><strong>WEITERER HINWEIS<\/strong><\/p>\n<p style=\"margin-bottom: 8px; margin-top: 0px; line-height: 1.6;\">Zum Erhalt der Produkteigenschaften FLOR\u00ae PLUS SRP SUPER frostfrei lagern.<\/p>\n<p style=\"margin-bottom: 10px; margin-top: 30px;\"><strong>TECHNISCHE DATEN<\/strong><\/p>\n<p style=\"margin-bottom: 8px; margin-top: 0px; line-height: 1.6;\"><strong>Form<\/strong>:\u00a0\u00a0\u00a0\u00a0\u00a0\u00a0\u00a0\u00a0\u00a0\u00a0\u00a0\u00a0\u00a0\u00a0\u00a0\u00a0\u00a0\u00a0\u00a0\u00a0\u00a0\u00a0\u00a0\u00a0\u00a0\u00a0 fl\u00fcssig\u00a0\u00a0\u00a0\u00a0\u00a0\u00a0\u00a0\u00a0\u00a0\u00a0\u00a0\u00a0\u00a0\u00a0\u00a0\u00a0\u00a0\u00a0\u00a0\u00a0\u00a0\u00a0\u00a0\u00a0\u00a0\u00a0\u00a0\u00a0\u00a0\u00a0\u00a0\u00a0\u00a0\u00a0\u00a0\u00a0\u00a0 Aerosol<\/p>\n<p style=\"margin-bottom: 8px; margin-top: 0px; line-height: 1.6;\"><strong>Dichte (20 \u00b0C)<\/strong>:\u00a0 \u00a0 \u00a0 \u00a0 \u00a0 \u00a0 \u00a0DIN 51757 0,81 g\/ml\u00a0\u00a0\u00a0\u00a0\u00a0\u00a0\u00a0\u00a0\u00a0\u00a0\u00a0\u00a0\u00a0\u00a0 0,87 g\/ml (Wirkstoff)<\/p>\n<p style=\"margin-bottom: 8px; margin-top: 0px; line-height: 1.6;\"><strong>Flammpunkt<\/strong>:\u00a0\u00a0\u00a0\u00a0\u00a0\u00a0\u00a0\u00a0\u00a0\u00a0\u00a0\u00a0\u00a0\u00a0 DIN 51755 61 \u00b0C\u00a0\u00a0\u00a0\u00a0\u00a0\u00a0\u00a0\u00a0\u00a0\u00a0\u00a0\u00a0\u00a0\u00a0\u00a0\u00a0\u00a0\u00a0\u00a0\u00a0\u00a0 nicht anwendbar<\/p>\n<p style=\"margin-bottom: 8px; margin-top: 0px; line-height: 1.6;\"><strong>Z\u00fcndtemperatur<\/strong>:\u00a0\u00a0\u00a0\u00a0\u00a0\u00a0\u00a0\u00a0 DIN 51794 230 \u00b0C\u00a0\u00a0\u00a0\u00a0\u00a0\u00a0\u00a0\u00a0\u00a0\u00a0\u00a0\u00a0\u00a0\u00a0\u00a0\u00a0\u00a0\u00a0\u00a0 nicht anwendbar<\/p>\n<p style=\"margin-bottom: 8px; margin-top: 0px; line-height: 1.6;\"><strong>Treibgas<\/strong>:\u00a0\u00a0\u00a0\u00a0\u00a0\u00a0\u00a0\u00a0\u00a0\u00a0\u00a0\u00a0\u00a0\u00a0\u00a0\u00a0\u00a0\u00a0\u00a0\u00a0\u00a0 nicht anwendbar\u00a0\u00a0\u00a0\u00a0\u00a0\u00a0\u00a0\u00a0\u00a0\u00a0\u00a0\u00a0\u00a0\u00a0\u00a0\u00a0\u00a0\u00a0\u00a0\u00a0\u00a0 Propan \/ Butan<\/p>\n<p style=\"margin-bottom: 8px; margin-top: 0px; line-height: 1.6;\"><strong>INHALTSSTOFFE<\/strong>: mineralische Selektivraffinate, Polyalkylen, Additivpackage, Korrosionsschutzadditive, Duftstoffe, Kohlenwasserstoffgemisch<\/p>\n","protected":false},"excerpt":{"rendered":"<p>HOCHLEISTUNGSROSTL\u00d6SER FLOR\u00ae PLUS SRP SUPER l\u00f6st hartn\u00e4ckigen Rost durch h\u00f6chstes Penetrationsverm\u00f6gen; trennt Verbindungen, die bisher nur durch Erhitzen gel\u00f6st werden konnten; befreit u.a. von Bromidr\u00fcckst\u00e4nden und entfernt m\u00fchelos Staub, Fett, Schmutz sowie Oxidschichten. FLOR\u00ae PLUS SRP SUPER verdr\u00e4ngt Feuchtigkeit und vermindert weitere Korrosion; ist nicht toxisch, greift die Haut nicht an und ist aufgrund geringer&#8230;<\/p>\n","protected":false},"featured_media":6490,"template":"","meta":[],"product_brand":[337],"product_cat":[354,378,390],"product_tag":[],"class_list":{"0":"post-6489","1":"product","2":"type-product","3":"status-publish","4":"has-post-thumbnail","6":"product_brand-flore-chemie","7":"product_cat-flore-chemie-produkte","8":"product_cat-industrie-technik-maschinenbau-elektroanlagen","9":"product_cat-schutz-und-pflege-fuer-technik-rostentferner-elektroreiniger","11":"first","12":"instock","13":"shipping-taxable","14":"purchasable","15":"product-type-variable","16":"has-default-attributes"},"_links":{"self":[{"href":"https:\/\/e-flore.store\/de\/wp-json\/wp\/v2\/product\/6489","targetHints":{"allow":["GET"]}}],"collection":[{"href":"https:\/\/e-flore.store\/de\/wp-json\/wp\/v2\/product"}],"about":[{"href":"https:\/\/e-flore.store\/de\/wp-json\/wp\/v2\/types\/product"}],"wp:featuredmedia":[{"embeddable":true,"href":"https:\/\/e-flore.store\/de\/wp-json\/wp\/v2\/media\/6490"}],"wp:attachment":[{"href":"https:\/\/e-flore.store\/de\/wp-json\/wp\/v2\/media?parent=6489"}],"wp:term":[{"taxonomy":"product_brand","embeddable":true,"href":"https:\/\/e-flore.store\/de\/wp-json\/wp\/v2\/product_brand?post=6489"},{"taxonomy":"product_cat","embeddable":true,"href":"https:\/\/e-flore.store\/de\/wp-json\/wp\/v2\/product_cat?post=6489"},{"taxonomy":"product_tag","embeddable":true,"href":"https:\/\/e-flore.store\/de\/wp-json\/wp\/v2\/product_tag?post=6489"}],"curies":[{"name":"wp","href":"https:\/\/api.w.org\/{rel}","templated":true}]}}