{"id":6524,"date":"2026-02-03T16:05:46","date_gmt":"2026-02-03T14:05:46","guid":{"rendered":"https:\/\/demo8.izveide.id.lv\/?post_type=product&#038;p=6524"},"modified":"2026-03-26T14:55:56","modified_gmt":"2026-03-26T12:55:56","slug":"grsw-600","status":"publish","type":"product","link":"https:\/\/e-flore.store\/de\/produkt\/grsw-600\/","title":{"rendered":"GRSW 600"},"content":{"rendered":"<p><img decoding=\"async\" style=\"width: 100%; height: auto; display: block;\" src=\"\/wp-content\/uploads\/2026\/02\/GRSW-600-1.jpeg\" \/><\/p>\n<p style=\"margin-bottom: 10px; margin-top: 30px;\"><strong>KERAMIKPASTEN-SPRAY<\/strong><\/p>\n<p style=\"margin-bottom: 8px; margin-top: 0px; line-height: 1.6;\"><strong>&#8222;GRSW 600&#8220;<\/strong><\/p>\n<p style=\"margin-bottom: 8px; margin-top: 0px; line-height: 1.6;\">ist ein hochwirksamer, wei\u00dfer metallfreier Schmierstoff, mit sehr guter Haftung. Sch\u00fctzt gegen \u201eFestfressen\u201c auch bei aggressiven Medien. Ideal bei Edel- und hochlegiertem Stahl. An Bolzenf\u00fchrungen, Rohrverbindungen, Schrauben, Flanschen uvm. Trennmittel f\u00fcr hoch temperaturbeanspruchte Materialverbindungen.\u00a0&#8222;GRSW 600&#8220;\u00a0ist ein spezielles Anti-Seize, welches auch dort eingesetzt werden kann, wo herk\u00f6mmliche Mittel aufgrund ihrer metallischen, dunklen Farbe oder aus Korrosionsgr\u00fcnden bzw. Gesundheitsgr\u00fcnden nicht eingesetzt werden d\u00fcrfen.<\/p>\n<p style=\"margin-bottom: 10px; margin-top: 30px;\"><strong>Eigenschaften<\/strong>:<\/p>\n<p style=\"margin-bottom: 8px; margin-top: 0px; line-height: 1.6;\">&#8211; spezial Langzeit Hochleistungs-Schmiermittel auf Keramikbasis mit High-Tech-Eigenschaften<\/p>\n<p style=\"margin-bottom: 8px; margin-top: 0px; line-height: 1.6;\">&#8211; sehr temperaturstabil von -20 \u00b0C bis + 1400 \u00b0C und \u00e4u\u00dferst druckbest\u00e4ndig bis 220 N\/mm\u00b2<\/p>\n<p style=\"margin-bottom: 8px; margin-top: 0px; line-height: 1.6;\">&#8211; ausgezeichnete Haft- und Schmiereigenschaften durch Schmier- und Trennmittel auf Basis besonderer Keramikgrundwerkstoffe<\/p>\n<p style=\"margin-bottom: 8px; margin-top: 0px; line-height: 1.6;\">&#8211; f\u00fcr hochbeanspruchte Lager und Gleitfl\u00e4chen<\/p>\n<p style=\"margin-bottom: 8px; margin-top: 0px; line-height: 1.6;\">&#8211; verhindert Festfressen und Kaltverschwei\u00dfen durch Reibung, Verschlei\u00df und Korrosion<\/p>\n<p style=\"margin-bottom: 8px; margin-top: 0px; line-height: 1.6;\">&#8211; dichtet Flansche, Flachdichtungen und Pumpengeh\u00e4use speziell im Nahrungsmittelbereich, da frei von Metallen und Graphit und somit ungiftig<\/p>\n<p style=\"margin-bottom: 8px; margin-top: 0px; line-height: 1.6;\">&#8211; sehr widerstandsf\u00e4hig gegen Gase, S\u00e4uren, Laugen und Salze<\/p>\n<p style=\"margin-bottom: 8px; margin-top: 0px; line-height: 1.6;\">&#8211; verhindert elektrochemische Korrosion<\/p>\n<p style=\"margin-bottom: 10px; margin-top: 30px;\"><strong>Anwendung<\/strong>:<\/p>\n<p style=\"margin-bottom: 8px; margin-top: 0px; line-height: 1.6;\">&#8222;GRSW 600&#8220;\u00a0beinhaltet synthetische Schmierstoffe und hochdruck und hochtemperaturbest\u00e4ndige Bestandteile, die dazu f\u00fchren, dass mit Hilfe dieses Produktes unter Druck stehende Metalle voneinander getrennt werden k\u00f6nnen, dass also die galvanische Wirkung unterbunden wird.<\/p>\n<p style=\"margin-bottom: 10px; margin-top: 30px;\"><strong>Technische Daten<\/strong>:<\/p>\n<p style=\"margin-bottom: 8px; margin-top: 0px; line-height: 1.6;\">Farbe: wei\u00df<\/p>\n<p style=\"margin-bottom: 8px; margin-top: 0px; line-height: 1.6;\">Reibwert gesamt: 0,13 m\u03bc<\/p>\n<p style=\"margin-bottom: 8px; margin-top: 0px; line-height: 1.6;\">Lagertemperatur: +5 \u00b0C bis max. +25 \u00b0C<\/p>\n<p style=\"margin-bottom: 10px; margin-top: 30px;\"><strong>Temperatureinsatzbereich<\/strong>:<\/p>\n<p style=\"margin-bottom: 8px; margin-top: 0px; line-height: 1.6;\">als Trennmittel: -20 \u00b0C bis +1400 \u00b0C<\/p>\n<p style=\"margin-bottom: 8px; margin-top: 0px; line-height: 1.6;\">als Schmiermittel: -20 \u00b0C bis +240 \u00b0C<\/p>\n<p style=\"margin-bottom: 10px; margin-top: 30px;\"><strong>Verpackung<\/strong>:<\/p>\n<p style=\"margin-bottom: 8px; margin-top: 0px; line-height: 1.6;\">&#8222;GRSW 600&#8220;\u00a0ist in 400 ml Aerosoldosen lieferbar. VPE = 12 St\u00fcck<\/p>\n<p style=\"margin-bottom: 8px; margin-top: 0px; line-height: 1.6;\">&#8222;GRSW 600&#8220;\u00a0ist in 1000 ml Weithalsflaschen lieferbar. VPE = 6 St\u00fcck<\/p>\n","protected":false},"excerpt":{"rendered":"<p>KERAMIKPASTEN-SPRAY &#8222;GRSW 600&#8220; ist ein hochwirksamer, wei\u00dfer metallfreier Schmierstoff, mit sehr guter Haftung. Sch\u00fctzt gegen \u201eFestfressen\u201c auch bei aggressiven Medien. Ideal bei Edel- und hochlegiertem Stahl. An Bolzenf\u00fchrungen, Rohrverbindungen, Schrauben, Flanschen uvm. Trennmittel f\u00fcr hoch temperaturbeanspruchte Materialverbindungen.\u00a0&#8222;GRSW 600&#8220;\u00a0ist ein spezielles Anti-Seize, welches auch dort eingesetzt werden kann, wo herk\u00f6mmliche Mittel aufgrund ihrer metallischen, dunklen Farbe&#8230;<\/p>\n","protected":false},"featured_media":6525,"template":"","meta":[],"product_brand":[319],"product_cat":[463,415,460],"product_tag":[],"class_list":{"0":"post-6524","1":"product","2":"type-product","3":"status-publish","4":"has-post-thumbnail","6":"product_brand-chemie-spezial","7":"product_cat-schmierstoffe","8":"product_cat-chemie-spezial-produkte","9":"product_cat-technische-sprays","11":"first","12":"instock","13":"shipping-taxable","14":"purchasable","15":"product-type-variable","16":"has-default-attributes"},"_links":{"self":[{"href":"https:\/\/e-flore.store\/de\/wp-json\/wp\/v2\/product\/6524","targetHints":{"allow":["GET"]}}],"collection":[{"href":"https:\/\/e-flore.store\/de\/wp-json\/wp\/v2\/product"}],"about":[{"href":"https:\/\/e-flore.store\/de\/wp-json\/wp\/v2\/types\/product"}],"wp:featuredmedia":[{"embeddable":true,"href":"https:\/\/e-flore.store\/de\/wp-json\/wp\/v2\/media\/6525"}],"wp:attachment":[{"href":"https:\/\/e-flore.store\/de\/wp-json\/wp\/v2\/media?parent=6524"}],"wp:term":[{"taxonomy":"product_brand","embeddable":true,"href":"https:\/\/e-flore.store\/de\/wp-json\/wp\/v2\/product_brand?post=6524"},{"taxonomy":"product_cat","embeddable":true,"href":"https:\/\/e-flore.store\/de\/wp-json\/wp\/v2\/product_cat?post=6524"},{"taxonomy":"product_tag","embeddable":true,"href":"https:\/\/e-flore.store\/de\/wp-json\/wp\/v2\/product_tag?post=6524"}],"curies":[{"name":"wp","href":"https:\/\/api.w.org\/{rel}","templated":true}]}}