{"id":6534,"date":"2026-02-03T16:05:47","date_gmt":"2026-02-03T14:05:47","guid":{"rendered":"https:\/\/demo8.izveide.id.lv\/?post_type=product&#038;p=6534"},"modified":"2026-03-26T14:55:52","modified_gmt":"2026-03-26T12:55:52","slug":"flamil-rlx-100","status":"publish","type":"product","link":"https:\/\/e-flore.store\/de\/produkt\/flamil-rlx-100\/","title":{"rendered":"Flamil RLX 100"},"content":{"rendered":"<p><img decoding=\"async\" style=\"width: 100%; height: auto; display: block;\" src=\"\/wp-content\/uploads\/2026\/01\/0585-PARENT_desc.jpg\" \/><\/p>\n<div id=\"eflore-spacer-v55\" style=\"height: 0px; clear: both; width: 100%; display: block;\"><\/div>\n<p style=\"margin-bottom: 10px; margin-top: 30px;\"><strong>STARK ALKALISCHER RAUCHHARZL\u00d6SER<\/strong><\/p>\n<p style=\"margin-bottom: 10px; margin-top: 30px;\"><strong>FLAMIL\u00ae RLX 100<\/strong><\/p>\n<p style=\"margin-bottom: 8px; margin-top: 0px; line-height: 1.6;\">Durch die speziell f\u00fcr Selbstreinigungsanlagen entwickelte Wirkstoffkombination wird auch bei hartn\u00e4ckigsten Rauchharzablagerungen ein Reinigungsgrad erzielt, der sonst nur durch manuelles Reinigen m\u00f6glich ist. Unangenehme Ger\u00fcche werden vermieden.<\/p>\n<p style=\"margin-bottom: 10px; margin-top: 30px;\"><strong>ANWENDUNGSBEREICHE<\/strong><\/p>\n<p style=\"margin-bottom: 8px; margin-top: 0px; line-height: 1.6;\">R\u00e4ucherkammern, Rauchharzanlagen, Stikken.<\/p>\n<p style=\"margin-bottom: 10px; margin-top: 30px;\"><strong>VERARBEITUNGSHINWEISE<\/strong><\/p>\n<p style=\"margin-bottom: 8px; margin-top: 0px; line-height: 1.6;\">F\u00fcllen der Dosieranlage mit FLAMIL\u00ae RLX 100. Verd\u00fcnnung je nach Verschmutzungsgrad.<\/p>\n<p style=\"margin-bottom: 10px; margin-top: 30px;\"><strong>WEITERER HINWEIS<\/strong><\/p>\n<p style=\"margin-bottom: 8px; margin-top: 0px; line-height: 1.6;\">Nicht geeignet zur Reinigung von Leicht- und Buntmetallen!<\/p>\n<p style=\"margin-bottom: 8px; margin-top: 0px; line-height: 1.6;\">Ab einer Anwendungskonzentration von 1:100 ist FLAMIL\u00ae RLX 100 nicht mehr kennzeichnungspflichtig!<\/p>\n<p style=\"margin-bottom: 10px; margin-top: 30px;\"><strong>TECHNISCHE DATEN<\/strong><\/p>\n<p style=\"margin-bottom: 8px; margin-top: 0px; line-height: 1.6;\"><strong>Form<\/strong>: fl\u00fcssig<\/p>\n<p style=\"margin-bottom: 8px; margin-top: 0px; line-height: 1.6;\"><strong>Dichte (20 \u00b0C)<\/strong>: 1,52 g\/ml<\/p>\n<p style=\"margin-bottom: 8px; margin-top: 0px; line-height: 1.6;\"><strong>pH- Wert (1 %ig)<\/strong>: &gt; 13<\/p>\n<p style=\"margin-bottom: 8px; margin-top: 0px; line-height: 1.6;\"><strong>INHALTSSTOFFE<\/strong>: Alkalien, Tenside, Hilfsstoffe<\/p>\n","protected":false},"excerpt":{"rendered":"<p>STARK ALKALISCHER RAUCHHARZL\u00d6SER FLAMIL\u00ae RLX 100 Durch die speziell f\u00fcr Selbstreinigungsanlagen entwickelte Wirkstoffkombination wird auch bei hartn\u00e4ckigsten Rauchharzablagerungen ein Reinigungsgrad erzielt, der sonst nur durch manuelles Reinigen m\u00f6glich ist. Unangenehme Ger\u00fcche werden vermieden. ANWENDUNGSBEREICHE R\u00e4ucherkammern, Rauchharzanlagen, Stikken. VERARBEITUNGSHINWEISE F\u00fcllen der Dosieranlage mit FLAMIL\u00ae RLX 100. Verd\u00fcnnung je nach Verschmutzungsgrad. WEITERER HINWEIS Nicht geeignet zur Reinigung&#8230;<\/p>\n","protected":false},"featured_media":6535,"template":"","meta":[],"product_brand":[337],"product_cat":[354,357,375],"product_tag":[],"class_list":{"0":"post-6534","1":"product","2":"type-product","3":"status-publish","4":"has-post-thumbnail","6":"product_brand-flore-chemie","7":"product_cat-flore-chemie-produkte","8":"product_cat-hotel-und-gastronomiegewerbe","9":"product_cat-spezialprodukte-fuer-lebensmittelindustrie-kuechen-baeckereien-raeuchereien-tiefkuehlraeume-u-a","11":"first","12":"instock","13":"shipping-taxable","14":"purchasable","15":"product-type-variable","16":"has-default-attributes"},"_links":{"self":[{"href":"https:\/\/e-flore.store\/de\/wp-json\/wp\/v2\/product\/6534","targetHints":{"allow":["GET"]}}],"collection":[{"href":"https:\/\/e-flore.store\/de\/wp-json\/wp\/v2\/product"}],"about":[{"href":"https:\/\/e-flore.store\/de\/wp-json\/wp\/v2\/types\/product"}],"wp:featuredmedia":[{"embeddable":true,"href":"https:\/\/e-flore.store\/de\/wp-json\/wp\/v2\/media\/6535"}],"wp:attachment":[{"href":"https:\/\/e-flore.store\/de\/wp-json\/wp\/v2\/media?parent=6534"}],"wp:term":[{"taxonomy":"product_brand","embeddable":true,"href":"https:\/\/e-flore.store\/de\/wp-json\/wp\/v2\/product_brand?post=6534"},{"taxonomy":"product_cat","embeddable":true,"href":"https:\/\/e-flore.store\/de\/wp-json\/wp\/v2\/product_cat?post=6534"},{"taxonomy":"product_tag","embeddable":true,"href":"https:\/\/e-flore.store\/de\/wp-json\/wp\/v2\/product_tag?post=6534"}],"curies":[{"name":"wp","href":"https:\/\/api.w.org\/{rel}","templated":true}]}}